{"id":10075,"date":"2025-07-22T10:43:50","date_gmt":"2025-07-22T08:43:50","guid":{"rendered":"https:\/\/troczewski2.pl\/?page_id=10075"},"modified":"2025-09-10T10:45:35","modified_gmt":"2025-09-10T08:45:35","slug":"wykaz-podrecznikow-2025-2026","status":"publish","type":"page","link":"https:\/\/troczewski2.pl\/index.php\/wykaz-podrecznikow-2025-2026\/","title":{"rendered":"WYKAZ PODR\u0118CZNIK\u00d3W 2025\/2026"},"content":{"rendered":"\n<p>Pliki do pobrania:<\/p>\n\n\n\n<p><strong><a href=\"https:\/\/troczewski2.pl\/wp-content\/uploads\/2025\/09\/technik-zywienia-i-uslug-gastronomicznych.pdf\">TECHNIKUM ZAWODOWE &#8211; TECHNIK \u017bYWIENIA  I US\u0141UG GASTRONOMICZNYCH<\/a><\/strong><\/p>\n\n\n\n<p><strong><a href=\"https:\/\/troczewski2.pl\/wp-content\/uploads\/2025\/09\/technik-technologii-zywnosci.pdf\">TECHNIKUM ZAWODOWE &#8211; TECHNIK TECHNOLOGII \u017bYWNO\u015aCI<\/a><\/strong><\/p>\n\n\n\n<p><strong><a href=\"https:\/\/troczewski2.pl\/wp-content\/uploads\/2025\/09\/technik-logistyk.pdf\">TECHNIKUM ZAWODOWE &#8211; TECHNIK LOGISTYK<\/a><\/strong><\/p>\n\n\n\n<p><strong><a href=\"https:\/\/troczewski2.pl\/wp-content\/uploads\/2025\/09\/technik-hotelarstwa.pdf\">TECHNIK ZAWODOWE &#8211; TECHNIK HOTELARSTWA<\/a><\/strong><\/p>\n\n\n\n<p><strong><a href=\"https:\/\/troczewski2.pl\/wp-content\/uploads\/2025\/09\/technik-eksploatacji-portow-i-terminali.pdf\">TECHNIKUM ZAWODOWE &#8211; TECHNIK EKSPLOATACJI PORT\u00d3W I TERMINALI<\/a><\/strong><\/p>\n\n\n\n<p><\/p>\n\n\n\n<p><strong><a href=\"https:\/\/troczewski2.pl\/wp-content\/uploads\/2025\/09\/BS-magazynier-logistyk-podreczniki-2025-26-1.pdf\">BRAN\u017bOWA SZKO\u0141A I STOPNIA &#8211; MAGAZYNIER &#8211; LOGISTYK<\/a><\/strong><\/p>\n\n\n\n<p><strong><a href=\"https:\/\/troczewski2.pl\/wp-content\/uploads\/2025\/09\/BS-kucharz-podreczniki-2025-26-1.pdf\">BRAN\u017bOWA SZKO\u0141A I STOPNIA &#8211; KUCHARZ<\/a><\/strong><\/p>\n","protected":false},"excerpt":{"rendered":"<p>Pliki do pobrania: TECHNIKUM ZAWODOWE &#8211; TECHNIK \u017bYWIENIA I US\u0141UG GASTRONOMICZNYCH TECHNIKUM ZAWODOWE &#8211; TECHNIK TECHNOLOGII \u017bYWNO\u015aCI TECHNIKUM ZAWODOWE &#8211; TECHNIK LOGISTYK TECHNIK ZAWODOWE &#8211; TECHNIK HOTELARSTWA TECHNIKUM ZAWODOWE &#8211; TECHNIK EKSPLOATACJI PORT\u00d3W I TERMINALI BRAN\u017bOWA SZKO\u0141A I STOPNIA &#8211; MAGAZYNIER &#8211; LOGISTYK BRAN\u017bOWA SZKO\u0141A I STOPNIA &#8211; KUCHARZ<\/p>\n","protected":false},"author":1,"featured_media":0,"parent":0,"menu_order":0,"comment_status":"closed","ping_status":"closed","template":"","meta":[],"_links":{"self":[{"href":"https:\/\/troczewski2.pl\/index.php\/wp-json\/wp\/v2\/pages\/10075"}],"collection":[{"href":"https:\/\/troczewski2.pl\/index.php\/wp-json\/wp\/v2\/pages"}],"about":[{"href":"https:\/\/troczewski2.pl\/index.php\/wp-json\/wp\/v2\/types\/page"}],"author":[{"embeddable":true,"href":"https:\/\/troczewski2.pl\/index.php\/wp-json\/wp\/v2\/users\/1"}],"replies":[{"embeddable":true,"href":"https:\/\/troczewski2.pl\/index.php\/wp-json\/wp\/v2\/comments?post=10075"}],"version-history":[{"count":8,"href":"https:\/\/troczewski2.pl\/index.php\/wp-json\/wp\/v2\/pages\/10075\/revisions"}],"predecessor-version":[{"id":10188,"href":"https:\/\/troczewski2.pl\/index.php\/wp-json\/wp\/v2\/pages\/10075\/revisions\/10188"}],"wp:attachment":[{"href":"https:\/\/troczewski2.pl\/index.php\/wp-json\/wp\/v2\/media?parent=10075"}],"curies":[{"name":"wp","href":"https:\/\/api.w.org\/{rel}","templated":true}]}}