{"id":10368,"date":"2025-10-06T15:40:46","date_gmt":"2025-10-06T13:40:46","guid":{"rendered":"https:\/\/troczewski2.pl\/?page_id=10368"},"modified":"2025-11-25T21:41:58","modified_gmt":"2025-11-25T20:41:58","slug":"projekt-akredytowany-erasmus-2","status":"publish","type":"page","link":"https:\/\/troczewski2.pl\/index.php\/projekt-akredytowany-erasmus-2\/","title":{"rendered":"Projekt akredytowany Erasmus+ 2025"},"content":{"rendered":"\n<p><\/p>\n\n\n\n<p class=\"has-text-align-center\"><strong>Lista g\u0142\u00f3wna i rezerwowa kandydat\u00f3w zakwalifikowanych do akredytowanego projektu nr 2025-1-PL01-KA121-VET-000310249<br>realizowanego w ramach programu Erasmus+<\/strong><\/p>\n\n\n\n<div class=\"wp-block-file\"><object class=\"wp-block-file__embed\" data=\"https:\/\/troczewski2.pl\/wp-content\/uploads\/2025\/11\/lista-na-strone-2.pdf\" type=\"application\/pdf\" style=\"width:100%;height:600px\" aria-label=\"Osadzone z lista-na-strone-2.\"><\/object><a href=\"https:\/\/troczewski2.pl\/wp-content\/uploads\/2025\/11\/lista-na-strone-2.pdf\">lista-na-strone-2<\/a><a href=\"https:\/\/troczewski2.pl\/wp-content\/uploads\/2025\/11\/lista-na-strone-2.pdf\" class=\"wp-block-file__button\" download>Pobierz<\/a><\/div>\n\n\n\n<figure class=\"wp-block-image size-full\"><img width=\"690\" height=\"1024\" src=\"https:\/\/troczewski2.pl\/wp-content\/uploads\/2025\/10\/564612089_1263208365612042_8982886508354171884_n.jpg\" alt=\"\" class=\"wp-image-10561\" srcset=\"https:\/\/troczewski2.pl\/wp-content\/uploads\/2025\/10\/564612089_1263208365612042_8982886508354171884_n.jpg 690w, https:\/\/troczewski2.pl\/wp-content\/uploads\/2025\/10\/564612089_1263208365612042_8982886508354171884_n-202x300.jpg 202w\" sizes=\"(max-width: 690px) 100vw, 690px\" \/><\/figure>\n\n\n\n<div class=\"wp-block-file\"><object class=\"wp-block-file__embed\" data=\"https:\/\/troczewski2.pl\/wp-content\/uploads\/2025\/10\/ogloszenie-o-rekrutacji-UCZEN.pdf\" type=\"application\/pdf\" style=\"width:100%;height:600px\" aria-label=\"Osadzone z og\u0142oszenie o rekrutacji UCZE\u0143.\"><\/object><a href=\"https:\/\/troczewski2.pl\/wp-content\/uploads\/2025\/10\/ogloszenie-o-rekrutacji-UCZEN.pdf\">og\u0142oszenie o rekrutacji UCZE\u0143<\/a><a href=\"https:\/\/troczewski2.pl\/wp-content\/uploads\/2025\/10\/ogloszenie-o-rekrutacji-UCZEN.pdf\" class=\"wp-block-file__button\" download>Pobierz<\/a><\/div>\n\n\n\n<div class=\"wp-block-file\"><object class=\"wp-block-file__embed\" data=\"https:\/\/troczewski2.pl\/wp-content\/uploads\/2025\/10\/ogloszenie-o-rekrutacji-NAUCZYCIEL.pdf\" type=\"application\/pdf\" style=\"width:100%;height:600px\" aria-label=\"Osadzone z og\u0142oszenie o rekrutacji NAUCZYCIEL.\"><\/object><a href=\"https:\/\/troczewski2.pl\/wp-content\/uploads\/2025\/10\/ogloszenie-o-rekrutacji-NAUCZYCIEL.pdf\">og\u0142oszenie o rekrutacji NAUCZYCIEL<\/a><a href=\"https:\/\/troczewski2.pl\/wp-content\/uploads\/2025\/10\/ogloszenie-o-rekrutacji-NAUCZYCIEL.pdf\" class=\"wp-block-file__button\" download><\/a><\/div>\n\n\n\n<div class=\"wp-block-file\"><object class=\"wp-block-file__embed\" data=\"https:\/\/troczewski2.pl\/wp-content\/uploads\/2025\/10\/Regulamin-rekrutacji-uczestnikow-do-projektu-1.pdf\" type=\"application\/pdf\" style=\"width:100%;height:600px\" aria-label=\"Osadzone z Regulamin rekrutacji uczestnik\u00f3w do projektu-1.\"><\/object><a href=\"https:\/\/troczewski2.pl\/wp-content\/uploads\/2025\/10\/Regulamin-rekrutacji-uczestnikow-do-projektu-1.pdf\">Regulamin rekrutacji uczestnik\u00f3w do projektu-1<\/a><a href=\"https:\/\/troczewski2.pl\/wp-content\/uploads\/2025\/10\/Regulamin-rekrutacji-uczestnikow-do-projektu-1.pdf\" class=\"wp-block-file__button\" download>Pobierz<\/a><\/div>\n\n\n\n<figure class=\"wp-block-embed is-type-wp-embed is-provider-zespol-szkol-zawodowych-nr-2-im-dr-a-troczewskiego-w-kutnie wp-block-embed-zespol-szkol-zawodowych-nr-2-im-dr-a-troczewskiego-w-kutnie\"><div class=\"wp-block-embed__wrapper\">\n<div class=\"oceanwp-oembed-wrap clr\"><blockquote class=\"wp-embedded-content\" data-secret=\"ibRTbbhyQo\"><a href=\"https:\/\/troczewski2.pl\/index.php\/2025\/09\/03\/akredytowany-projekt-o-nr-2025-1-pl01-ka121-vet-000310249-dofinansowany-jest-ze-srodkow-unii-europejskiej\/\">Akredytowany projekt o nr 2025-1-PL01-KA121-VET-000310249 dofinansowany ze \u015brodk\u00f3w Unii Europejskiej<\/a><\/blockquote><iframe class=\"wp-embedded-content\" sandbox=\"allow-scripts\" security=\"restricted\" style=\"position: absolute; clip: rect(1px, 1px, 1px, 1px);\" title=\"&#8222;Akredytowany projekt o nr 2025-1-PL01-KA121-VET-000310249 dofinansowany ze \u015brodk\u00f3w Unii Europejskiej&#8221; &#8212; Zesp\u00f3\u0142 Szk\u00f3\u0142 Zawodowych Nr 2 im. dr. A. Troczewskiego w Kutnie.\" src=\"https:\/\/troczewski2.pl\/index.php\/2025\/09\/03\/akredytowany-projekt-o-nr-2025-1-pl01-ka121-vet-000310249-dofinansowany-jest-ze-srodkow-unii-europejskiej\/embed\/#?secret=ibRTbbhyQo\" data-secret=\"ibRTbbhyQo\" width=\"600\" height=\"338\" frameborder=\"0\" marginwidth=\"0\" marginheight=\"0\" scrolling=\"no\"><\/iframe><\/div>\n<\/div><\/figure>\n","protected":false},"excerpt":{"rendered":"<p>Lista g\u0142\u00f3wna i rezerwowa kandydat\u00f3w zakwalifikowanych do akredytowanego projektu nr 2025-1-PL01-KA121-VET-000310249realizowanego w ramach programu Erasmus+<\/p>\n","protected":false},"author":1,"featured_media":0,"parent":0,"menu_order":0,"comment_status":"closed","ping_status":"closed","template":"","meta":[],"_links":{"self":[{"href":"https:\/\/troczewski2.pl\/index.php\/wp-json\/wp\/v2\/pages\/10368"}],"collection":[{"href":"https:\/\/troczewski2.pl\/index.php\/wp-json\/wp\/v2\/pages"}],"about":[{"href":"https:\/\/troczewski2.pl\/index.php\/wp-json\/wp\/v2\/types\/page"}],"author":[{"embeddable":true,"href":"https:\/\/troczewski2.pl\/index.php\/wp-json\/wp\/v2\/users\/1"}],"replies":[{"embeddable":true,"href":"https:\/\/troczewski2.pl\/index.php\/wp-json\/wp\/v2\/comments?post=10368"}],"version-history":[{"count":7,"href":"https:\/\/troczewski2.pl\/index.php\/wp-json\/wp\/v2\/pages\/10368\/revisions"}],"predecessor-version":[{"id":11608,"href":"https:\/\/troczewski2.pl\/index.php\/wp-json\/wp\/v2\/pages\/10368\/revisions\/11608"}],"wp:attachment":[{"href":"https:\/\/troczewski2.pl\/index.php\/wp-json\/wp\/v2\/media?parent=10368"}],"curies":[{"name":"wp","href":"https:\/\/api.w.org\/{rel}","templated":true}]}}