{"id":1173,"date":"2021-04-12T08:01:00","date_gmt":"2021-04-12T06:01:00","guid":{"rendered":"https:\/\/troczewski2.pl\/?page_id=1173"},"modified":"2025-10-29T09:20:59","modified_gmt":"2025-10-29T08:20:59","slug":"historia-szkoly","status":"publish","type":"page","link":"https:\/\/troczewski2.pl\/index.php\/historia-szkoly\/","title":{"rendered":"Historia szko\u0142y"},"content":{"rendered":"\t\t<div data-elementor-type=\"wp-page\" data-elementor-id=\"1173\" class=\"elementor elementor-1173\" data-elementor-settings=\"[]\">\n\t\t\t\t\t\t\t<div class=\"elementor-section-wrap\">\n\t\t\t\t\t\t\t<section class=\"elementor-section elementor-top-section elementor-element elementor-element-4a4f1f6 elementor-section-boxed elementor-section-height-default elementor-section-height-default elementor-invisible\" data-id=\"4a4f1f6\" data-element_type=\"section\" data-settings=\"{&quot;animation&quot;:&quot;fadeInLeft&quot;}\">\n\t\t\t\t\t\t<div class=\"elementor-container elementor-column-gap-default\">\n\t\t\t\t\t<div class=\"elementor-column elementor-col-100 elementor-top-column elementor-element elementor-element-c163116\" data-id=\"c163116\" data-element_type=\"column\">\n\t\t\t<div class=\"elementor-widget-wrap elementor-element-populated\">\n\t\t\t\t\t\t\t\t<div class=\"elementor-element elementor-element-13112d3 elementor-widget elementor-widget-image\" data-id=\"13112d3\" data-element_type=\"widget\" data-widget_type=\"image.default\">\n\t\t\t\t<div class=\"elementor-widget-container\">\n\t\t\t\t\t\t\t\t\t\t\t\t\t\t\t<img width=\"800\" height=\"2000\" src=\"https:\/\/troczewski2.pl\/wp-content\/uploads\/2021\/04\/1.png\" class=\"attachment-full size-full\" alt=\"Historia szko\u0142y cz\u0119\u015b\u0107 1\" srcset=\"https:\/\/troczewski2.pl\/wp-content\/uploads\/2021\/04\/1.png 800w, https:\/\/troczewski2.pl\/wp-content\/uploads\/2021\/04\/1-120x300.png 120w, https:\/\/troczewski2.pl\/wp-content\/uploads\/2021\/04\/1-410x1024.png 410w, https:\/\/troczewski2.pl\/wp-content\/uploads\/2021\/04\/1-768x1920.png 768w, https:\/\/troczewski2.pl\/wp-content\/uploads\/2021\/04\/1-614x1536.png 614w\" sizes=\"(max-width: 800px) 100vw, 800px\" \/>\t\t\t\t\t\t\t\t\t\t\t\t\t\t\t<\/div>\n\t\t\t\t<\/div>\n\t\t\t\t\t<\/div>\n\t\t<\/div>\n\t\t\t\t\t\t\t<\/div>\n\t\t<\/section>\n\t\t\t\t<section class=\"elementor-section elementor-top-section elementor-element elementor-element-5dc5399 elementor-section-boxed elementor-section-height-default elementor-section-height-default elementor-invisible\" data-id=\"5dc5399\" data-element_type=\"section\" data-settings=\"{&quot;animation&quot;:&quot;fadeInLeft&quot;}\">\n\t\t\t\t\t\t<div class=\"elementor-container elementor-column-gap-default\">\n\t\t\t\t\t<div class=\"elementor-column elementor-col-100 elementor-top-column elementor-element elementor-element-621e128\" data-id=\"621e128\" data-element_type=\"column\">\n\t\t\t<div class=\"elementor-widget-wrap elementor-element-populated\">\n\t\t\t\t\t\t\t\t<div class=\"elementor-element elementor-element-a1f5c93 elementor-widget elementor-widget-image\" data-id=\"a1f5c93\" data-element_type=\"widget\" data-widget_type=\"image.default\">\n\t\t\t\t<div class=\"elementor-widget-container\">\n\t\t\t\t\t\t\t\t\t\t\t\t\t\t\t<img width=\"800\" height=\"2000\" src=\"https:\/\/troczewski2.pl\/wp-content\/uploads\/2021\/04\/HISTORIA-SZKOLY-3.png\" class=\"attachment-full size-full\" alt=\"Historia szko\u0142y cz\u0119\u015b\u0107 2.\" srcset=\"https:\/\/troczewski2.pl\/wp-content\/uploads\/2021\/04\/HISTORIA-SZKOLY-3.png 800w, https:\/\/troczewski2.pl\/wp-content\/uploads\/2021\/04\/HISTORIA-SZKOLY-3-120x300.png 120w, https:\/\/troczewski2.pl\/wp-content\/uploads\/2021\/04\/HISTORIA-SZKOLY-3-410x1024.png 410w, https:\/\/troczewski2.pl\/wp-content\/uploads\/2021\/04\/HISTORIA-SZKOLY-3-768x1920.png 768w, https:\/\/troczewski2.pl\/wp-content\/uploads\/2021\/04\/HISTORIA-SZKOLY-3-614x1536.png 614w\" sizes=\"(max-width: 800px) 100vw, 800px\" \/>\t\t\t\t\t\t\t\t\t\t\t\t\t\t\t<\/div>\n\t\t\t\t<\/div>\n\t\t\t\t\t<\/div>\n\t\t<\/div>\n\t\t\t\t\t\t\t<\/div>\n\t\t<\/section>\n\t\t\t\t<section class=\"elementor-section elementor-top-section elementor-element elementor-element-59dcae6 elementor-section-boxed elementor-section-height-default elementor-section-height-default elementor-invisible\" data-id=\"59dcae6\" data-element_type=\"section\" data-settings=\"{&quot;animation&quot;:&quot;fadeInLeft&quot;}\">\n\t\t\t\t\t\t<div class=\"elementor-container elementor-column-gap-default\">\n\t\t\t\t\t<div class=\"elementor-column elementor-col-100 elementor-top-column elementor-element elementor-element-6368c3e\" data-id=\"6368c3e\" data-element_type=\"column\">\n\t\t\t<div class=\"elementor-widget-wrap elementor-element-populated\">\n\t\t\t\t\t\t\t\t<div class=\"elementor-element elementor-element-e83b6fa elementor-widget elementor-widget-image\" data-id=\"e83b6fa\" data-element_type=\"widget\" data-widget_type=\"image.default\">\n\t\t\t\t<div class=\"elementor-widget-container\">\n\t\t\t\t\t\t\t\t\t\t\t\t\t\t\t<img width=\"800\" height=\"2000\" src=\"https:\/\/troczewski2.pl\/wp-content\/uploads\/2021\/04\/HISTORIA-SZKOLY-4.png\" class=\"attachment-full size-full\" alt=\"Historia szko\u0142y cz\u0119\u015b\u0107 3\" srcset=\"https:\/\/troczewski2.pl\/wp-content\/uploads\/2021\/04\/HISTORIA-SZKOLY-4.png 800w, https:\/\/troczewski2.pl\/wp-content\/uploads\/2021\/04\/HISTORIA-SZKOLY-4-120x300.png 120w, https:\/\/troczewski2.pl\/wp-content\/uploads\/2021\/04\/HISTORIA-SZKOLY-4-410x1024.png 410w, https:\/\/troczewski2.pl\/wp-content\/uploads\/2021\/04\/HISTORIA-SZKOLY-4-768x1920.png 768w, https:\/\/troczewski2.pl\/wp-content\/uploads\/2021\/04\/HISTORIA-SZKOLY-4-614x1536.png 614w\" sizes=\"(max-width: 800px) 100vw, 800px\" \/>\t\t\t\t\t\t\t\t\t\t\t\t\t\t\t<\/div>\n\t\t\t\t<\/div>\n\t\t\t\t\t<\/div>\n\t\t<\/div>\n\t\t\t\t\t\t\t<\/div>\n\t\t<\/section>\n\t\t\t\t<section class=\"elementor-section elementor-top-section elementor-element elementor-element-0d860e1 elementor-section-boxed elementor-section-height-default elementor-section-height-default elementor-invisible\" data-id=\"0d860e1\" data-element_type=\"section\" data-settings=\"{&quot;animation&quot;:&quot;fadeInLeft&quot;}\">\n\t\t\t\t\t\t<div class=\"elementor-container elementor-column-gap-default\">\n\t\t\t\t\t<div class=\"elementor-column elementor-col-100 elementor-top-column elementor-element elementor-element-29e3719\" data-id=\"29e3719\" data-element_type=\"column\">\n\t\t\t<div class=\"elementor-widget-wrap elementor-element-populated\">\n\t\t\t\t\t\t\t\t<div class=\"elementor-element elementor-element-e7c8c18 elementor-widget elementor-widget-image\" data-id=\"e7c8c18\" data-element_type=\"widget\" data-widget_type=\"image.default\">\n\t\t\t\t<div class=\"elementor-widget-container\">\n\t\t\t\t\t\t\t\t\t\t\t\t\t\t\t<img width=\"800\" height=\"1185\" src=\"https:\/\/troczewski2.pl\/wp-content\/uploads\/2021\/04\/HISTORIA-SZKOLY-5.png\" class=\"attachment-full size-full\" alt=\"Historia szko\u0142y cz\u0119\u015b\u0107 4.\" srcset=\"https:\/\/troczewski2.pl\/wp-content\/uploads\/2021\/04\/HISTORIA-SZKOLY-5.png 800w, https:\/\/troczewski2.pl\/wp-content\/uploads\/2021\/04\/HISTORIA-SZKOLY-5-203x300.png 203w, https:\/\/troczewski2.pl\/wp-content\/uploads\/2021\/04\/HISTORIA-SZKOLY-5-691x1024.png 691w, https:\/\/troczewski2.pl\/wp-content\/uploads\/2021\/04\/HISTORIA-SZKOLY-5-768x1138.png 768w\" sizes=\"(max-width: 800px) 100vw, 800px\" \/>\t\t\t\t\t\t\t\t\t\t\t\t\t\t\t<\/div>\n\t\t\t\t<\/div>\n\t\t\t\t\t<\/div>\n\t\t<\/div>\n\t\t\t\t\t\t\t<\/div>\n\t\t<\/section>\n\t\t\t\t<section class=\"elementor-section elementor-top-section elementor-element elementor-element-c516bf4 elementor-section-boxed elementor-section-height-default elementor-section-height-default\" data-id=\"c516bf4\" data-element_type=\"section\">\n\t\t\t\t\t\t<div class=\"elementor-container elementor-column-gap-default\">\n\t\t\t\t\t<div class=\"elementor-column elementor-col-100 elementor-top-column elementor-element elementor-element-17d740e\" data-id=\"17d740e\" data-element_type=\"column\">\n\t\t\t<div class=\"elementor-widget-wrap elementor-element-populated\">\n\t\t\t\t\t\t\t\t<div class=\"elementor-element elementor-element-24df996 elementor-widget__width-initial elementor-widget elementor-widget-heading\" data-id=\"24df996\" data-element_type=\"widget\" data-widget_type=\"heading.default\">\n\t\t\t\t<div class=\"elementor-widget-container\">\n\t\t\t<h4 class=\"elementor-heading-title elementor-size-xxl\">2017 <\/h4>\t\t<\/div>\n\t\t\t\t<\/div>\n\t\t\t\t<div class=\"elementor-element elementor-element-98e7f28 elementor-widget__width-initial elementor-widget elementor-widget-text-editor\" data-id=\"98e7f28\" data-element_type=\"widget\" data-widget_type=\"text-editor.default\">\n\t\t\t\t<div class=\"elementor-widget-container\">\n\t\t\t\t\t\t\t<p>Rada Powiatu (uchwa\u0142a z dnia 29 listopada 2017 roku ) przekszta\u0142ci\u0142a Zasadnicz\u0105 Szko\u0142\u0119 Zawodow\u0105 nr 2 wchodz\u0105c\u0105 w sk\u0142ad ZSZ nr 2 im. dr. A. Troczewskiego w Bran\u017cow\u0105 Szko\u0142\u0119<br>&nbsp;I Stopnia nr 2. Uchwa\u0142a ta stanowi\u0142a akt za\u0142o\u017cycielski Bran\u017cowej Szko\u0142y I Stopnia nr 2 wchodz\u0105cej w sk\u0142ad ZSZ im. dr. A. Troczewskiego w Kutnie.<\/p>\n<p><br><br><\/p>\t\t\t\t\t\t<\/div>\n\t\t\t\t<\/div>\n\t\t\t\t\t<\/div>\n\t\t<\/div>\n\t\t\t\t\t\t\t<\/div>\n\t\t<\/section>\n\t\t\t\t<section class=\"elementor-section elementor-top-section elementor-element elementor-element-8c46e8e elementor-section-boxed elementor-section-height-default elementor-section-height-default\" data-id=\"8c46e8e\" data-element_type=\"section\">\n\t\t\t\t\t\t<div class=\"elementor-container elementor-column-gap-default\">\n\t\t\t\t\t<div class=\"elementor-column elementor-col-100 elementor-top-column elementor-element elementor-element-2da9dae\" data-id=\"2da9dae\" data-element_type=\"column\">\n\t\t\t<div class=\"elementor-widget-wrap elementor-element-populated\">\n\t\t\t\t\t\t\t\t<div class=\"elementor-element elementor-element-6b84508 elementor-widget__width-initial elementor-widget elementor-widget-heading\" data-id=\"6b84508\" data-element_type=\"widget\" data-widget_type=\"heading.default\">\n\t\t\t\t<div class=\"elementor-widget-container\">\n\t\t\t<h4 class=\"elementor-heading-title elementor-size-xxl\">2019         <\/h4>\t\t<\/div>\n\t\t\t\t<\/div>\n\t\t\t\t<div class=\"elementor-element elementor-element-03c6f03 elementor-widget__width-initial elementor-widget elementor-widget-text-editor\" data-id=\"03c6f03\" data-element_type=\"widget\" data-widget_type=\"text-editor.default\">\n\t\t\t\t<div class=\"elementor-widget-container\">\n\t\t\t\t\t\t\t<p>\u00a0 \u00a0 \u00a0 \u00a0 Decyzj\u0105 Rady Powiatu ( uchwa\u0142a z dnia 27 listopada 2019 roku) czteroletnie Technikum Zawodowe\u00a0 \u00a0 \u00a0 \u00a0 \u00a0 \u00a0 nr 2 w Kutnie z dniem 1 wrze\u015bnia 2019 r. sta\u0142o si\u0119 pi\u0119cioletnim.\u00a0\u00a0<\/p>\t\t\t\t\t\t<\/div>\n\t\t\t\t<\/div>\n\t\t\t\t\t<\/div>\n\t\t<\/div>\n\t\t\t\t\t\t\t<\/div>\n\t\t<\/section>\n\t\t\t\t<section class=\"elementor-section elementor-top-section elementor-element elementor-element-652e8b7 elementor-section-boxed elementor-section-height-default elementor-section-height-default elementor-invisible\" data-id=\"652e8b7\" data-element_type=\"section\" data-settings=\"{&quot;animation&quot;:&quot;fadeInLeft&quot;}\">\n\t\t\t\t\t\t<div class=\"elementor-container elementor-column-gap-default\">\n\t\t\t\t\t<div class=\"elementor-column elementor-col-100 elementor-top-column elementor-element elementor-element-d9b2ed5\" data-id=\"d9b2ed5\" data-element_type=\"column\">\n\t\t\t<div class=\"elementor-widget-wrap elementor-element-populated\">\n\t\t\t\t\t\t\t\t<div class=\"elementor-element elementor-element-4b4087e elementor-arrows-position-inside elementor-pagination-position-outside elementor-widget elementor-widget-image-carousel\" data-id=\"4b4087e\" data-element_type=\"widget\" data-settings=\"{&quot;slides_to_show&quot;:&quot;1&quot;,&quot;navigation&quot;:&quot;both&quot;,&quot;autoplay&quot;:&quot;yes&quot;,&quot;pause_on_hover&quot;:&quot;yes&quot;,&quot;pause_on_interaction&quot;:&quot;yes&quot;,&quot;autoplay_speed&quot;:5000,&quot;infinite&quot;:&quot;yes&quot;,&quot;effect&quot;:&quot;slide&quot;,&quot;speed&quot;:500}\" data-widget_type=\"image-carousel.default\">\n\t\t\t\t<div class=\"elementor-widget-container\">\n\t\t\t\t\t<div class=\"elementor-image-carousel-wrapper swiper-container\" dir=\"ltr\">\n\t\t\t<div class=\"elementor-image-carousel swiper-wrapper\">\n\t\t\t\t\t\t\t\t<div class=\"swiper-slide\"><figure class=\"swiper-slide-inner\"><img class=\"swiper-slide-image\" src=\"https:\/\/troczewski2.pl\/wp-content\/uploads\/2021\/04\/2_wrzesnia-1.jpg\" alt=\"2 wrze\u015bnia 1907r. uroczysto\u015b\u0107 otwarcia Szko\u0142y Realnej w Kutnie\" \/><figcaption class=\"elementor-image-carousel-caption\">2 wrze\u015bnia 1907r. uroczysto\u015b\u0107 otwarcia Szko\u0142y Realnej w Kutnie<\/figcaption><\/figure><\/div><div class=\"swiper-slide\"><figure class=\"swiper-slide-inner\"><img class=\"swiper-slide-image\" src=\"https:\/\/troczewski2.pl\/wp-content\/uploads\/2021\/04\/Siedmioklasowa-1.jpg\" alt=\"Siedmioklasowa Szko\u0142a Handlowa w Kutnie\" \/><figcaption class=\"elementor-image-carousel-caption\">Siedmioklasowa Szko\u0142a Handlowa w Kutnie<\/figcaption><\/figure><\/div><div class=\"swiper-slide\"><figure class=\"swiper-slide-inner\"><img class=\"swiper-slide-image\" src=\"https:\/\/troczewski2.pl\/wp-content\/uploads\/2021\/04\/pismo1-1.jpg\" alt=\"pismo1\" \/><\/figure><\/div><div class=\"swiper-slide\"><figure class=\"swiper-slide-inner\"><img class=\"swiper-slide-image\" src=\"https:\/\/troczewski2.pl\/wp-content\/uploads\/2021\/04\/pismo2-2.jpg\" alt=\"pismo2\" \/><\/figure><\/div><div class=\"swiper-slide\"><figure class=\"swiper-slide-inner\"><img class=\"swiper-slide-image\" src=\"https:\/\/troczewski2.pl\/wp-content\/uploads\/2021\/04\/Troczewski-1.jpg\" alt=\"Doktor Antoni Fortunat Troczewski\" \/><figcaption class=\"elementor-image-carousel-caption\">Doktor Antoni Fortunat Troczewski<\/figcaption><\/figure><\/div>\t\t\t<\/div>\n\t\t\t\t\t\t\t\t\t\t\t\t<div class=\"swiper-pagination\"><\/div>\n\t\t\t\t\t\t\t\t\t\t\t\t\t<div class=\"elementor-swiper-button elementor-swiper-button-prev\">\n\t\t\t\t\t\t<i class=\"eicon-chevron-left\" aria-hidden=\"true\"><\/i>\n\t\t\t\t\t\t<span class=\"elementor-screen-only\">Poprzednie<\/span>\n\t\t\t\t\t<\/div>\n\t\t\t\t\t<div class=\"elementor-swiper-button elementor-swiper-button-next\">\n\t\t\t\t\t\t<i class=\"eicon-chevron-right\" aria-hidden=\"true\"><\/i>\n\t\t\t\t\t\t<span class=\"elementor-screen-only\">Nast\u0119pne<\/span>\n\t\t\t\t\t<\/div>\n\t\t\t\t\t\t\t\t\t<\/div>\n\t\t\t\t<\/div>\n\t\t\t\t<\/div>\n\t\t\t\t\t<\/div>\n\t\t<\/div>\n\t\t\t\t\t\t\t<\/div>\n\t\t<\/section>\n\t\t\t\t\t\t<\/div>\n\t\t\t\t\t<\/div>\n\t\t","protected":false},"excerpt":{"rendered":"<p>2017 Rada Powiatu (uchwa\u0142a z dnia 29 listopada 2017 roku ) przekszta\u0142ci\u0142a Zasadnicz\u0105 Szko\u0142\u0119 Zawodow\u0105 nr 2 wchodz\u0105c\u0105 w sk\u0142ad ZSZ nr 2 im. dr. A. Troczewskiego w Bran\u017cow\u0105 Szko\u0142\u0119&nbsp;I Stopnia nr 2. Uchwa\u0142a ta stanowi\u0142a akt za\u0142o\u017cycielski Bran\u017cowej Szko\u0142y I Stopnia nr 2 wchodz\u0105cej w sk\u0142ad ZSZ im. dr. A. Troczewskiego w Kutnie. 2019 [&hellip;]<\/p>\n","protected":false},"author":1,"featured_media":0,"parent":0,"menu_order":0,"comment_status":"closed","ping_status":"closed","template":"","meta":[],"_links":{"self":[{"href":"https:\/\/troczewski2.pl\/index.php\/wp-json\/wp\/v2\/pages\/1173"}],"collection":[{"href":"https:\/\/troczewski2.pl\/index.php\/wp-json\/wp\/v2\/pages"}],"about":[{"href":"https:\/\/troczewski2.pl\/index.php\/wp-json\/wp\/v2\/types\/page"}],"author":[{"embeddable":true,"href":"https:\/\/troczewski2.pl\/index.php\/wp-json\/wp\/v2\/users\/1"}],"replies":[{"embeddable":true,"href":"https:\/\/troczewski2.pl\/index.php\/wp-json\/wp\/v2\/comments?post=1173"}],"version-history":[{"count":40,"href":"https:\/\/troczewski2.pl\/index.php\/wp-json\/wp\/v2\/pages\/1173\/revisions"}],"predecessor-version":[{"id":11002,"href":"https:\/\/troczewski2.pl\/index.php\/wp-json\/wp\/v2\/pages\/1173\/revisions\/11002"}],"wp:attachment":[{"href":"https:\/\/troczewski2.pl\/index.php\/wp-json\/wp\/v2\/media?parent=1173"}],"curies":[{"name":"wp","href":"https:\/\/api.w.org\/{rel}","templated":true}]}}