{"id":3105,"date":"2021-04-21T19:54:08","date_gmt":"2021-04-21T17:54:08","guid":{"rendered":"https:\/\/troczewski2.pl\/?page_id=3105"},"modified":"2025-01-20T12:07:50","modified_gmt":"2025-01-20T11:07:50","slug":"technik-eksploatacji-portow-i-terminali","status":"publish","type":"page","link":"https:\/\/troczewski2.pl\/index.php\/technik-eksploatacji-portow-i-terminali\/","title":{"rendered":"Technik Eksploatacji <br> Port\u00f3w i Terminali"},"content":{"rendered":"\t\t<div data-elementor-type=\"wp-page\" data-elementor-id=\"3105\" class=\"elementor elementor-3105\" data-elementor-settings=\"[]\">\n\t\t\t\t\t\t\t<div class=\"elementor-section-wrap\">\n\t\t\t\t\t\t\t<section class=\"elementor-section elementor-top-section elementor-element elementor-element-405a935 elementor-section-boxed elementor-section-height-default elementor-section-height-default elementor-invisible\" data-id=\"405a935\" data-element_type=\"section\" data-settings=\"{&quot;animation&quot;:&quot;zoomIn&quot;}\">\n\t\t\t\t\t\t<div class=\"elementor-container elementor-column-gap-default\">\n\t\t\t\t\t<div class=\"elementor-column elementor-col-100 elementor-top-column elementor-element elementor-element-6327f66\" data-id=\"6327f66\" data-element_type=\"column\">\n\t\t\t<div class=\"elementor-widget-wrap elementor-element-populated\">\n\t\t\t\t\t\t\t\t<div class=\"elementor-element elementor-element-704e35f elementor-widget elementor-widget-heading\" data-id=\"704e35f\" data-element_type=\"widget\" data-widget_type=\"heading.default\">\n\t\t\t\t<div class=\"elementor-widget-container\">\n\t\t\t<h2 class=\"elementor-heading-title elementor-size-xl\">TECHNIK EKSPLOATACJI PORT\u00d3W I TERMINALI<\/h2>\t\t<\/div>\n\t\t\t\t<\/div>\n\t\t\t\t\t<\/div>\n\t\t<\/div>\n\t\t\t\t\t\t\t<\/div>\n\t\t<\/section>\n\t\t\t\t<section class=\"elementor-section elementor-top-section elementor-element elementor-element-d6cf91c elementor-section-boxed elementor-section-height-default elementor-section-height-default\" data-id=\"d6cf91c\" data-element_type=\"section\">\n\t\t\t\t\t\t<div class=\"elementor-container elementor-column-gap-default\">\n\t\t\t\t\t<div class=\"elementor-column elementor-col-100 elementor-top-column elementor-element elementor-element-22d6f4f\" data-id=\"22d6f4f\" data-element_type=\"column\">\n\t\t\t<div class=\"elementor-widget-wrap elementor-element-populated\">\n\t\t\t\t\t\t\t\t<div class=\"elementor-element elementor-element-cff3cb7 elementor-widget elementor-widget-spacer\" data-id=\"cff3cb7\" data-element_type=\"widget\" data-widget_type=\"spacer.default\">\n\t\t\t\t<div class=\"elementor-widget-container\">\n\t\t\t\t\t<div class=\"elementor-spacer\">\n\t\t\t<div class=\"elementor-spacer-inner\"><\/div>\n\t\t<\/div>\n\t\t\t\t<\/div>\n\t\t\t\t<\/div>\n\t\t\t\t<div class=\"elementor-element elementor-element-8921f0a elementor-pagination-position-outside elementor-invisible elementor-widget elementor-widget-image-carousel\" data-id=\"8921f0a\" data-element_type=\"widget\" data-settings=\"{&quot;slides_to_show&quot;:&quot;1&quot;,&quot;navigation&quot;:&quot;dots&quot;,&quot;_animation&quot;:&quot;zoomIn&quot;,&quot;autoplay&quot;:&quot;yes&quot;,&quot;pause_on_hover&quot;:&quot;yes&quot;,&quot;pause_on_interaction&quot;:&quot;yes&quot;,&quot;autoplay_speed&quot;:5000,&quot;infinite&quot;:&quot;yes&quot;,&quot;effect&quot;:&quot;slide&quot;,&quot;speed&quot;:500}\" data-widget_type=\"image-carousel.default\">\n\t\t\t\t<div class=\"elementor-widget-container\">\n\t\t\t\t\t<div class=\"elementor-image-carousel-wrapper swiper-container\" dir=\"ltr\">\n\t\t\t<div class=\"elementor-image-carousel swiper-wrapper swiper-image-stretch\">\n\t\t\t\t\t\t\t\t<div class=\"swiper-slide\"><figure class=\"swiper-slide-inner\"><img class=\"swiper-slide-image\" src=\"https:\/\/troczewski2.pl\/wp-content\/uploads\/2021\/04\/port1.jpg\" alt=\"port1\" \/><\/figure><\/div><div class=\"swiper-slide\"><figure class=\"swiper-slide-inner\"><img class=\"swiper-slide-image\" src=\"https:\/\/troczewski2.pl\/wp-content\/uploads\/2021\/04\/port2.jpg\" alt=\"port2\" \/><\/figure><\/div><div class=\"swiper-slide\"><figure class=\"swiper-slide-inner\"><img class=\"swiper-slide-image\" src=\"https:\/\/troczewski2.pl\/wp-content\/uploads\/2021\/04\/airport-1515448_1920.jpg\" alt=\"airport-1515448_1920\" \/><\/figure><\/div>\t\t\t<\/div>\n\t\t\t\t\t\t\t\t\t\t\t\t<div class=\"swiper-pagination\"><\/div>\n\t\t\t\t\t\t\t\t\t\t\t\t\t<\/div>\n\t\t\t\t<\/div>\n\t\t\t\t<\/div>\n\t\t\t\t\t<\/div>\n\t\t<\/div>\n\t\t\t\t\t\t\t<\/div>\n\t\t<\/section>\n\t\t\t\t<section class=\"elementor-section elementor-top-section elementor-element elementor-element-f01ca50 elementor-section-boxed elementor-section-height-default elementor-section-height-default elementor-invisible\" data-id=\"f01ca50\" data-element_type=\"section\" data-settings=\"{&quot;animation&quot;:&quot;zoomIn&quot;}\">\n\t\t\t\t\t\t<div class=\"elementor-container elementor-column-gap-default\">\n\t\t\t\t\t<div class=\"elementor-column elementor-col-100 elementor-top-column elementor-element elementor-element-94e241a\" data-id=\"94e241a\" data-element_type=\"column\">\n\t\t\t<div class=\"elementor-widget-wrap elementor-element-populated\">\n\t\t\t\t\t\t\t\t<div class=\"elementor-element elementor-element-2e01b25 elementor-widget elementor-widget-spacer\" data-id=\"2e01b25\" data-element_type=\"widget\" data-widget_type=\"spacer.default\">\n\t\t\t\t<div class=\"elementor-widget-container\">\n\t\t\t\t\t<div class=\"elementor-spacer\">\n\t\t\t<div class=\"elementor-spacer-inner\"><\/div>\n\t\t<\/div>\n\t\t\t\t<\/div>\n\t\t\t\t<\/div>\n\t\t\t\t<div class=\"elementor-element elementor-element-8aa1411 elementor-aspect-ratio-169 elementor-widget elementor-widget-video\" data-id=\"8aa1411\" data-element_type=\"widget\" data-settings=\"{&quot;youtube_url&quot;:&quot;https:\\\/\\\/youtu.be\\\/mmLBhrwaXvU?si=Urpteid3cCJa-jdY&quot;,&quot;video_type&quot;:&quot;youtube&quot;,&quot;controls&quot;:&quot;yes&quot;,&quot;aspect_ratio&quot;:&quot;169&quot;}\" data-widget_type=\"video.default\">\n\t\t\t\t<div class=\"elementor-widget-container\">\n\t\t\t\t\t<div class=\"elementor-wrapper elementor-fit-aspect-ratio elementor-open-inline\">\n\t\t\t<div class=\"elementor-video\"><\/div>\t\t<\/div>\n\t\t\t\t<\/div>\n\t\t\t\t<\/div>\n\t\t\t\t<div class=\"elementor-element elementor-element-bb078d0 elementor-aspect-ratio-169 elementor-widget elementor-widget-video\" data-id=\"bb078d0\" data-element_type=\"widget\" data-settings=\"{&quot;youtube_url&quot;:&quot;https:\\\/\\\/youtu.be\\\/_c0f7fvccn4?si=7vARCCNKL_Sbsld3&quot;,&quot;video_type&quot;:&quot;youtube&quot;,&quot;controls&quot;:&quot;yes&quot;,&quot;aspect_ratio&quot;:&quot;169&quot;}\" data-widget_type=\"video.default\">\n\t\t\t\t<div class=\"elementor-widget-container\">\n\t\t\t\t\t<div class=\"elementor-wrapper elementor-fit-aspect-ratio elementor-open-inline\">\n\t\t\t<div class=\"elementor-video\"><\/div>\t\t<\/div>\n\t\t\t\t<\/div>\n\t\t\t\t<\/div>\n\t\t\t\t<div class=\"elementor-element elementor-element-2338a09 elementor-aspect-ratio-169 elementor-widget elementor-widget-video\" data-id=\"2338a09\" data-element_type=\"widget\" data-settings=\"{&quot;youtube_url&quot;:&quot;https:\\\/\\\/youtu.be\\\/wKI94WjUcTc?si=sf5wjm0j8O1wJRpR&quot;,&quot;video_type&quot;:&quot;youtube&quot;,&quot;controls&quot;:&quot;yes&quot;,&quot;aspect_ratio&quot;:&quot;169&quot;}\" data-widget_type=\"video.default\">\n\t\t\t\t<div class=\"elementor-widget-container\">\n\t\t\t\t\t<div class=\"elementor-wrapper elementor-fit-aspect-ratio elementor-open-inline\">\n\t\t\t<div class=\"elementor-video\"><\/div>\t\t<\/div>\n\t\t\t\t<\/div>\n\t\t\t\t<\/div>\n\t\t\t\t<div class=\"elementor-element elementor-element-c064629 elementor-aspect-ratio-169 elementor-widget elementor-widget-video\" data-id=\"c064629\" data-element_type=\"widget\" data-settings=\"{&quot;youtube_url&quot;:&quot;https:\\\/\\\/youtu.be\\\/8Y6mf36zslU?si=NjMLgz_qZAoz2rc-&quot;,&quot;video_type&quot;:&quot;youtube&quot;,&quot;controls&quot;:&quot;yes&quot;,&quot;aspect_ratio&quot;:&quot;169&quot;}\" data-widget_type=\"video.default\">\n\t\t\t\t<div class=\"elementor-widget-container\">\n\t\t\t\t\t<div class=\"elementor-wrapper elementor-fit-aspect-ratio elementor-open-inline\">\n\t\t\t<div class=\"elementor-video\"><\/div>\t\t<\/div>\n\t\t\t\t<\/div>\n\t\t\t\t<\/div>\n\t\t\t\t<div class=\"elementor-element elementor-element-305d78d elementor-aspect-ratio-169 elementor-widget elementor-widget-video\" data-id=\"305d78d\" data-element_type=\"widget\" data-settings=\"{&quot;youtube_url&quot;:&quot;https:\\\/\\\/youtu.be\\\/6g-mYBVqVCk?si=bP1DlgB_1KIXVW9k&quot;,&quot;video_type&quot;:&quot;youtube&quot;,&quot;controls&quot;:&quot;yes&quot;,&quot;aspect_ratio&quot;:&quot;169&quot;}\" data-widget_type=\"video.default\">\n\t\t\t\t<div class=\"elementor-widget-container\">\n\t\t\t\t\t<div class=\"elementor-wrapper elementor-fit-aspect-ratio elementor-open-inline\">\n\t\t\t<div class=\"elementor-video\"><\/div>\t\t<\/div>\n\t\t\t\t<\/div>\n\t\t\t\t<\/div>\n\t\t\t\t<div class=\"elementor-element elementor-element-31689ea elementor-widget elementor-widget-text-editor\" data-id=\"31689ea\" data-element_type=\"widget\" data-widget_type=\"text-editor.default\">\n\t\t\t\t<div class=\"elementor-widget-container\">\n\t\t\t\t\t\t\t<div><div><div><div><span style=\"font-family: Raleway, sans-serif;\"><span style=\"font-size: 18px;\">Technik eksploatacji port\u00f3w i terminali jest specjalist\u0105 z zakresu obs\u0142ugi podr\u00f3\u017cnych w portach i terminalach, w tym obs\u0142ugi baga\u017cowej, a tak\u017ce organizacji i prowadzenia prac zwi\u0105zanych z prze\u0142adunkiem oraz magazynowaniem towar\u00f3w i \u0142adunk\u00f3w w portach i terminalach.<\/span><\/span><\/div><div><span style=\"font-family: Raleway, sans-serif;\"><span style=\"font-size: 18px;\">\u00a0<\/span><\/span><\/div><div><span style=\"font-family: Raleway, sans-serif;\"><span style=\"font-size: 18px;\">Absolwent tego kierunku potrafi obs\u0142ugiwa\u0107 \u015brodki transportu w portach morskich i lotniczych. Mo\u017ce podj\u0105\u0107 r\u00f3wnie\u017c prac\u0119 w charakterze personelu pok\u0142adowego na stanowisku stewardessa \/ steward. Po uko\u0144czeniu szko\u0142y mo\u017ce znale\u017a\u0107 zatrudnienie w terminalach lotniczych, samochodowych i kolejowych, przedsi\u0119biorstwach spedycyjnych i logistycznych, transportowych agencjach obs\u0142ugi port\u00f3w morskich i rzecznych, zar\u00f3wno w kraju, jak i za granic\u0105.\u00a0<\/span><\/span><\/div><div><span style=\"font-family: Raleway, sans-serif;\"><span style=\"font-size: 18px;\">\u00a0<\/span><\/span><\/div><div><span style=\"font-family: Raleway, sans-serif;\"><span style=\"font-size: 18px;\">Kierunek daje r\u00f3wnie\u017c \u015bwietn\u0105 podbudow\u0119 do dalszego kszta\u0142cenia na studiach wy\u017cszych. Zaw\u00f3d wskazany mi\u0119dzy innymi dla os\u00f3b, kt\u00f3re wi\u0105\u017c\u0105 swoj\u0105 przysz\u0142o\u015b\u0107 z wojskiem lub stra\u017c\u0105 po\u017carn\u0105.<\/span><\/span><\/div><\/div><\/div><\/div>\t\t\t\t\t\t<\/div>\n\t\t\t\t<\/div>\n\t\t\t\t\t<\/div>\n\t\t<\/div>\n\t\t\t\t\t\t\t<\/div>\n\t\t<\/section>\n\t\t\t\t<section class=\"elementor-section elementor-top-section elementor-element elementor-element-3eff6a0 elementor-section-boxed elementor-section-height-default elementor-section-height-default\" data-id=\"3eff6a0\" data-element_type=\"section\">\n\t\t\t\t\t\t<div class=\"elementor-container elementor-column-gap-default\">\n\t\t\t\t\t<div class=\"elementor-column elementor-col-100 elementor-top-column elementor-element elementor-element-5130de1\" data-id=\"5130de1\" data-element_type=\"column\">\n\t\t\t<div class=\"elementor-widget-wrap elementor-element-populated\">\n\t\t\t\t\t\t\t\t<div class=\"elementor-element elementor-element-2072069 elementor-widget elementor-widget-spacer\" data-id=\"2072069\" data-element_type=\"widget\" data-widget_type=\"spacer.default\">\n\t\t\t\t<div class=\"elementor-widget-container\">\n\t\t\t\t\t<div class=\"elementor-spacer\">\n\t\t\t<div class=\"elementor-spacer-inner\"><\/div>\n\t\t<\/div>\n\t\t\t\t<\/div>\n\t\t\t\t<\/div>\n\t\t\t\t\t<\/div>\n\t\t<\/div>\n\t\t\t\t\t\t\t<\/div>\n\t\t<\/section>\n\t\t\t\t\t\t<\/div>\n\t\t\t\t\t<\/div>\n\t\t","protected":false},"excerpt":{"rendered":"<p>TECHNIK EKSPLOATACJI PORT\u00d3W I TERMINALI https:\/\/youtu.be\/mmLBhrwaXvU?si=Urpteid3cCJa-jdYhttps:\/\/youtu.be\/_c0f7fvccn4?si=7vARCCNKL_Sbsld3https:\/\/youtu.be\/wKI94WjUcTc?si=sf5wjm0j8O1wJRpRhttps:\/\/youtu.be\/8Y6mf36zslU?si=NjMLgz_qZAoz2rc-https:\/\/youtu.be\/6g-mYBVqVCk?si=bP1DlgB_1KIXVW9kTechnik eksploatacji port\u00f3w i terminali jest specjalist\u0105 z zakresu obs\u0142ugi podr\u00f3\u017cnych w portach i terminalach, w tym obs\u0142ugi baga\u017cowej, a tak\u017ce organizacji i prowadzenia prac zwi\u0105zanych z prze\u0142adunkiem oraz magazynowaniem towar\u00f3w i \u0142adunk\u00f3w w portach i terminalach.\u00a0Absolwent tego kierunku potrafi obs\u0142ugiwa\u0107 \u015brodki transportu w portach morskich i lotniczych. Mo\u017ce podj\u0105\u0107 [&hellip;]<\/p>\n","protected":false},"author":1,"featured_media":0,"parent":0,"menu_order":0,"comment_status":"closed","ping_status":"closed","template":"","meta":[],"_links":{"self":[{"href":"https:\/\/troczewski2.pl\/index.php\/wp-json\/wp\/v2\/pages\/3105"}],"collection":[{"href":"https:\/\/troczewski2.pl\/index.php\/wp-json\/wp\/v2\/pages"}],"about":[{"href":"https:\/\/troczewski2.pl\/index.php\/wp-json\/wp\/v2\/types\/page"}],"author":[{"embeddable":true,"href":"https:\/\/troczewski2.pl\/index.php\/wp-json\/wp\/v2\/users\/1"}],"replies":[{"embeddable":true,"href":"https:\/\/troczewski2.pl\/index.php\/wp-json\/wp\/v2\/comments?post=3105"}],"version-history":[{"count":37,"href":"https:\/\/troczewski2.pl\/index.php\/wp-json\/wp\/v2\/pages\/3105\/revisions"}],"predecessor-version":[{"id":8909,"href":"https:\/\/troczewski2.pl\/index.php\/wp-json\/wp\/v2\/pages\/3105\/revisions\/8909"}],"wp:attachment":[{"href":"https:\/\/troczewski2.pl\/index.php\/wp-json\/wp\/v2\/media?parent=3105"}],"curies":[{"name":"wp","href":"https:\/\/api.w.org\/{rel}","templated":true}]}}