{"id":3170,"date":"2021-04-27T13:04:34","date_gmt":"2021-04-27T11:04:34","guid":{"rendered":"https:\/\/troczewski2.pl\/?page_id=3170"},"modified":"2025-01-29T11:57:34","modified_gmt":"2025-01-29T10:57:34","slug":"technik-zywienia-i-uslug-gastronomicznych","status":"publish","type":"page","link":"https:\/\/troczewski2.pl\/index.php\/technik-zywienia-i-uslug-gastronomicznych\/","title":{"rendered":"Technik \u017bywienia <br> i Us\u0142ug Gastronomicznych"},"content":{"rendered":"\t\t<div data-elementor-type=\"wp-page\" data-elementor-id=\"3170\" class=\"elementor elementor-3170\" data-elementor-settings=\"[]\">\n\t\t\t\t\t\t\t<div class=\"elementor-section-wrap\">\n\t\t\t\t\t\t\t<section class=\"elementor-section elementor-top-section elementor-element elementor-element-1bd428b elementor-section-boxed elementor-section-height-default elementor-section-height-default elementor-invisible\" data-id=\"1bd428b\" data-element_type=\"section\" data-settings=\"{&quot;animation&quot;:&quot;zoomIn&quot;}\">\n\t\t\t\t\t\t<div class=\"elementor-container elementor-column-gap-default\">\n\t\t\t\t\t<div class=\"elementor-column elementor-col-100 elementor-top-column elementor-element elementor-element-1cba507\" data-id=\"1cba507\" data-element_type=\"column\">\n\t\t\t<div class=\"elementor-widget-wrap elementor-element-populated\">\n\t\t\t\t\t\t\t\t<div class=\"elementor-element elementor-element-2139f84 elementor-widget elementor-widget-heading\" data-id=\"2139f84\" data-element_type=\"widget\" data-widget_type=\"heading.default\">\n\t\t\t\t<div class=\"elementor-widget-container\">\n\t\t\t<h2 class=\"elementor-heading-title elementor-size-xl\">TECHNIK \u017bYWIENIA I US\u0141UG GASTRONOMICZNYCH<\/h2>\t\t<\/div>\n\t\t\t\t<\/div>\n\t\t\t\t\t<\/div>\n\t\t<\/div>\n\t\t\t\t\t\t\t<\/div>\n\t\t<\/section>\n\t\t\t\t<section class=\"elementor-section elementor-top-section elementor-element elementor-element-0788944 elementor-section-boxed elementor-section-height-default elementor-section-height-default\" data-id=\"0788944\" data-element_type=\"section\">\n\t\t\t\t\t\t<div class=\"elementor-container elementor-column-gap-default\">\n\t\t\t\t\t<div class=\"elementor-column elementor-col-100 elementor-top-column elementor-element elementor-element-bc0c837\" data-id=\"bc0c837\" data-element_type=\"column\">\n\t\t\t<div class=\"elementor-widget-wrap elementor-element-populated\">\n\t\t\t\t\t\t\t\t<div class=\"elementor-element elementor-element-3a68470 elementor-widget elementor-widget-spacer\" data-id=\"3a68470\" data-element_type=\"widget\" data-widget_type=\"spacer.default\">\n\t\t\t\t<div class=\"elementor-widget-container\">\n\t\t\t\t\t<div class=\"elementor-spacer\">\n\t\t\t<div class=\"elementor-spacer-inner\"><\/div>\n\t\t<\/div>\n\t\t\t\t<\/div>\n\t\t\t\t<\/div>\n\t\t\t\t<div class=\"elementor-element elementor-element-fb45cef elementor-pagination-position-outside elementor-invisible elementor-widget elementor-widget-image-carousel\" data-id=\"fb45cef\" data-element_type=\"widget\" data-settings=\"{&quot;slides_to_show&quot;:&quot;1&quot;,&quot;navigation&quot;:&quot;dots&quot;,&quot;_animation&quot;:&quot;zoomIn&quot;,&quot;autoplay&quot;:&quot;yes&quot;,&quot;pause_on_hover&quot;:&quot;yes&quot;,&quot;pause_on_interaction&quot;:&quot;yes&quot;,&quot;autoplay_speed&quot;:5000,&quot;infinite&quot;:&quot;yes&quot;,&quot;effect&quot;:&quot;slide&quot;,&quot;speed&quot;:500}\" data-widget_type=\"image-carousel.default\">\n\t\t\t\t<div class=\"elementor-widget-container\">\n\t\t\t\t\t<div class=\"elementor-image-carousel-wrapper swiper-container\" dir=\"ltr\">\n\t\t\t<div class=\"elementor-image-carousel swiper-wrapper swiper-image-stretch\">\n\t\t\t\t\t\t\t\t<div class=\"swiper-slide\"><figure class=\"swiper-slide-inner\"><img class=\"swiper-slide-image\" src=\"https:\/\/troczewski2.pl\/wp-content\/uploads\/2021\/04\/chef-5993951_1920.jpg\" alt=\"chef-5993951_1920\" \/><\/figure><\/div><div class=\"swiper-slide\"><figure class=\"swiper-slide-inner\"><img class=\"swiper-slide-image\" src=\"https:\/\/troczewski2.pl\/wp-content\/uploads\/2021\/04\/restaurant-691397_1280.jpg\" alt=\"restaurant-691397_1280\" \/><\/figure><\/div><div class=\"swiper-slide\"><figure class=\"swiper-slide-inner\"><img class=\"swiper-slide-image\" src=\"https:\/\/troczewski2.pl\/wp-content\/uploads\/2021\/04\/cook-1206263_1920.jpg\" alt=\"cook-1206263_1920\" \/><\/figure><\/div>\t\t\t<\/div>\n\t\t\t\t\t\t\t\t\t\t\t\t<div class=\"swiper-pagination\"><\/div>\n\t\t\t\t\t\t\t\t\t\t\t\t\t<\/div>\n\t\t\t\t<\/div>\n\t\t\t\t<\/div>\n\t\t\t\t\t<\/div>\n\t\t<\/div>\n\t\t\t\t\t\t\t<\/div>\n\t\t<\/section>\n\t\t\t\t<section class=\"elementor-section elementor-top-section elementor-element elementor-element-a803ada elementor-section-boxed elementor-section-height-default elementor-section-height-default elementor-invisible\" data-id=\"a803ada\" data-element_type=\"section\" data-settings=\"{&quot;animation&quot;:&quot;zoomIn&quot;}\">\n\t\t\t\t\t\t<div class=\"elementor-container elementor-column-gap-default\">\n\t\t\t\t\t<div class=\"elementor-column elementor-col-100 elementor-top-column elementor-element elementor-element-2372181\" data-id=\"2372181\" data-element_type=\"column\">\n\t\t\t<div class=\"elementor-widget-wrap elementor-element-populated\">\n\t\t\t\t\t\t\t\t<div class=\"elementor-element elementor-element-a6904c5 elementor-widget elementor-widget-spacer\" data-id=\"a6904c5\" data-element_type=\"widget\" data-widget_type=\"spacer.default\">\n\t\t\t\t<div class=\"elementor-widget-container\">\n\t\t\t\t\t<div class=\"elementor-spacer\">\n\t\t\t<div class=\"elementor-spacer-inner\"><\/div>\n\t\t<\/div>\n\t\t\t\t<\/div>\n\t\t\t\t<\/div>\n\t\t\t\t<div class=\"elementor-element elementor-element-2f61c33 elementor-widget elementor-widget-text-editor\" data-id=\"2f61c33\" data-element_type=\"widget\" data-widget_type=\"text-editor.default\">\n\t\t\t\t<div class=\"elementor-widget-container\">\n\t\t\t\t\t\t\t<div><span style=\"font-family: Raleway, sans-serif;\"><span style=\"font-size: 18px;\">Absolwent tego kierunku potrafi planowa\u0107 produkcj\u0119 i ustali\u0107 asortyment potraw, dokona\u0107 oceny jako\u015bci surowc\u00f3w, nadzorowa\u0107 proces produkcji i uk\u0142ada\u0107 jad\u0142ospisy. Profesjonalnie prowadzi dokumentacj\u0119 dotycz\u0105c\u0105 produkcji gastronomicznej, potrafi obs\u0142ugiwa\u0107 nowoczesne maszyny i urz\u0105dzenia u\u017cywane w gastronomii, organizuje i nadzoruje obs\u0142ug\u0119 konsument\u00f3w i prac\u0119 magazynu.\u00a0<\/span><\/span><\/div><div><span style=\"font-family: Raleway, sans-serif;\"><span style=\"font-size: 18px;\"><br \/><\/span><\/span><span style=\"font-family: Raleway, sans-serif;\"><span style=\"font-size: 18px;\">Absolwent mo\u017ce kontynuowa\u0107 nauk\u0119 na studiach wy\u017cszych lub podj\u0105\u0107 prac\u0119 w obiektach gastronomicznych (np.: restauracje, kawiarnie, puby, promy, statki i inne \u015brodki transportu), instytucjach zajmuj\u0105cych si\u0119 obrotem \u017cywno\u015bci\u0105 oraz upowszechnieniu wiedzy o \u017cywieniu i \u017cywno\u015bci, a tak\u017ce w organizacjach ochrony konsumenta, obiektach zbiorowego zakwaterowania.\u00a0<\/span><\/span><br \/><span style=\"font-family: Raleway, sans-serif;\"><span style=\"font-size: 18px;\"><br \/><\/span><\/span><span style=\"font-family: Raleway, sans-serif;\"><span style=\"font-size: 18px;\">Wiedza i umiej\u0119tno\u015bci zdobyte w szkole pozwol\u0105 r\u00f3wnie\u017c na prowadzenie w\u0142asnej dzia\u0142alno\u015bci gospodarczej w zakresie us\u0142ug cateringowych, hotelarskich i agroturystycznych.<\/span><\/span><\/div>\t\t\t\t\t\t<\/div>\n\t\t\t\t<\/div>\n\t\t\t\t\t<\/div>\n\t\t<\/div>\n\t\t\t\t\t\t\t<\/div>\n\t\t<\/section>\n\t\t\t\t<section class=\"elementor-section elementor-top-section elementor-element elementor-element-0726857 elementor-section-boxed elementor-section-height-default elementor-section-height-default\" data-id=\"0726857\" data-element_type=\"section\">\n\t\t\t\t\t\t<div class=\"elementor-container elementor-column-gap-default\">\n\t\t\t\t\t<div class=\"elementor-column elementor-col-100 elementor-top-column elementor-element elementor-element-3f9fe53\" data-id=\"3f9fe53\" data-element_type=\"column\">\n\t\t\t<div class=\"elementor-widget-wrap elementor-element-populated\">\n\t\t\t\t\t\t\t\t<div class=\"elementor-element elementor-element-355fca1 elementor-widget elementor-widget-spacer\" data-id=\"355fca1\" data-element_type=\"widget\" data-widget_type=\"spacer.default\">\n\t\t\t\t<div class=\"elementor-widget-container\">\n\t\t\t\t\t<div class=\"elementor-spacer\">\n\t\t\t<div class=\"elementor-spacer-inner\"><\/div>\n\t\t<\/div>\n\t\t\t\t<\/div>\n\t\t\t\t<\/div>\n\t\t\t\t\t<\/div>\n\t\t<\/div>\n\t\t\t\t\t\t\t<\/div>\n\t\t<\/section>\n\t\t\t\t<section class=\"elementor-section elementor-top-section elementor-element elementor-element-dc87020 elementor-section-boxed elementor-section-height-default elementor-section-height-default\" data-id=\"dc87020\" data-element_type=\"section\">\n\t\t\t\t\t\t<div class=\"elementor-container elementor-column-gap-default\">\n\t\t\t\t\t<div class=\"elementor-column elementor-col-100 elementor-top-column elementor-element elementor-element-d6e6e78\" data-id=\"d6e6e78\" data-element_type=\"column\">\n\t\t\t<div class=\"elementor-widget-wrap elementor-element-populated\">\n\t\t\t\t\t\t\t\t<div class=\"elementor-element elementor-element-0398690 elementor-aspect-ratio-169 elementor-widget elementor-widget-video\" data-id=\"0398690\" data-element_type=\"widget\" data-settings=\"{&quot;youtube_url&quot;:&quot;https:\\\/\\\/www.youtube.com\\\/watch?v=siMRmhg1qNc&quot;,&quot;video_type&quot;:&quot;youtube&quot;,&quot;controls&quot;:&quot;yes&quot;,&quot;aspect_ratio&quot;:&quot;169&quot;}\" data-widget_type=\"video.default\">\n\t\t\t\t<div class=\"elementor-widget-container\">\n\t\t\t\t\t<div class=\"elementor-wrapper elementor-fit-aspect-ratio elementor-open-inline\">\n\t\t\t<div class=\"elementor-video\"><\/div>\t\t<\/div>\n\t\t\t\t<\/div>\n\t\t\t\t<\/div>\n\t\t\t\t\t<\/div>\n\t\t<\/div>\n\t\t\t\t\t\t\t<\/div>\n\t\t<\/section>\n\t\t\t\t<section class=\"elementor-section elementor-top-section elementor-element elementor-element-c9d3424 elementor-section-boxed elementor-section-height-default elementor-section-height-default\" data-id=\"c9d3424\" data-element_type=\"section\">\n\t\t\t\t\t\t<div class=\"elementor-container elementor-column-gap-default\">\n\t\t\t\t\t<div class=\"elementor-column elementor-col-100 elementor-top-column elementor-element elementor-element-b648e08\" data-id=\"b648e08\" data-element_type=\"column\">\n\t\t\t<div class=\"elementor-widget-wrap elementor-element-populated\">\n\t\t\t\t\t\t\t\t<div class=\"elementor-element elementor-element-8510f8b elementor-aspect-ratio-169 elementor-widget elementor-widget-video\" data-id=\"8510f8b\" data-element_type=\"widget\" data-settings=\"{&quot;youtube_url&quot;:&quot;https:\\\/\\\/www.youtube.com\\\/watch?v=V6ZxRwl_rPU&quot;,&quot;video_type&quot;:&quot;youtube&quot;,&quot;controls&quot;:&quot;yes&quot;,&quot;aspect_ratio&quot;:&quot;169&quot;}\" data-widget_type=\"video.default\">\n\t\t\t\t<div class=\"elementor-widget-container\">\n\t\t\t\t\t<div class=\"elementor-wrapper elementor-fit-aspect-ratio elementor-open-inline\">\n\t\t\t<div class=\"elementor-video\"><\/div>\t\t<\/div>\n\t\t\t\t<\/div>\n\t\t\t\t<\/div>\n\t\t\t\t\t<\/div>\n\t\t<\/div>\n\t\t\t\t\t\t\t<\/div>\n\t\t<\/section>\n\t\t\t\t\t\t<\/div>\n\t\t\t\t\t<\/div>\n\t\t","protected":false},"excerpt":{"rendered":"<p>TECHNIK \u017bYWIENIA I US\u0141UG GASTRONOMICZNYCH Absolwent tego kierunku potrafi planowa\u0107 produkcj\u0119 i ustali\u0107 asortyment potraw, dokona\u0107 oceny jako\u015bci surowc\u00f3w, nadzorowa\u0107 proces produkcji i uk\u0142ada\u0107 jad\u0142ospisy. Profesjonalnie prowadzi dokumentacj\u0119 dotycz\u0105c\u0105 produkcji gastronomicznej, potrafi obs\u0142ugiwa\u0107 nowoczesne maszyny i urz\u0105dzenia u\u017cywane w gastronomii, organizuje i nadzoruje obs\u0142ug\u0119 konsument\u00f3w i prac\u0119 magazynu.\u00a0Absolwent mo\u017ce kontynuowa\u0107 nauk\u0119 na studiach wy\u017cszych lub [&hellip;]<\/p>\n","protected":false},"author":1,"featured_media":0,"parent":0,"menu_order":0,"comment_status":"closed","ping_status":"closed","template":"","meta":[],"_links":{"self":[{"href":"https:\/\/troczewski2.pl\/index.php\/wp-json\/wp\/v2\/pages\/3170"}],"collection":[{"href":"https:\/\/troczewski2.pl\/index.php\/wp-json\/wp\/v2\/pages"}],"about":[{"href":"https:\/\/troczewski2.pl\/index.php\/wp-json\/wp\/v2\/types\/page"}],"author":[{"embeddable":true,"href":"https:\/\/troczewski2.pl\/index.php\/wp-json\/wp\/v2\/users\/1"}],"replies":[{"embeddable":true,"href":"https:\/\/troczewski2.pl\/index.php\/wp-json\/wp\/v2\/comments?post=3170"}],"version-history":[{"count":16,"href":"https:\/\/troczewski2.pl\/index.php\/wp-json\/wp\/v2\/pages\/3170\/revisions"}],"predecessor-version":[{"id":8998,"href":"https:\/\/troczewski2.pl\/index.php\/wp-json\/wp\/v2\/pages\/3170\/revisions\/8998"}],"wp:attachment":[{"href":"https:\/\/troczewski2.pl\/index.php\/wp-json\/wp\/v2\/media?parent=3170"}],"curies":[{"name":"wp","href":"https:\/\/api.w.org\/{rel}","templated":true}]}}