{"id":3211,"date":"2021-04-27T14:16:33","date_gmt":"2021-04-27T12:16:33","guid":{"rendered":"https:\/\/troczewski2.pl\/?page_id=3211"},"modified":"2025-01-29T18:29:04","modified_gmt":"2025-01-29T17:29:04","slug":"kucharz","status":"publish","type":"page","link":"https:\/\/troczewski2.pl\/index.php\/kucharz\/","title":{"rendered":"Kucharz"},"content":{"rendered":"\t\t<div data-elementor-type=\"wp-page\" data-elementor-id=\"3211\" class=\"elementor elementor-3211\" data-elementor-settings=\"[]\">\n\t\t\t\t\t\t\t<div class=\"elementor-section-wrap\">\n\t\t\t\t\t\t\t<section class=\"elementor-section elementor-top-section elementor-element elementor-element-5d11db6 elementor-section-boxed elementor-section-height-default elementor-section-height-default elementor-invisible\" data-id=\"5d11db6\" data-element_type=\"section\" data-settings=\"{&quot;animation&quot;:&quot;zoomIn&quot;}\">\n\t\t\t\t\t\t<div class=\"elementor-container elementor-column-gap-default\">\n\t\t\t\t\t<div class=\"elementor-column elementor-col-100 elementor-top-column elementor-element elementor-element-ff2aec2\" data-id=\"ff2aec2\" data-element_type=\"column\">\n\t\t\t<div class=\"elementor-widget-wrap elementor-element-populated\">\n\t\t\t\t\t\t\t\t<div class=\"elementor-element elementor-element-c8a1d4d elementor-widget elementor-widget-heading\" data-id=\"c8a1d4d\" data-element_type=\"widget\" data-widget_type=\"heading.default\">\n\t\t\t\t<div class=\"elementor-widget-container\">\n\t\t\t<h2 class=\"elementor-heading-title elementor-size-xl\">KUCHARZ<\/h2>\t\t<\/div>\n\t\t\t\t<\/div>\n\t\t\t\t\t<\/div>\n\t\t<\/div>\n\t\t\t\t\t\t\t<\/div>\n\t\t<\/section>\n\t\t\t\t<section class=\"elementor-section elementor-top-section elementor-element elementor-element-31aeee6 elementor-section-boxed elementor-section-height-default elementor-section-height-default\" data-id=\"31aeee6\" data-element_type=\"section\">\n\t\t\t\t\t\t<div class=\"elementor-container elementor-column-gap-default\">\n\t\t\t\t\t<div class=\"elementor-column elementor-col-100 elementor-top-column elementor-element elementor-element-7fa5570\" data-id=\"7fa5570\" data-element_type=\"column\">\n\t\t\t<div class=\"elementor-widget-wrap elementor-element-populated\">\n\t\t\t\t\t\t\t\t<div class=\"elementor-element elementor-element-3664d6f elementor-widget elementor-widget-spacer\" data-id=\"3664d6f\" data-element_type=\"widget\" data-widget_type=\"spacer.default\">\n\t\t\t\t<div class=\"elementor-widget-container\">\n\t\t\t\t\t<div class=\"elementor-spacer\">\n\t\t\t<div class=\"elementor-spacer-inner\"><\/div>\n\t\t<\/div>\n\t\t\t\t<\/div>\n\t\t\t\t<\/div>\n\t\t\t\t<div class=\"elementor-element elementor-element-f93f016 elementor-pagination-position-outside elementor-invisible elementor-widget elementor-widget-image-carousel\" data-id=\"f93f016\" data-element_type=\"widget\" data-settings=\"{&quot;slides_to_show&quot;:&quot;1&quot;,&quot;navigation&quot;:&quot;dots&quot;,&quot;_animation&quot;:&quot;zoomIn&quot;,&quot;autoplay&quot;:&quot;yes&quot;,&quot;pause_on_hover&quot;:&quot;yes&quot;,&quot;pause_on_interaction&quot;:&quot;yes&quot;,&quot;autoplay_speed&quot;:5000,&quot;infinite&quot;:&quot;yes&quot;,&quot;effect&quot;:&quot;slide&quot;,&quot;speed&quot;:500}\" data-widget_type=\"image-carousel.default\">\n\t\t\t\t<div class=\"elementor-widget-container\">\n\t\t\t\t\t<div class=\"elementor-image-carousel-wrapper swiper-container\" dir=\"ltr\">\n\t\t\t<div class=\"elementor-image-carousel swiper-wrapper swiper-image-stretch\">\n\t\t\t\t\t\t\t\t<div class=\"swiper-slide\"><figure class=\"swiper-slide-inner\"><img class=\"swiper-slide-image\" src=\"https:\/\/troczewski2.pl\/wp-content\/uploads\/2021\/04\/food-918639_1280.webp\" alt=\"food-918639_1280\" \/><\/figure><\/div><div class=\"swiper-slide\"><figure class=\"swiper-slide-inner\"><img class=\"swiper-slide-image\" src=\"https:\/\/troczewski2.pl\/wp-content\/uploads\/2021\/04\/food-1622390_1920.jpg\" alt=\"food-1622390_1920\" \/><\/figure><\/div><div class=\"swiper-slide\"><figure class=\"swiper-slide-inner\"><img class=\"swiper-slide-image\" src=\"https:\/\/troczewski2.pl\/wp-content\/uploads\/2021\/04\/sous-chef-79598_1920.jpg\" alt=\"sous-chef-79598_1920\" \/><\/figure><\/div>\t\t\t<\/div>\n\t\t\t\t\t\t\t\t\t\t\t\t<div class=\"swiper-pagination\"><\/div>\n\t\t\t\t\t\t\t\t\t\t\t\t\t<\/div>\n\t\t\t\t<\/div>\n\t\t\t\t<\/div>\n\t\t\t\t\t<\/div>\n\t\t<\/div>\n\t\t\t\t\t\t\t<\/div>\n\t\t<\/section>\n\t\t\t\t<section class=\"elementor-section elementor-top-section elementor-element elementor-element-fb3be5a elementor-section-boxed elementor-section-height-default elementor-section-height-default\" data-id=\"fb3be5a\" data-element_type=\"section\">\n\t\t\t\t\t\t<div class=\"elementor-container elementor-column-gap-default\">\n\t\t\t\t\t<div class=\"elementor-column elementor-col-100 elementor-top-column elementor-element elementor-element-9ebcc91\" data-id=\"9ebcc91\" data-element_type=\"column\">\n\t\t\t<div class=\"elementor-widget-wrap elementor-element-populated\">\n\t\t\t\t\t\t\t\t<div class=\"elementor-element elementor-element-d653436 elementor-aspect-ratio-169 elementor-widget elementor-widget-video\" data-id=\"d653436\" data-element_type=\"widget\" data-settings=\"{&quot;youtube_url&quot;:&quot;https:\\\/\\\/www.youtube.com\\\/watch?v=BeB7tNvrbdk&quot;,&quot;video_type&quot;:&quot;youtube&quot;,&quot;controls&quot;:&quot;yes&quot;,&quot;aspect_ratio&quot;:&quot;169&quot;}\" data-widget_type=\"video.default\">\n\t\t\t\t<div class=\"elementor-widget-container\">\n\t\t\t\t\t<div class=\"elementor-wrapper elementor-fit-aspect-ratio elementor-open-inline\">\n\t\t\t<div class=\"elementor-video\"><\/div>\t\t<\/div>\n\t\t\t\t<\/div>\n\t\t\t\t<\/div>\n\t\t\t\t\t<\/div>\n\t\t<\/div>\n\t\t\t\t\t\t\t<\/div>\n\t\t<\/section>\n\t\t\t\t<section class=\"elementor-section elementor-top-section elementor-element elementor-element-dbb25da elementor-section-boxed elementor-section-height-default elementor-section-height-default elementor-invisible\" data-id=\"dbb25da\" data-element_type=\"section\" data-settings=\"{&quot;animation&quot;:&quot;zoomIn&quot;}\">\n\t\t\t\t\t\t<div class=\"elementor-container elementor-column-gap-default\">\n\t\t\t\t\t<div class=\"elementor-column elementor-col-100 elementor-top-column elementor-element elementor-element-1a4d266\" data-id=\"1a4d266\" data-element_type=\"column\">\n\t\t\t<div class=\"elementor-widget-wrap elementor-element-populated\">\n\t\t\t\t\t\t\t\t<div class=\"elementor-element elementor-element-e3aac64 elementor-widget elementor-widget-spacer\" data-id=\"e3aac64\" data-element_type=\"widget\" data-widget_type=\"spacer.default\">\n\t\t\t\t<div class=\"elementor-widget-container\">\n\t\t\t\t\t<div class=\"elementor-spacer\">\n\t\t\t<div class=\"elementor-spacer-inner\"><\/div>\n\t\t<\/div>\n\t\t\t\t<\/div>\n\t\t\t\t<\/div>\n\t\t\t\t<div class=\"elementor-element elementor-element-f3c4f01 elementor-widget elementor-widget-text-editor\" data-id=\"f3c4f01\" data-element_type=\"widget\" data-widget_type=\"text-editor.default\">\n\t\t\t\t<div class=\"elementor-widget-container\">\n\t\t\t\t\t\t\t<div>\n<div>\n<div>\n<div><font face=\"Raleway, sans-serif\"><span style=\"font-size: 18px;\">Kucharz mo\u017ce pracowa\u0107 w restauracjach, barach, kawiarniach, sto\u0142\u00f3wkach, domach wczasowych, sanatoriach, firmach \u015bwiadcz\u0105cych us\u0142ugi cateringowe na terenie kraju i za granic\u0105.<\/span><\/font><\/div><div><font face=\"Raleway, sans-serif\"><span style=\"font-size: 18px;\"><br><\/span><\/font><\/div><div><font face=\"Raleway, sans-serif\"><span style=\"font-size: 18px;\">Absolwent tego kierunku b\u0119dzie potrafi\u0142 przygotowa\u0107 rozmaite potrawy kuchni polskiej oraz pochodz\u0105ce z r\u00f3\u017cnych stron \u015bwiata. W swojej pracy uzyska umiej\u0119tno\u015bci wykorzystywania rozmaitych technik kulinarnych &#8211; od tradycyjnych po nowoczesne. Potrawy i posi\u0142ki b\u0119dzie przygotowywa\u0142 zgodnie z zasadami racjonalnego \u017cywienia, dbaj\u0105c o smakowito\u015b\u0107 i estetyk\u0119.&nbsp;<\/span><\/font><\/div><div><font face=\"Raleway, sans-serif\"><span style=\"font-size: 18px;\"><br><\/span><\/font><\/div><div><font face=\"Raleway, sans-serif\"><span style=\"font-size: 18px;\">Dzi\u015b kucharz to nie tylko rzemie\u015blnik, ale te\u017c artysta. Do \u0142ask wraca prawdziwa sztuka kulinarna, a wraz z ni\u0105 zaw\u00f3d kucharza. W naszej szkole nauczymy Ci\u0119 nie tylko gotowania. Obudzimy w Tobie pasj\u0119, krok po kroku poka\u017cemy, jak przygotowa\u0107 najbardziej wyszukane potrawy. Nauczymy Ci\u0119, jak cieszy\u0107 si\u0119 wsp\u00f3lnym gotowaniem i wreszcie pomo\u017cemy odnale\u017a\u0107 sw\u00f3j indywidualny styl kulinarny.<\/span><\/font><\/div>\n<\/div>\n<\/div>\n<\/div>\t\t\t\t\t\t<\/div>\n\t\t\t\t<\/div>\n\t\t\t\t\t<\/div>\n\t\t<\/div>\n\t\t\t\t\t\t\t<\/div>\n\t\t<\/section>\n\t\t\t\t<section class=\"elementor-section elementor-top-section elementor-element elementor-element-9eba188 elementor-section-boxed elementor-section-height-default elementor-section-height-default\" data-id=\"9eba188\" data-element_type=\"section\">\n\t\t\t\t\t\t<div class=\"elementor-container elementor-column-gap-default\">\n\t\t\t\t\t<div class=\"elementor-column elementor-col-100 elementor-top-column elementor-element elementor-element-3ab3959\" data-id=\"3ab3959\" data-element_type=\"column\">\n\t\t\t<div class=\"elementor-widget-wrap elementor-element-populated\">\n\t\t\t\t\t\t\t\t<div class=\"elementor-element elementor-element-5c8529f elementor-widget elementor-widget-spacer\" data-id=\"5c8529f\" data-element_type=\"widget\" data-widget_type=\"spacer.default\">\n\t\t\t\t<div class=\"elementor-widget-container\">\n\t\t\t\t\t<div class=\"elementor-spacer\">\n\t\t\t<div class=\"elementor-spacer-inner\"><\/div>\n\t\t<\/div>\n\t\t\t\t<\/div>\n\t\t\t\t<\/div>\n\t\t\t\t\t<\/div>\n\t\t<\/div>\n\t\t\t\t\t\t\t<\/div>\n\t\t<\/section>\n\t\t\t\t<section class=\"elementor-section elementor-top-section elementor-element elementor-element-bf65648 elementor-section-boxed elementor-section-height-default elementor-section-height-default\" data-id=\"bf65648\" data-element_type=\"section\">\n\t\t\t\t\t\t<div class=\"elementor-container elementor-column-gap-default\">\n\t\t\t\t\t<div class=\"elementor-column elementor-col-100 elementor-top-column elementor-element elementor-element-025b3dc\" data-id=\"025b3dc\" data-element_type=\"column\">\n\t\t\t<div class=\"elementor-widget-wrap elementor-element-populated\">\n\t\t\t\t\t\t\t\t<div class=\"elementor-element elementor-element-de39c4c elementor-aspect-ratio-169 elementor-widget elementor-widget-video\" data-id=\"de39c4c\" data-element_type=\"widget\" data-settings=\"{&quot;youtube_url&quot;:&quot;https:\\\/\\\/www.youtube.com\\\/watch?v=kS3_HC_NK6s&quot;,&quot;video_type&quot;:&quot;youtube&quot;,&quot;controls&quot;:&quot;yes&quot;,&quot;aspect_ratio&quot;:&quot;169&quot;}\" data-widget_type=\"video.default\">\n\t\t\t\t<div class=\"elementor-widget-container\">\n\t\t\t\t\t<div class=\"elementor-wrapper elementor-fit-aspect-ratio elementor-open-inline\">\n\t\t\t<div class=\"elementor-video\"><\/div>\t\t<\/div>\n\t\t\t\t<\/div>\n\t\t\t\t<\/div>\n\t\t\t\t\t<\/div>\n\t\t<\/div>\n\t\t\t\t\t\t\t<\/div>\n\t\t<\/section>\n\t\t\t\t<section class=\"elementor-section elementor-top-section elementor-element elementor-element-5bdb372 elementor-section-boxed elementor-section-height-default elementor-section-height-default\" data-id=\"5bdb372\" data-element_type=\"section\">\n\t\t\t\t\t\t<div class=\"elementor-container elementor-column-gap-default\">\n\t\t\t\t\t<div class=\"elementor-column elementor-col-100 elementor-top-column elementor-element elementor-element-be2a426\" data-id=\"be2a426\" data-element_type=\"column\">\n\t\t\t<div class=\"elementor-widget-wrap elementor-element-populated\">\n\t\t\t\t\t\t\t\t<div class=\"elementor-element elementor-element-769bc92 elementor-aspect-ratio-169 elementor-widget elementor-widget-video\" data-id=\"769bc92\" data-element_type=\"widget\" data-settings=\"{&quot;youtube_url&quot;:&quot;https:\\\/\\\/www.youtube.com\\\/watch?v=werBAcmTo0g&quot;,&quot;video_type&quot;:&quot;youtube&quot;,&quot;controls&quot;:&quot;yes&quot;,&quot;aspect_ratio&quot;:&quot;169&quot;}\" data-widget_type=\"video.default\">\n\t\t\t\t<div class=\"elementor-widget-container\">\n\t\t\t\t\t<div class=\"elementor-wrapper elementor-fit-aspect-ratio elementor-open-inline\">\n\t\t\t<div class=\"elementor-video\"><\/div>\t\t<\/div>\n\t\t\t\t<\/div>\n\t\t\t\t<\/div>\n\t\t\t\t\t<\/div>\n\t\t<\/div>\n\t\t\t\t\t\t\t<\/div>\n\t\t<\/section>\n\t\t\t\t\t\t<\/div>\n\t\t\t\t\t<\/div>\n\t\t","protected":false},"excerpt":{"rendered":"<p>KUCHARZ Kucharz mo\u017ce pracowa\u0107 w restauracjach, barach, kawiarniach, sto\u0142\u00f3wkach, domach wczasowych, sanatoriach, firmach \u015bwiadcz\u0105cych us\u0142ugi cateringowe na terenie kraju i za granic\u0105.Absolwent tego kierunku b\u0119dzie potrafi\u0142 przygotowa\u0107 rozmaite potrawy kuchni polskiej oraz pochodz\u0105ce z r\u00f3\u017cnych stron \u015bwiata. W swojej pracy uzyska umiej\u0119tno\u015bci wykorzystywania rozmaitych technik kulinarnych &#8211; od tradycyjnych po nowoczesne. Potrawy i posi\u0142ki b\u0119dzie [&hellip;]<\/p>\n","protected":false},"author":1,"featured_media":0,"parent":0,"menu_order":0,"comment_status":"closed","ping_status":"closed","template":"","meta":[],"_links":{"self":[{"href":"https:\/\/troczewski2.pl\/index.php\/wp-json\/wp\/v2\/pages\/3211"}],"collection":[{"href":"https:\/\/troczewski2.pl\/index.php\/wp-json\/wp\/v2\/pages"}],"about":[{"href":"https:\/\/troczewski2.pl\/index.php\/wp-json\/wp\/v2\/types\/page"}],"author":[{"embeddable":true,"href":"https:\/\/troczewski2.pl\/index.php\/wp-json\/wp\/v2\/users\/1"}],"replies":[{"embeddable":true,"href":"https:\/\/troczewski2.pl\/index.php\/wp-json\/wp\/v2\/comments?post=3211"}],"version-history":[{"count":19,"href":"https:\/\/troczewski2.pl\/index.php\/wp-json\/wp\/v2\/pages\/3211\/revisions"}],"predecessor-version":[{"id":9014,"href":"https:\/\/troczewski2.pl\/index.php\/wp-json\/wp\/v2\/pages\/3211\/revisions\/9014"}],"wp:attachment":[{"href":"https:\/\/troczewski2.pl\/index.php\/wp-json\/wp\/v2\/media?parent=3211"}],"curies":[{"name":"wp","href":"https:\/\/api.w.org\/{rel}","templated":true}]}}