{"id":3231,"date":"2021-04-27T14:32:37","date_gmt":"2021-04-27T12:32:37","guid":{"rendered":"https:\/\/troczewski2.pl\/?page_id=3231"},"modified":"2025-02-24T13:03:45","modified_gmt":"2025-02-24T12:03:45","slug":"magazynier-logistyk","status":"publish","type":"page","link":"https:\/\/troczewski2.pl\/index.php\/magazynier-logistyk\/","title":{"rendered":"Magazynier &#8211; Logistyk"},"content":{"rendered":"\t\t<div data-elementor-type=\"wp-page\" data-elementor-id=\"3231\" class=\"elementor elementor-3231\" data-elementor-settings=\"[]\">\n\t\t\t\t\t\t\t<div class=\"elementor-section-wrap\">\n\t\t\t\t\t\t\t<section class=\"elementor-section elementor-top-section elementor-element elementor-element-b538a0c elementor-section-boxed elementor-section-height-default elementor-section-height-default elementor-invisible\" data-id=\"b538a0c\" data-element_type=\"section\" data-settings=\"{&quot;animation&quot;:&quot;zoomIn&quot;}\">\n\t\t\t\t\t\t<div class=\"elementor-container elementor-column-gap-default\">\n\t\t\t\t\t<div class=\"elementor-column elementor-col-100 elementor-top-column elementor-element elementor-element-99f138b\" data-id=\"99f138b\" data-element_type=\"column\">\n\t\t\t<div class=\"elementor-widget-wrap elementor-element-populated\">\n\t\t\t\t\t\t\t\t<div class=\"elementor-element elementor-element-db56f3e elementor-widget elementor-widget-heading\" data-id=\"db56f3e\" data-element_type=\"widget\" data-widget_type=\"heading.default\">\n\t\t\t\t<div class=\"elementor-widget-container\">\n\t\t\t<h2 class=\"elementor-heading-title elementor-size-xl\">MAGAZYNIER - LOGISTYK<\/h2>\t\t<\/div>\n\t\t\t\t<\/div>\n\t\t\t\t\t<\/div>\n\t\t<\/div>\n\t\t\t\t\t\t\t<\/div>\n\t\t<\/section>\n\t\t\t\t<section class=\"elementor-section elementor-top-section elementor-element elementor-element-497bdea elementor-section-boxed elementor-section-height-default elementor-section-height-default\" data-id=\"497bdea\" data-element_type=\"section\">\n\t\t\t\t\t\t<div class=\"elementor-container elementor-column-gap-default\">\n\t\t\t\t\t<div class=\"elementor-column elementor-col-100 elementor-top-column elementor-element elementor-element-19fdc92\" data-id=\"19fdc92\" data-element_type=\"column\">\n\t\t\t<div class=\"elementor-widget-wrap elementor-element-populated\">\n\t\t\t\t\t\t\t\t<div class=\"elementor-element elementor-element-dfc9851 elementor-widget elementor-widget-spacer\" data-id=\"dfc9851\" data-element_type=\"widget\" data-widget_type=\"spacer.default\">\n\t\t\t\t<div class=\"elementor-widget-container\">\n\t\t\t\t\t<div class=\"elementor-spacer\">\n\t\t\t<div class=\"elementor-spacer-inner\"><\/div>\n\t\t<\/div>\n\t\t\t\t<\/div>\n\t\t\t\t<\/div>\n\t\t\t\t<div class=\"elementor-element elementor-element-28b08fd elementor-pagination-position-outside elementor-invisible elementor-widget elementor-widget-image-carousel\" data-id=\"28b08fd\" data-element_type=\"widget\" data-settings=\"{&quot;slides_to_show&quot;:&quot;1&quot;,&quot;navigation&quot;:&quot;dots&quot;,&quot;_animation&quot;:&quot;zoomIn&quot;,&quot;autoplay&quot;:&quot;yes&quot;,&quot;pause_on_hover&quot;:&quot;yes&quot;,&quot;pause_on_interaction&quot;:&quot;yes&quot;,&quot;autoplay_speed&quot;:5000,&quot;infinite&quot;:&quot;yes&quot;,&quot;effect&quot;:&quot;slide&quot;,&quot;speed&quot;:500}\" data-widget_type=\"image-carousel.default\">\n\t\t\t\t<div class=\"elementor-widget-container\">\n\t\t\t\t\t<div class=\"elementor-image-carousel-wrapper swiper-container\" dir=\"ltr\">\n\t\t\t<div class=\"elementor-image-carousel swiper-wrapper swiper-image-stretch\">\n\t\t\t\t\t\t\t\t<div class=\"swiper-slide\"><figure class=\"swiper-slide-inner\"><img class=\"swiper-slide-image\" src=\"https:\/\/troczewski2.pl\/wp-content\/uploads\/2021\/04\/forklift-835340_1920.jpg\" alt=\"forklift-835340_1920\" \/><\/figure><\/div><div class=\"swiper-slide\"><figure class=\"swiper-slide-inner\"><img class=\"swiper-slide-image\" src=\"https:\/\/troczewski2.pl\/wp-content\/uploads\/2021\/04\/high-bay-408222_1920.jpg\" alt=\"high-bay-408222_1920\" \/><\/figure><\/div><div class=\"swiper-slide\"><figure class=\"swiper-slide-inner\"><img class=\"swiper-slide-image\" src=\"https:\/\/troczewski2.pl\/wp-content\/uploads\/2021\/04\/store-5619201_1920.jpg\" alt=\"store-5619201_1920\" \/><\/figure><\/div>\t\t\t<\/div>\n\t\t\t\t\t\t\t\t\t\t\t\t<div class=\"swiper-pagination\"><\/div>\n\t\t\t\t\t\t\t\t\t\t\t\t\t<\/div>\n\t\t\t\t<\/div>\n\t\t\t\t<\/div>\n\t\t\t\t\t<\/div>\n\t\t<\/div>\n\t\t\t\t\t\t\t<\/div>\n\t\t<\/section>\n\t\t\t\t<section class=\"elementor-section elementor-top-section elementor-element elementor-element-ea164d1 elementor-section-boxed elementor-section-height-default elementor-section-height-default\" data-id=\"ea164d1\" data-element_type=\"section\">\n\t\t\t\t\t\t<div class=\"elementor-container elementor-column-gap-default\">\n\t\t\t\t\t<div class=\"elementor-column elementor-col-100 elementor-top-column elementor-element elementor-element-31dc97c\" data-id=\"31dc97c\" data-element_type=\"column\">\n\t\t\t<div class=\"elementor-widget-wrap elementor-element-populated\">\n\t\t\t\t\t\t\t\t<div class=\"elementor-element elementor-element-77d55f1 elementor-aspect-ratio-169 elementor-widget elementor-widget-video\" data-id=\"77d55f1\" data-element_type=\"widget\" data-settings=\"{&quot;youtube_url&quot;:&quot;https:\\\/\\\/youtu.be\\\/waKFykCSKMM?si=Ak9O0W_VTR2raqDv&quot;,&quot;video_type&quot;:&quot;youtube&quot;,&quot;controls&quot;:&quot;yes&quot;,&quot;aspect_ratio&quot;:&quot;169&quot;}\" data-widget_type=\"video.default\">\n\t\t\t\t<div class=\"elementor-widget-container\">\n\t\t\t\t\t<div class=\"elementor-wrapper elementor-fit-aspect-ratio elementor-open-inline\">\n\t\t\t<div class=\"elementor-video\"><\/div>\t\t<\/div>\n\t\t\t\t<\/div>\n\t\t\t\t<\/div>\n\t\t\t\t\t<\/div>\n\t\t<\/div>\n\t\t\t\t\t\t\t<\/div>\n\t\t<\/section>\n\t\t\t\t<section class=\"elementor-section elementor-top-section elementor-element elementor-element-2900fcd elementor-section-boxed elementor-section-height-default elementor-section-height-default\" data-id=\"2900fcd\" data-element_type=\"section\">\n\t\t\t\t\t\t<div class=\"elementor-container elementor-column-gap-default\">\n\t\t\t\t\t<div class=\"elementor-column elementor-col-100 elementor-top-column elementor-element elementor-element-82d23f3\" data-id=\"82d23f3\" data-element_type=\"column\">\n\t\t\t<div class=\"elementor-widget-wrap elementor-element-populated\">\n\t\t\t\t\t\t\t\t<div class=\"elementor-element elementor-element-6eb622b elementor-aspect-ratio-169 elementor-widget elementor-widget-video\" data-id=\"6eb622b\" data-element_type=\"widget\" data-settings=\"{&quot;youtube_url&quot;:&quot;https:\\\/\\\/youtu.be\\\/cpwJtxZfOGg?si=w4ZEw3uySXP-wjWR&quot;,&quot;video_type&quot;:&quot;youtube&quot;,&quot;controls&quot;:&quot;yes&quot;,&quot;aspect_ratio&quot;:&quot;169&quot;}\" data-widget_type=\"video.default\">\n\t\t\t\t<div class=\"elementor-widget-container\">\n\t\t\t\t\t<div class=\"elementor-wrapper elementor-fit-aspect-ratio elementor-open-inline\">\n\t\t\t<div class=\"elementor-video\"><\/div>\t\t<\/div>\n\t\t\t\t<\/div>\n\t\t\t\t<\/div>\n\t\t\t\t\t<\/div>\n\t\t<\/div>\n\t\t\t\t\t\t\t<\/div>\n\t\t<\/section>\n\t\t\t\t<section class=\"elementor-section elementor-top-section elementor-element elementor-element-ee892bb elementor-section-boxed elementor-section-height-default elementor-section-height-default elementor-invisible\" data-id=\"ee892bb\" data-element_type=\"section\" data-settings=\"{&quot;animation&quot;:&quot;zoomIn&quot;}\">\n\t\t\t\t\t\t<div class=\"elementor-container elementor-column-gap-default\">\n\t\t\t\t\t<div class=\"elementor-column elementor-col-100 elementor-top-column elementor-element elementor-element-edaa963\" data-id=\"edaa963\" data-element_type=\"column\">\n\t\t\t<div class=\"elementor-widget-wrap elementor-element-populated\">\n\t\t\t\t\t\t\t\t<div class=\"elementor-element elementor-element-037bdc0 elementor-widget elementor-widget-spacer\" data-id=\"037bdc0\" data-element_type=\"widget\" data-widget_type=\"spacer.default\">\n\t\t\t\t<div class=\"elementor-widget-container\">\n\t\t\t\t\t<div class=\"elementor-spacer\">\n\t\t\t<div class=\"elementor-spacer-inner\"><\/div>\n\t\t<\/div>\n\t\t\t\t<\/div>\n\t\t\t\t<\/div>\n\t\t\t\t<div class=\"elementor-element elementor-element-d29d907 elementor-widget elementor-widget-text-editor\" data-id=\"d29d907\" data-element_type=\"widget\" data-widget_type=\"text-editor.default\">\n\t\t\t\t<div class=\"elementor-widget-container\">\n\t\t\t\t\t\t\t<div><div><div><div><span style=\"font-family: Raleway, sans-serif;\"><span style=\"font-size: 18px;\">Do zada\u0144 magazyniera &#8211; logistyka nale\u017cy kontrola jako\u015bci i ilo\u015bci towaru przyjmowanego i wydawanego, rozmieszczanie towar\u00f3w w magazynie, dokonywanie na bie\u017c\u0105co inwentaryzacji towaru. Potrafi on korzysta\u0107 z narz\u0119dzi do znakowania, pakowania i zabezpieczania towar\u00f3w oraz urz\u0105dze\u0144 do automatycznej identyfikacji towar\u00f3w.<\/span><\/span><\/div><div><span style=\"font-family: Raleway, sans-serif;\"><span style=\"font-size: 18px;\">\u00a0<\/span><\/span><\/div><div><span style=\"font-family: Raleway, sans-serif;\"><span style=\"font-size: 18px;\">Absolwent tego kierunku uzyska wiedz\u0119 na temat zasad gospodarki magazynowej, zdob\u0119dzie umiej\u0119tno\u015bci pracy w zespole, nauczy si\u0119 rozmieszczania towar\u00f3w na um\u00f3wionych miejscach oraz terminowo\u015bci przechowywania towar\u00f3w w magazynie.<\/span><\/span><\/div><div><span style=\"font-family: Raleway, sans-serif;\"><span style=\"font-size: 18px;\">\u00a0<\/span><\/span><\/div><div><span style=\"font-family: Raleway, sans-serif;\"><span style=\"font-size: 18px;\">Zaw\u00f3d magazynier &#8211; logistyk daje bardzo du\u017ce mo\u017cliwo\u015bci zatrudniania na lokalnym i regionalnym rynku pracy. Wykwalifikowaniu pracownicy w tym zawodzie s\u0105 bardzo poszukiwani przez pracodawc\u00f3w.<\/span><\/span><\/div><\/div><\/div><\/div>\t\t\t\t\t\t<\/div>\n\t\t\t\t<\/div>\n\t\t\t\t\t<\/div>\n\t\t<\/div>\n\t\t\t\t\t\t\t<\/div>\n\t\t<\/section>\n\t\t\t\t<section class=\"elementor-section elementor-top-section elementor-element elementor-element-fdab55a elementor-section-boxed elementor-section-height-default elementor-section-height-default\" data-id=\"fdab55a\" data-element_type=\"section\">\n\t\t\t\t\t\t<div class=\"elementor-container elementor-column-gap-default\">\n\t\t\t\t\t<div class=\"elementor-column elementor-col-100 elementor-top-column elementor-element elementor-element-a744d14\" data-id=\"a744d14\" data-element_type=\"column\">\n\t\t\t<div class=\"elementor-widget-wrap elementor-element-populated\">\n\t\t\t\t\t\t\t\t<div class=\"elementor-element elementor-element-766a485 elementor-widget elementor-widget-spacer\" data-id=\"766a485\" data-element_type=\"widget\" data-widget_type=\"spacer.default\">\n\t\t\t\t<div class=\"elementor-widget-container\">\n\t\t\t\t\t<div class=\"elementor-spacer\">\n\t\t\t<div class=\"elementor-spacer-inner\"><\/div>\n\t\t<\/div>\n\t\t\t\t<\/div>\n\t\t\t\t<\/div>\n\t\t\t\t\t<\/div>\n\t\t<\/div>\n\t\t\t\t\t\t\t<\/div>\n\t\t<\/section>\n\t\t\t\t\t\t<\/div>\n\t\t\t\t\t<\/div>\n\t\t","protected":false},"excerpt":{"rendered":"<p>MAGAZYNIER &#8211; LOGISTYK Do zada\u0144 magazyniera &#8211; logistyka nale\u017cy kontrola jako\u015bci i ilo\u015bci towaru przyjmowanego i wydawanego, rozmieszczanie towar\u00f3w w magazynie, dokonywanie na bie\u017c\u0105co inwentaryzacji towaru. Potrafi on korzysta\u0107 z narz\u0119dzi do znakowania, pakowania i zabezpieczania towar\u00f3w oraz urz\u0105dze\u0144 do automatycznej identyfikacji towar\u00f3w.\u00a0Absolwent tego kierunku uzyska wiedz\u0119 na temat zasad gospodarki magazynowej, zdob\u0119dzie umiej\u0119tno\u015bci pracy [&hellip;]<\/p>\n","protected":false},"author":1,"featured_media":0,"parent":0,"menu_order":0,"comment_status":"closed","ping_status":"closed","template":"","meta":[],"_links":{"self":[{"href":"https:\/\/troczewski2.pl\/index.php\/wp-json\/wp\/v2\/pages\/3231"}],"collection":[{"href":"https:\/\/troczewski2.pl\/index.php\/wp-json\/wp\/v2\/pages"}],"about":[{"href":"https:\/\/troczewski2.pl\/index.php\/wp-json\/wp\/v2\/types\/page"}],"author":[{"embeddable":true,"href":"https:\/\/troczewski2.pl\/index.php\/wp-json\/wp\/v2\/users\/1"}],"replies":[{"embeddable":true,"href":"https:\/\/troczewski2.pl\/index.php\/wp-json\/wp\/v2\/comments?post=3231"}],"version-history":[{"count":13,"href":"https:\/\/troczewski2.pl\/index.php\/wp-json\/wp\/v2\/pages\/3231\/revisions"}],"predecessor-version":[{"id":9215,"href":"https:\/\/troczewski2.pl\/index.php\/wp-json\/wp\/v2\/pages\/3231\/revisions\/9215"}],"wp:attachment":[{"href":"https:\/\/troczewski2.pl\/index.php\/wp-json\/wp\/v2\/media?parent=3231"}],"curies":[{"name":"wp","href":"https:\/\/api.w.org\/{rel}","templated":true}]}}