{"id":3263,"date":"2021-04-27T15:13:02","date_gmt":"2021-04-27T13:13:02","guid":{"rendered":"https:\/\/troczewski2.pl\/?page_id=3263"},"modified":"2026-03-05T09:57:34","modified_gmt":"2026-03-05T08:57:34","slug":"rekrutacja","status":"publish","type":"page","link":"https:\/\/troczewski2.pl\/index.php\/rekrutacja\/","title":{"rendered":"Rekrutacja"},"content":{"rendered":"\t\t<div data-elementor-type=\"wp-page\" data-elementor-id=\"3263\" class=\"elementor elementor-3263\" data-elementor-settings=\"[]\">\n\t\t\t\t\t\t\t<div class=\"elementor-section-wrap\">\n\t\t\t\t\t\t\t<section class=\"elementor-section elementor-top-section elementor-element elementor-element-3d734af elementor-section-boxed elementor-section-height-default elementor-section-height-default elementor-invisible\" data-id=\"3d734af\" data-element_type=\"section\" data-settings=\"{&quot;animation&quot;:&quot;fadeInLeft&quot;}\">\n\t\t\t\t\t\t<div class=\"elementor-container elementor-column-gap-default\">\n\t\t\t\t\t<div class=\"elementor-column elementor-col-100 elementor-top-column elementor-element elementor-element-a30bc94\" data-id=\"a30bc94\" data-element_type=\"column\">\n\t\t\t<div class=\"elementor-widget-wrap elementor-element-populated\">\n\t\t\t\t\t\t\t\t<div class=\"elementor-element elementor-element-b2e9fe5 elementor-widget elementor-widget-heading\" data-id=\"b2e9fe5\" data-element_type=\"widget\" data-widget_type=\"heading.default\">\n\t\t\t\t<div class=\"elementor-widget-container\">\n\t\t\t<h2 class=\"elementor-heading-title elementor-size-xl\">REKRUTACJA<\/h2>\t\t<\/div>\n\t\t\t\t<\/div>\n\t\t\t\t\t<\/div>\n\t\t<\/div>\n\t\t\t\t\t\t\t<\/div>\n\t\t<\/section>\n\t\t\t\t<section class=\"elementor-section elementor-top-section elementor-element elementor-element-3dc1e04 elementor-section-boxed elementor-section-height-default elementor-section-height-default\" data-id=\"3dc1e04\" data-element_type=\"section\">\n\t\t\t\t\t\t<div class=\"elementor-container elementor-column-gap-default\">\n\t\t\t\t\t<div class=\"elementor-column elementor-col-100 elementor-top-column elementor-element elementor-element-c1521ed\" data-id=\"c1521ed\" data-element_type=\"column\">\n\t\t\t<div class=\"elementor-widget-wrap elementor-element-populated\">\n\t\t\t\t\t\t\t\t<div class=\"elementor-element elementor-element-67462b3 elementor-widget elementor-widget-spacer\" data-id=\"67462b3\" data-element_type=\"widget\" data-widget_type=\"spacer.default\">\n\t\t\t\t<div class=\"elementor-widget-container\">\n\t\t\t\t\t<div class=\"elementor-spacer\">\n\t\t\t<div class=\"elementor-spacer-inner\"><\/div>\n\t\t<\/div>\n\t\t\t\t<\/div>\n\t\t\t\t<\/div>\n\t\t\t\t\t<\/div>\n\t\t<\/div>\n\t\t\t\t\t\t\t<\/div>\n\t\t<\/section>\n\t\t\t\t<section class=\"elementor-section elementor-top-section elementor-element elementor-element-861f2b1 elementor-section-boxed elementor-section-height-default elementor-section-height-default elementor-invisible\" data-id=\"861f2b1\" data-element_type=\"section\" data-settings=\"{&quot;animation&quot;:&quot;fadeInLeft&quot;}\">\n\t\t\t\t\t\t<div class=\"elementor-container elementor-column-gap-default\">\n\t\t\t\t\t<div class=\"elementor-column elementor-col-100 elementor-top-column elementor-element elementor-element-a4387d8\" data-id=\"a4387d8\" data-element_type=\"column\">\n\t\t\t<div class=\"elementor-widget-wrap elementor-element-populated\">\n\t\t\t\t\t\t\t\t<div class=\"elementor-element elementor-element-3c114a3 elementor-widget elementor-widget-heading\" data-id=\"3c114a3\" data-element_type=\"widget\" data-widget_type=\"heading.default\">\n\t\t\t\t<div class=\"elementor-widget-container\">\n\t\t\t<h2 class=\"elementor-heading-title elementor-size-default\">TERMINY POST\u0118POWANIA REKRUTACYJNEGO - ZARZ\u0104DZENIE \u0141\u00d3DZKIEGO KURATORA O\u015aWIATY<\/h2>\t\t<\/div>\n\t\t\t\t<\/div>\n\t\t\t\t<div class=\"elementor-element elementor-element-34bb895 elementor-align-center elementor-button-success elementor-widget elementor-widget-button\" data-id=\"34bb895\" data-element_type=\"widget\" data-widget_type=\"button.default\">\n\t\t\t\t<div class=\"elementor-widget-container\">\n\t\t\t\t\t<div class=\"elementor-button-wrapper\">\n\t\t\t<a href=\"https:\/\/troczewski2.pl\/wp-content\/uploads\/2026\/03\/Zarzadzenie2026.pdf\" target=\"_blank\" class=\"elementor-button-link elementor-button elementor-size-sm\" role=\"button\">\n\t\t\t\t\t\t<span class=\"elementor-button-content-wrapper\">\n\t\t\t\t\t\t<span class=\"elementor-button-text\">Sprawd\u017a<\/span>\n\t\t<\/span>\n\t\t\t\t\t<\/a>\n\t\t<\/div>\n\t\t\t\t<\/div>\n\t\t\t\t<\/div>\n\t\t\t\t\t<\/div>\n\t\t<\/div>\n\t\t\t\t\t\t\t<\/div>\n\t\t<\/section>\n\t\t\t\t<section class=\"elementor-section elementor-top-section elementor-element elementor-element-0c91eae elementor-section-boxed elementor-section-height-default elementor-section-height-default\" data-id=\"0c91eae\" data-element_type=\"section\">\n\t\t\t\t\t\t<div class=\"elementor-container elementor-column-gap-default\">\n\t\t\t\t\t<div class=\"elementor-column elementor-col-100 elementor-top-column elementor-element elementor-element-e77bd13\" data-id=\"e77bd13\" data-element_type=\"column\">\n\t\t\t<div class=\"elementor-widget-wrap elementor-element-populated\">\n\t\t\t\t\t\t\t\t<div class=\"elementor-element elementor-element-5245661 elementor-widget elementor-widget-image\" data-id=\"5245661\" data-element_type=\"widget\" data-widget_type=\"image.default\">\n\t\t\t\t<div class=\"elementor-widget-container\">\n\t\t\t\t\t\t\t\t\t\t\t\t\t\t\t<img width=\"768\" height=\"1156\" src=\"https:\/\/troczewski2.pl\/wp-content\/uploads\/2026\/03\/rekrutacja-26-768x1156.jpg\" class=\"attachment-medium_large size-medium_large\" alt=\"\" srcset=\"https:\/\/troczewski2.pl\/wp-content\/uploads\/2026\/03\/rekrutacja-26-768x1156.jpg 768w, https:\/\/troczewski2.pl\/wp-content\/uploads\/2026\/03\/rekrutacja-26-scaled-199x300.jpg 199w, https:\/\/troczewski2.pl\/wp-content\/uploads\/2026\/03\/rekrutacja-26-scaled-680x1024.jpg 680w, https:\/\/troczewski2.pl\/wp-content\/uploads\/2026\/03\/rekrutacja-26-scaled-1021x1536.jpg 1021w, https:\/\/troczewski2.pl\/wp-content\/uploads\/2026\/03\/rekrutacja-26-scaled-1361x2048.jpg 1361w, https:\/\/troczewski2.pl\/wp-content\/uploads\/2026\/03\/rekrutacja-26-scaled.jpg 1701w\" sizes=\"(max-width: 768px) 100vw, 768px\" \/>\t\t\t\t\t\t\t\t\t\t\t\t\t\t\t<\/div>\n\t\t\t\t<\/div>\n\t\t\t\t\t<\/div>\n\t\t<\/div>\n\t\t\t\t\t\t\t<\/div>\n\t\t<\/section>\n\t\t\t\t\t\t<\/div>\n\t\t\t\t\t<\/div>\n\t\t","protected":false},"excerpt":{"rendered":"<p>REKRUTACJA TERMINY POST\u0118POWANIA REKRUTACYJNEGO &#8211; ZARZ\u0104DZENIE \u0141\u00d3DZKIEGO KURATORA O\u015aWIATY Sprawd\u017a<\/p>\n","protected":false},"author":1,"featured_media":0,"parent":0,"menu_order":0,"comment_status":"closed","ping_status":"closed","template":"","meta":[],"_links":{"self":[{"href":"https:\/\/troczewski2.pl\/index.php\/wp-json\/wp\/v2\/pages\/3263"}],"collection":[{"href":"https:\/\/troczewski2.pl\/index.php\/wp-json\/wp\/v2\/pages"}],"about":[{"href":"https:\/\/troczewski2.pl\/index.php\/wp-json\/wp\/v2\/types\/page"}],"author":[{"embeddable":true,"href":"https:\/\/troczewski2.pl\/index.php\/wp-json\/wp\/v2\/users\/1"}],"replies":[{"embeddable":true,"href":"https:\/\/troczewski2.pl\/index.php\/wp-json\/wp\/v2\/comments?post=3263"}],"version-history":[{"count":58,"href":"https:\/\/troczewski2.pl\/index.php\/wp-json\/wp\/v2\/pages\/3263\/revisions"}],"predecessor-version":[{"id":12568,"href":"https:\/\/troczewski2.pl\/index.php\/wp-json\/wp\/v2\/pages\/3263\/revisions\/12568"}],"wp:attachment":[{"href":"https:\/\/troczewski2.pl\/index.php\/wp-json\/wp\/v2\/media?parent=3263"}],"curies":[{"name":"wp","href":"https:\/\/api.w.org\/{rel}","templated":true}]}}