{"id":3900,"date":"2021-05-17T09:13:51","date_gmt":"2021-05-17T07:13:51","guid":{"rendered":"https:\/\/troczewski2.pl\/?page_id=3900"},"modified":"2025-09-30T13:07:18","modified_gmt":"2025-09-30T11:07:18","slug":"sekcja-fotograficzna-samorzadu-uczniowskiego","status":"publish","type":"page","link":"https:\/\/troczewski2.pl\/index.php\/sekcja-fotograficzna-samorzadu-uczniowskiego\/","title":{"rendered":"SEKCJA FOTOGRAFICZNA<\/br> SAMORZ\u0104DU UCZNIOWSKIEGO"},"content":{"rendered":"\t\t<div data-elementor-type=\"wp-page\" data-elementor-id=\"3900\" class=\"elementor elementor-3900\" data-elementor-settings=\"[]\">\n\t\t\t\t\t\t\t<div class=\"elementor-section-wrap\">\n\t\t\t\t\t\t\t<section class=\"elementor-section elementor-top-section elementor-element elementor-element-7f2450d elementor-section-boxed elementor-section-height-default elementor-section-height-default elementor-invisible\" data-id=\"7f2450d\" data-element_type=\"section\" data-settings=\"{&quot;animation&quot;:&quot;zoomIn&quot;}\">\n\t\t\t\t\t\t<div class=\"elementor-container elementor-column-gap-default\">\n\t\t\t\t\t<div class=\"elementor-column elementor-col-100 elementor-top-column elementor-element elementor-element-4e9aa2c\" data-id=\"4e9aa2c\" data-element_type=\"column\">\n\t\t\t<div class=\"elementor-widget-wrap elementor-element-populated\">\n\t\t\t\t\t\t\t\t<div class=\"elementor-element elementor-element-40ae14e elementor-widget elementor-widget-heading\" data-id=\"40ae14e\" data-element_type=\"widget\" data-widget_type=\"heading.default\">\n\t\t\t\t<div class=\"elementor-widget-container\">\n\t\t\t<h1 class=\"elementor-heading-title elementor-size-xl\">SEKCJA FOTOGRAFICZNA <br>SAMORZ\u0104DU UCZNIOWSKIEGO<\/h1>\t\t<\/div>\n\t\t\t\t<\/div>\n\t\t\t\t\t<\/div>\n\t\t<\/div>\n\t\t\t\t\t\t\t<\/div>\n\t\t<\/section>\n\t\t\t\t<section class=\"elementor-section elementor-top-section elementor-element elementor-element-a703757 elementor-section-boxed elementor-section-height-default elementor-section-height-default\" data-id=\"a703757\" data-element_type=\"section\">\n\t\t\t\t\t\t<div class=\"elementor-container elementor-column-gap-default\">\n\t\t\t\t\t<div class=\"elementor-column elementor-col-100 elementor-top-column elementor-element elementor-element-aca5faa\" data-id=\"aca5faa\" data-element_type=\"column\">\n\t\t\t<div class=\"elementor-widget-wrap elementor-element-populated\">\n\t\t\t\t\t\t\t\t<div class=\"elementor-element elementor-element-6d3520c elementor-widget elementor-widget-spacer\" data-id=\"6d3520c\" data-element_type=\"widget\" data-widget_type=\"spacer.default\">\n\t\t\t\t<div class=\"elementor-widget-container\">\n\t\t\t\t\t<div class=\"elementor-spacer\">\n\t\t\t<div class=\"elementor-spacer-inner\"><\/div>\n\t\t<\/div>\n\t\t\t\t<\/div>\n\t\t\t\t<\/div>\n\t\t\t\t\t<\/div>\n\t\t<\/div>\n\t\t\t\t\t\t\t<\/div>\n\t\t<\/section>\n\t\t\t\t<section class=\"elementor-section elementor-top-section elementor-element elementor-element-765987c elementor-section-boxed elementor-section-height-default elementor-section-height-default elementor-invisible\" data-id=\"765987c\" data-element_type=\"section\" data-settings=\"{&quot;animation&quot;:&quot;zoomIn&quot;}\">\n\t\t\t\t\t\t<div class=\"elementor-container elementor-column-gap-default\">\n\t\t\t\t\t<div class=\"elementor-column elementor-col-100 elementor-top-column elementor-element elementor-element-2c11ba2\" data-id=\"2c11ba2\" data-element_type=\"column\">\n\t\t\t<div class=\"elementor-widget-wrap elementor-element-populated\">\n\t\t\t\t\t\t\t\t<div class=\"elementor-element elementor-element-ef56996 elementor-widget elementor-widget-image\" data-id=\"ef56996\" data-element_type=\"widget\" data-widget_type=\"image.default\">\n\t\t\t\t<div class=\"elementor-widget-container\">\n\t\t\t\t\t\t\t\t\t\t\t\t\t\t\t<img width=\"1024\" height=\"683\" src=\"https:\/\/troczewski2.pl\/wp-content\/uploads\/2021\/05\/photographer-865295_1920-1024x683.jpg\" class=\"attachment-large size-large\" alt=\"\" srcset=\"https:\/\/troczewski2.pl\/wp-content\/uploads\/2021\/05\/photographer-865295_1920-1024x683.jpg 1024w, https:\/\/troczewski2.pl\/wp-content\/uploads\/2021\/05\/photographer-865295_1920-300x200.jpg 300w, https:\/\/troczewski2.pl\/wp-content\/uploads\/2021\/05\/photographer-865295_1920-768x512.jpg 768w, https:\/\/troczewski2.pl\/wp-content\/uploads\/2021\/05\/photographer-865295_1920-1536x1024.jpg 1536w, https:\/\/troczewski2.pl\/wp-content\/uploads\/2021\/05\/photographer-865295_1920.jpg 1920w\" sizes=\"(max-width: 1024px) 100vw, 1024px\" \/>\t\t\t\t\t\t\t\t\t\t\t\t\t\t\t<\/div>\n\t\t\t\t<\/div>\n\t\t\t\t\t<\/div>\n\t\t<\/div>\n\t\t\t\t\t\t\t<\/div>\n\t\t<\/section>\n\t\t\t\t<section class=\"elementor-section elementor-top-section elementor-element elementor-element-77ca187 elementor-section-boxed elementor-section-height-default elementor-section-height-default elementor-invisible\" data-id=\"77ca187\" data-element_type=\"section\" data-settings=\"{&quot;animation&quot;:&quot;zoomIn&quot;}\">\n\t\t\t\t\t\t<div class=\"elementor-container elementor-column-gap-default\">\n\t\t\t\t\t<div class=\"elementor-column elementor-col-100 elementor-top-column elementor-element elementor-element-7bc95ed\" data-id=\"7bc95ed\" data-element_type=\"column\">\n\t\t\t<div class=\"elementor-widget-wrap elementor-element-populated\">\n\t\t\t\t\t\t\t\t<div class=\"elementor-element elementor-element-6f78a4c elementor-widget elementor-widget-spacer\" data-id=\"6f78a4c\" data-element_type=\"widget\" data-widget_type=\"spacer.default\">\n\t\t\t\t<div class=\"elementor-widget-container\">\n\t\t\t\t\t<div class=\"elementor-spacer\">\n\t\t\t<div class=\"elementor-spacer-inner\"><\/div>\n\t\t<\/div>\n\t\t\t\t<\/div>\n\t\t\t\t<\/div>\n\t\t\t\t<div class=\"elementor-element elementor-element-745bccc elementor-widget elementor-widget-text-editor\" data-id=\"745bccc\" data-element_type=\"widget\" data-widget_type=\"text-editor.default\">\n\t\t\t\t<div class=\"elementor-widget-container\">\n\t\t\t\t\t\t\t<div>\n<div>\n<div>\n<div>\n<div><span style=\"font-family: Raleway, sans-serif;\"><span style=\"font-size: 18px;\">Sekcja fotograficzna \u2013 opiekun: p. Marta Doma\u0144ska<\/span><\/span><\/div>\n<div><span style=\"font-family: Raleway, sans-serif;\"><span style=\"font-size: 18px;\">&nbsp;<\/span><\/span><\/div>\n<div><span style=\"font-family: Raleway, sans-serif;\"><span style=\"font-size: 18px;\">Celem sekcji jest dokumentowanie wydarze\u0144 szkolnych, zamieszczanie informacji i zdj\u0119\u0107 na szkolnej stronie internetowej oraz portalu spo\u0142eczno\u015bciowym facebook, propagowanie sztuki fotograficznej.<\/span><\/span><\/div>\n<\/div>\n<\/div>\n<\/div>\n<\/div>\t\t\t\t\t\t<\/div>\n\t\t\t\t<\/div>\n\t\t\t\t\t<\/div>\n\t\t<\/div>\n\t\t\t\t\t\t\t<\/div>\n\t\t<\/section>\n\t\t\t\t\t\t<\/div>\n\t\t\t\t\t<\/div>\n\t\t","protected":false},"excerpt":{"rendered":"<p>SEKCJA FOTOGRAFICZNA SAMORZ\u0104DU UCZNIOWSKIEGO Sekcja fotograficzna \u2013 opiekun: p. Marta Doma\u0144ska &nbsp; Celem sekcji jest dokumentowanie wydarze\u0144 szkolnych, zamieszczanie informacji i zdj\u0119\u0107 na szkolnej stronie internetowej oraz portalu spo\u0142eczno\u015bciowym facebook, propagowanie sztuki fotograficznej.<\/p>\n","protected":false},"author":1,"featured_media":0,"parent":0,"menu_order":0,"comment_status":"closed","ping_status":"closed","template":"","meta":[],"_links":{"self":[{"href":"https:\/\/troczewski2.pl\/index.php\/wp-json\/wp\/v2\/pages\/3900"}],"collection":[{"href":"https:\/\/troczewski2.pl\/index.php\/wp-json\/wp\/v2\/pages"}],"about":[{"href":"https:\/\/troczewski2.pl\/index.php\/wp-json\/wp\/v2\/types\/page"}],"author":[{"embeddable":true,"href":"https:\/\/troczewski2.pl\/index.php\/wp-json\/wp\/v2\/users\/1"}],"replies":[{"embeddable":true,"href":"https:\/\/troczewski2.pl\/index.php\/wp-json\/wp\/v2\/comments?post=3900"}],"version-history":[{"count":14,"href":"https:\/\/troczewski2.pl\/index.php\/wp-json\/wp\/v2\/pages\/3900\/revisions"}],"predecessor-version":[{"id":10342,"href":"https:\/\/troczewski2.pl\/index.php\/wp-json\/wp\/v2\/pages\/3900\/revisions\/10342"}],"wp:attachment":[{"href":"https:\/\/troczewski2.pl\/index.php\/wp-json\/wp\/v2\/media?parent=3900"}],"curies":[{"name":"wp","href":"https:\/\/api.w.org\/{rel}","templated":true}]}}