{"id":3917,"date":"2021-05-17T09:27:39","date_gmt":"2021-05-17T07:27:39","guid":{"rendered":"https:\/\/troczewski2.pl\/?page_id=3917"},"modified":"2021-12-03T08:20:13","modified_gmt":"2021-12-03T07:20:13","slug":"sekcja-plastyczno-dekoratorska","status":"publish","type":"page","link":"https:\/\/troczewski2.pl\/index.php\/sekcja-plastyczno-dekoratorska\/","title":{"rendered":"SEKCJA <\/br> PLASTYCZNO &#8211; DEKORATORSKA"},"content":{"rendered":"\t\t<div data-elementor-type=\"wp-page\" data-elementor-id=\"3917\" class=\"elementor elementor-3917\" data-elementor-settings=\"[]\">\n\t\t\t\t\t\t\t<div class=\"elementor-section-wrap\">\n\t\t\t\t\t\t\t<section class=\"elementor-section elementor-top-section elementor-element elementor-element-0f35007 elementor-section-boxed elementor-section-height-default elementor-section-height-default elementor-invisible\" data-id=\"0f35007\" data-element_type=\"section\" data-settings=\"{&quot;animation&quot;:&quot;zoomIn&quot;}\">\n\t\t\t\t\t\t<div class=\"elementor-container elementor-column-gap-default\">\n\t\t\t\t\t<div class=\"elementor-column elementor-col-100 elementor-top-column elementor-element elementor-element-470a308\" data-id=\"470a308\" data-element_type=\"column\">\n\t\t\t<div class=\"elementor-widget-wrap elementor-element-populated\">\n\t\t\t\t\t\t\t\t<div class=\"elementor-element elementor-element-7129227 elementor-widget elementor-widget-heading\" data-id=\"7129227\" data-element_type=\"widget\" data-widget_type=\"heading.default\">\n\t\t\t\t<div class=\"elementor-widget-container\">\n\t\t\t<h1 class=\"elementor-heading-title elementor-size-xl\">SEKCJA PLASTYCZNO - DEKORATORSKA<\/h1>\t\t<\/div>\n\t\t\t\t<\/div>\n\t\t\t\t\t<\/div>\n\t\t<\/div>\n\t\t\t\t\t\t\t<\/div>\n\t\t<\/section>\n\t\t\t\t<section class=\"elementor-section elementor-top-section elementor-element elementor-element-2083490 elementor-section-boxed elementor-section-height-default elementor-section-height-default\" data-id=\"2083490\" data-element_type=\"section\">\n\t\t\t\t\t\t<div class=\"elementor-container elementor-column-gap-default\">\n\t\t\t\t\t<div class=\"elementor-column elementor-col-100 elementor-top-column elementor-element elementor-element-a31133f\" data-id=\"a31133f\" data-element_type=\"column\">\n\t\t\t<div class=\"elementor-widget-wrap elementor-element-populated\">\n\t\t\t\t\t\t\t\t<div class=\"elementor-element elementor-element-cccf929 elementor-widget elementor-widget-spacer\" data-id=\"cccf929\" data-element_type=\"widget\" data-widget_type=\"spacer.default\">\n\t\t\t\t<div class=\"elementor-widget-container\">\n\t\t\t\t\t<div class=\"elementor-spacer\">\n\t\t\t<div class=\"elementor-spacer-inner\"><\/div>\n\t\t<\/div>\n\t\t\t\t<\/div>\n\t\t\t\t<\/div>\n\t\t\t\t\t<\/div>\n\t\t<\/div>\n\t\t\t\t\t\t\t<\/div>\n\t\t<\/section>\n\t\t\t\t<section class=\"elementor-section elementor-top-section elementor-element elementor-element-3cc688a elementor-section-boxed elementor-section-height-default elementor-section-height-default elementor-invisible\" data-id=\"3cc688a\" data-element_type=\"section\" data-settings=\"{&quot;animation&quot;:&quot;zoomIn&quot;}\">\n\t\t\t\t\t\t<div class=\"elementor-container elementor-column-gap-default\">\n\t\t\t\t\t<div class=\"elementor-column elementor-col-100 elementor-top-column elementor-element elementor-element-e3f49cf\" data-id=\"e3f49cf\" data-element_type=\"column\">\n\t\t\t<div class=\"elementor-widget-wrap elementor-element-populated\">\n\t\t\t\t\t\t\t\t<div class=\"elementor-element elementor-element-3c4221c elementor-widget elementor-widget-image\" data-id=\"3c4221c\" data-element_type=\"widget\" data-widget_type=\"image.default\">\n\t\t\t\t<div class=\"elementor-widget-container\">\n\t\t\t\t\t\t\t\t\t\t\t\t\t\t\t<img width=\"1024\" height=\"683\" src=\"https:\/\/troczewski2.pl\/wp-content\/uploads\/2021\/05\/color-5821297_1920-1024x683.jpg\" class=\"attachment-large size-large\" alt=\"\" srcset=\"https:\/\/troczewski2.pl\/wp-content\/uploads\/2021\/05\/color-5821297_1920-1024x683.jpg 1024w, https:\/\/troczewski2.pl\/wp-content\/uploads\/2021\/05\/color-5821297_1920-300x200.jpg 300w, https:\/\/troczewski2.pl\/wp-content\/uploads\/2021\/05\/color-5821297_1920-768x512.jpg 768w, https:\/\/troczewski2.pl\/wp-content\/uploads\/2021\/05\/color-5821297_1920-1536x1024.jpg 1536w, https:\/\/troczewski2.pl\/wp-content\/uploads\/2021\/05\/color-5821297_1920.jpg 1920w\" sizes=\"(max-width: 1024px) 100vw, 1024px\" \/>\t\t\t\t\t\t\t\t\t\t\t\t\t\t\t<\/div>\n\t\t\t\t<\/div>\n\t\t\t\t\t<\/div>\n\t\t<\/div>\n\t\t\t\t\t\t\t<\/div>\n\t\t<\/section>\n\t\t\t\t<section class=\"elementor-section elementor-top-section elementor-element elementor-element-4c63f5c elementor-section-boxed elementor-section-height-default elementor-section-height-default elementor-invisible\" data-id=\"4c63f5c\" data-element_type=\"section\" data-settings=\"{&quot;animation&quot;:&quot;zoomIn&quot;}\">\n\t\t\t\t\t\t<div class=\"elementor-container elementor-column-gap-default\">\n\t\t\t\t\t<div class=\"elementor-column elementor-col-100 elementor-top-column elementor-element elementor-element-e70732c\" data-id=\"e70732c\" data-element_type=\"column\">\n\t\t\t<div class=\"elementor-widget-wrap elementor-element-populated\">\n\t\t\t\t\t\t\t\t<div class=\"elementor-element elementor-element-6e7c578 elementor-widget elementor-widget-spacer\" data-id=\"6e7c578\" data-element_type=\"widget\" data-widget_type=\"spacer.default\">\n\t\t\t\t<div class=\"elementor-widget-container\">\n\t\t\t\t\t<div class=\"elementor-spacer\">\n\t\t\t<div class=\"elementor-spacer-inner\"><\/div>\n\t\t<\/div>\n\t\t\t\t<\/div>\n\t\t\t\t<\/div>\n\t\t\t\t<div class=\"elementor-element elementor-element-ad563c4 elementor-widget elementor-widget-text-editor\" data-id=\"ad563c4\" data-element_type=\"widget\" data-widget_type=\"text-editor.default\">\n\t\t\t\t<div class=\"elementor-widget-container\">\n\t\t\t\t\t\t\t<div><div><div><div><div><div><h4>Opiekunem sekcji jest Pani profesor Ma\u0142gorzata Ledzion.<\/h4><h4>Zadaniem sekcji jest :<\/h4><div><ul><li><h4>dba\u0142o\u015b\u0107 o wystr\u00f3j i estetyk\u0119 szko\u0142y,<\/h4><\/li><li><h4>przygotowywanie gazetek okoliczno\u015bciowych,<\/h4><\/li><li><h4>pomoc w przygotowywaniu dekoracji na szkolne uroczysto\u015bci,<\/h4><\/li><li><h4>organizowanie konkurs\u00f3w plastycznych,<\/h4><\/li><li><h4>prezentacja tw\u00f3rczo\u015bci m\u0142odzie\u017cy<\/h4><\/li><\/ul><\/div><p><span style=\"font-family: Raleway, sans-serif;\"><span style=\"font-size: 18px;\"><img class=\"alignnone  wp-image-5014\" src=\"https:\/\/troczewski2.pl\/wp-content\/uploads\/2021\/12\/ga.php_.gif\" alt=\"\" width=\"232\" height=\"153\" \/><img class=\"alignnone  wp-image-5015\" src=\"https:\/\/troczewski2.pl\/wp-content\/uploads\/2021\/12\/ga1.php_.gif\" alt=\"\" width=\"229\" height=\"151\" \/><img class=\"alignnone  wp-image-5017\" src=\"https:\/\/troczewski2.pl\/wp-content\/uploads\/2021\/12\/ga2.php_.gif\" alt=\"\" width=\"227\" height=\"150\" \/><img class=\"alignnone size-full wp-image-5018\" src=\"https:\/\/troczewski2.pl\/wp-content\/uploads\/2021\/12\/ga3.php_.gif\" alt=\"\" width=\"150\" height=\"200\" \/><img class=\"alignnone size-full wp-image-5019\" src=\"https:\/\/troczewski2.pl\/wp-content\/uploads\/2021\/12\/ga4.php_.gif\" alt=\"\" width=\"150\" height=\"112\" \/><img class=\"alignnone size-full wp-image-5020\" src=\"https:\/\/troczewski2.pl\/wp-content\/uploads\/2021\/12\/ga5.php_.gif\" alt=\"\" width=\"150\" height=\"112\" \/><img class=\"alignnone size-full wp-image-5021\" src=\"https:\/\/troczewski2.pl\/wp-content\/uploads\/2021\/12\/ga6.php_.gif\" alt=\"\" width=\"150\" height=\"225\" \/><img class=\"alignnone size-full wp-image-5022\" src=\"https:\/\/troczewski2.pl\/wp-content\/uploads\/2021\/12\/ga7.php_.gif\" alt=\"\" width=\"150\" height=\"99\" \/><img class=\"alignnone size-full wp-image-5023\" src=\"https:\/\/troczewski2.pl\/wp-content\/uploads\/2021\/12\/ga8.php_.gif\" alt=\"\" width=\"150\" height=\"99\" \/><img class=\"alignnone size-full wp-image-5025\" src=\"https:\/\/troczewski2.pl\/wp-content\/uploads\/2021\/12\/ga9.php_.gif\" alt=\"\" width=\"150\" height=\"99\" \/><\/span><\/span><\/p><\/div><\/div><\/div><\/div><\/div><\/div>\t\t\t\t\t\t<\/div>\n\t\t\t\t<\/div>\n\t\t\t\t\t<\/div>\n\t\t<\/div>\n\t\t\t\t\t\t\t<\/div>\n\t\t<\/section>\n\t\t\t\t\t\t<\/div>\n\t\t\t\t\t<\/div>\n\t\t","protected":false},"excerpt":{"rendered":"<p>SEKCJA PLASTYCZNO &#8211; DEKORATORSKA Opiekunem sekcji jest Pani profesor Ma\u0142gorzata Ledzion. Zadaniem sekcji jest : dba\u0142o\u015b\u0107 o wystr\u00f3j i estetyk\u0119 szko\u0142y, przygotowywanie gazetek okoliczno\u015bciowych, pomoc w przygotowywaniu dekoracji na szkolne uroczysto\u015bci, organizowanie konkurs\u00f3w plastycznych, prezentacja tw\u00f3rczo\u015bci m\u0142odzie\u017cy<\/p>\n","protected":false},"author":1,"featured_media":0,"parent":0,"menu_order":0,"comment_status":"closed","ping_status":"closed","template":"","meta":[],"_links":{"self":[{"href":"https:\/\/troczewski2.pl\/index.php\/wp-json\/wp\/v2\/pages\/3917"}],"collection":[{"href":"https:\/\/troczewski2.pl\/index.php\/wp-json\/wp\/v2\/pages"}],"about":[{"href":"https:\/\/troczewski2.pl\/index.php\/wp-json\/wp\/v2\/types\/page"}],"author":[{"embeddable":true,"href":"https:\/\/troczewski2.pl\/index.php\/wp-json\/wp\/v2\/users\/1"}],"replies":[{"embeddable":true,"href":"https:\/\/troczewski2.pl\/index.php\/wp-json\/wp\/v2\/comments?post=3917"}],"version-history":[{"count":15,"href":"https:\/\/troczewski2.pl\/index.php\/wp-json\/wp\/v2\/pages\/3917\/revisions"}],"predecessor-version":[{"id":5056,"href":"https:\/\/troczewski2.pl\/index.php\/wp-json\/wp\/v2\/pages\/3917\/revisions\/5056"}],"wp:attachment":[{"href":"https:\/\/troczewski2.pl\/index.php\/wp-json\/wp\/v2\/media?parent=3917"}],"curies":[{"name":"wp","href":"https:\/\/api.w.org\/{rel}","templated":true}]}}