{"id":3929,"date":"2021-05-17T09:31:43","date_gmt":"2021-05-17T07:31:43","guid":{"rendered":"https:\/\/troczewski2.pl\/?page_id=3929"},"modified":"2022-03-04T09:21:43","modified_gmt":"2022-03-04T08:21:43","slug":"sekcja-kronikarska-samorzadu-uczniowskiego","status":"publish","type":"page","link":"https:\/\/troczewski2.pl\/index.php\/sekcja-kronikarska-samorzadu-uczniowskiego\/","title":{"rendered":"SEKCJA KRONIKARSKA<\/br> SAMORZ\u0104DU UCZNIOWSKIEGO"},"content":{"rendered":"\t\t<div data-elementor-type=\"wp-page\" data-elementor-id=\"3929\" class=\"elementor elementor-3929\" data-elementor-settings=\"[]\">\n\t\t\t\t\t\t\t<div class=\"elementor-section-wrap\">\n\t\t\t\t\t\t\t<section class=\"elementor-section elementor-top-section elementor-element elementor-element-f42c1af elementor-section-boxed elementor-section-height-default elementor-section-height-default elementor-invisible\" data-id=\"f42c1af\" data-element_type=\"section\" data-settings=\"{&quot;animation&quot;:&quot;zoomIn&quot;}\">\n\t\t\t\t\t\t<div class=\"elementor-container elementor-column-gap-default\">\n\t\t\t\t\t<div class=\"elementor-column elementor-col-100 elementor-top-column elementor-element elementor-element-edfcf9a\" data-id=\"edfcf9a\" data-element_type=\"column\">\n\t\t\t<div class=\"elementor-widget-wrap elementor-element-populated\">\n\t\t\t\t\t\t\t\t<div class=\"elementor-element elementor-element-579cfc9 elementor-widget elementor-widget-heading\" data-id=\"579cfc9\" data-element_type=\"widget\" data-widget_type=\"heading.default\">\n\t\t\t\t<div class=\"elementor-widget-container\">\n\t\t\t<h1 class=\"elementor-heading-title elementor-size-xl\">SEKCJA KRONIKARSKA<br>SAMORZ\u0104DU UCZNIOWSKIEGO<\/h1>\t\t<\/div>\n\t\t\t\t<\/div>\n\t\t\t\t\t<\/div>\n\t\t<\/div>\n\t\t\t\t\t\t\t<\/div>\n\t\t<\/section>\n\t\t\t\t<section class=\"elementor-section elementor-top-section elementor-element elementor-element-2cff555 elementor-section-boxed elementor-section-height-default elementor-section-height-default\" data-id=\"2cff555\" data-element_type=\"section\">\n\t\t\t\t\t\t<div class=\"elementor-container elementor-column-gap-default\">\n\t\t\t\t\t<div class=\"elementor-column elementor-col-100 elementor-top-column elementor-element elementor-element-b876b69\" data-id=\"b876b69\" data-element_type=\"column\">\n\t\t\t<div class=\"elementor-widget-wrap elementor-element-populated\">\n\t\t\t\t\t\t\t\t<div class=\"elementor-element elementor-element-068a2d2 elementor-widget elementor-widget-spacer\" data-id=\"068a2d2\" data-element_type=\"widget\" data-widget_type=\"spacer.default\">\n\t\t\t\t<div class=\"elementor-widget-container\">\n\t\t\t\t\t<div class=\"elementor-spacer\">\n\t\t\t<div class=\"elementor-spacer-inner\"><\/div>\n\t\t<\/div>\n\t\t\t\t<\/div>\n\t\t\t\t<\/div>\n\t\t\t\t\t<\/div>\n\t\t<\/div>\n\t\t\t\t\t\t\t<\/div>\n\t\t<\/section>\n\t\t\t\t<section class=\"elementor-section elementor-top-section elementor-element elementor-element-ab7f337 elementor-section-boxed elementor-section-height-default elementor-section-height-default elementor-invisible\" data-id=\"ab7f337\" data-element_type=\"section\" data-settings=\"{&quot;animation&quot;:&quot;zoomIn&quot;}\">\n\t\t\t\t\t\t<div class=\"elementor-container elementor-column-gap-default\">\n\t\t\t\t\t<div class=\"elementor-column elementor-col-100 elementor-top-column elementor-element elementor-element-b322561\" data-id=\"b322561\" data-element_type=\"column\">\n\t\t\t<div class=\"elementor-widget-wrap elementor-element-populated\">\n\t\t\t\t\t\t\t\t<div class=\"elementor-element elementor-element-1ccad40 elementor-widget elementor-widget-image\" data-id=\"1ccad40\" data-element_type=\"widget\" data-widget_type=\"image.default\">\n\t\t\t\t<div class=\"elementor-widget-container\">\n\t\t\t\t\t\t\t\t\t\t\t\t\t\t\t<img width=\"1024\" height=\"683\" src=\"https:\/\/troczewski2.pl\/wp-content\/uploads\/2021\/05\/student-849822_1920-1024x683.jpg\" class=\"attachment-large size-large\" alt=\"\" srcset=\"https:\/\/troczewski2.pl\/wp-content\/uploads\/2021\/05\/student-849822_1920-1024x683.jpg 1024w, https:\/\/troczewski2.pl\/wp-content\/uploads\/2021\/05\/student-849822_1920-300x200.jpg 300w, https:\/\/troczewski2.pl\/wp-content\/uploads\/2021\/05\/student-849822_1920-768x512.jpg 768w, https:\/\/troczewski2.pl\/wp-content\/uploads\/2021\/05\/student-849822_1920-1536x1024.jpg 1536w, https:\/\/troczewski2.pl\/wp-content\/uploads\/2021\/05\/student-849822_1920.jpg 1920w\" sizes=\"(max-width: 1024px) 100vw, 1024px\" \/>\t\t\t\t\t\t\t\t\t\t\t\t\t\t\t<\/div>\n\t\t\t\t<\/div>\n\t\t\t\t\t<\/div>\n\t\t<\/div>\n\t\t\t\t\t\t\t<\/div>\n\t\t<\/section>\n\t\t\t\t<section class=\"elementor-section elementor-top-section elementor-element elementor-element-b642bbd elementor-section-boxed elementor-section-height-default elementor-section-height-default elementor-invisible\" data-id=\"b642bbd\" data-element_type=\"section\" data-settings=\"{&quot;animation&quot;:&quot;zoomIn&quot;}\">\n\t\t\t\t\t\t<div class=\"elementor-container elementor-column-gap-default\">\n\t\t\t\t\t<div class=\"elementor-column elementor-col-100 elementor-top-column elementor-element elementor-element-fe8fe73\" data-id=\"fe8fe73\" data-element_type=\"column\">\n\t\t\t<div class=\"elementor-widget-wrap elementor-element-populated\">\n\t\t\t\t\t\t\t\t<div class=\"elementor-element elementor-element-1ec1a8a elementor-widget elementor-widget-spacer\" data-id=\"1ec1a8a\" data-element_type=\"widget\" data-widget_type=\"spacer.default\">\n\t\t\t\t<div class=\"elementor-widget-container\">\n\t\t\t\t\t<div class=\"elementor-spacer\">\n\t\t\t<div class=\"elementor-spacer-inner\"><\/div>\n\t\t<\/div>\n\t\t\t\t<\/div>\n\t\t\t\t<\/div>\n\t\t\t\t<div class=\"elementor-element elementor-element-50f5df6 elementor-widget elementor-widget-text-editor\" data-id=\"50f5df6\" data-element_type=\"widget\" data-widget_type=\"text-editor.default\">\n\t\t\t\t<div class=\"elementor-widget-container\">\n\t\t\t\t\t\t\t<div><div><div><div><div><div><span style=\"font-family: Raleway, sans-serif;\"><span style=\"font-size: 18px;\">Opiekun: p. prof. Monika \u017buber<\/span><\/span><\/div><div><span style=\"font-family: Raleway, sans-serif;\"><span style=\"font-size: 18px;\">\u00a0<\/span><\/span><\/div><div><span style=\"font-family: Raleway, sans-serif;\"><span style=\"font-size: 18px;\">Zadaniem sekcji jest systematyczne rejestrowanie i zapisywanie wszystkich ciekawych, istotnych, interesuj\u0105cych wydarze\u0144 z \u017cycia szko\u0142y. Poniewa\u017c du\u017co si\u0119 u nas dzieje \u2013 pracy jest sporo. Wydatnie pomagaj\u0105 nam sekcje fotograficzna i kulturalna. Dzi\u0119ki temu i naszej inwencji pozostawiamy dla potomnych barwny, kolorowy, rzetelny zapis naszej bytno\u015bci w szkole, kt\u00f3ry mo\u017cna prze\u015bledzi\u0107 na stronach wielu tom\u00f3w kronik.<\/span><\/span><\/div><\/div><\/div><\/div><\/div><\/div>\t\t\t\t\t\t<\/div>\n\t\t\t\t<\/div>\n\t\t\t\t\t<\/div>\n\t\t<\/div>\n\t\t\t\t\t\t\t<\/div>\n\t\t<\/section>\n\t\t\t\t\t\t<\/div>\n\t\t\t\t\t<\/div>\n\t\t","protected":false},"excerpt":{"rendered":"<p>SEKCJA KRONIKARSKASAMORZ\u0104DU UCZNIOWSKIEGO Opiekun: p. prof. Monika \u017buber\u00a0Zadaniem sekcji jest systematyczne rejestrowanie i zapisywanie wszystkich ciekawych, istotnych, interesuj\u0105cych wydarze\u0144 z \u017cycia szko\u0142y. Poniewa\u017c du\u017co si\u0119 u nas dzieje \u2013 pracy jest sporo. Wydatnie pomagaj\u0105 nam sekcje fotograficzna i kulturalna. Dzi\u0119ki temu i naszej inwencji pozostawiamy dla potomnych barwny, kolorowy, rzetelny zapis naszej bytno\u015bci w szkole, [&hellip;]<\/p>\n","protected":false},"author":1,"featured_media":0,"parent":0,"menu_order":0,"comment_status":"closed","ping_status":"closed","template":"","meta":[],"_links":{"self":[{"href":"https:\/\/troczewski2.pl\/index.php\/wp-json\/wp\/v2\/pages\/3929"}],"collection":[{"href":"https:\/\/troczewski2.pl\/index.php\/wp-json\/wp\/v2\/pages"}],"about":[{"href":"https:\/\/troczewski2.pl\/index.php\/wp-json\/wp\/v2\/types\/page"}],"author":[{"embeddable":true,"href":"https:\/\/troczewski2.pl\/index.php\/wp-json\/wp\/v2\/users\/1"}],"replies":[{"embeddable":true,"href":"https:\/\/troczewski2.pl\/index.php\/wp-json\/wp\/v2\/comments?post=3929"}],"version-history":[{"count":11,"href":"https:\/\/troczewski2.pl\/index.php\/wp-json\/wp\/v2\/pages\/3929\/revisions"}],"predecessor-version":[{"id":5385,"href":"https:\/\/troczewski2.pl\/index.php\/wp-json\/wp\/v2\/pages\/3929\/revisions\/5385"}],"wp:attachment":[{"href":"https:\/\/troczewski2.pl\/index.php\/wp-json\/wp\/v2\/media?parent=3929"}],"curies":[{"name":"wp","href":"https:\/\/api.w.org\/{rel}","templated":true}]}}