{"id":3955,"date":"2021-05-17T09:50:06","date_gmt":"2021-05-17T07:50:06","guid":{"rendered":"https:\/\/troczewski2.pl\/?page_id=3955"},"modified":"2021-05-17T09:56:09","modified_gmt":"2021-05-17T07:56:09","slug":"sekcja-kulturalna-samorzadu-uczniowskiego","status":"publish","type":"page","link":"https:\/\/troczewski2.pl\/index.php\/sekcja-kulturalna-samorzadu-uczniowskiego\/","title":{"rendered":"SEKCJA KULTURALNA<\/br> SAMORZ\u0104DU UCZNIOWSKIEGO"},"content":{"rendered":"\t\t<div data-elementor-type=\"wp-page\" data-elementor-id=\"3955\" class=\"elementor elementor-3955\" data-elementor-settings=\"[]\">\n\t\t\t\t\t\t\t<div class=\"elementor-section-wrap\">\n\t\t\t\t\t\t\t<section class=\"elementor-section elementor-top-section elementor-element elementor-element-0d8b383 elementor-section-boxed elementor-section-height-default elementor-section-height-default elementor-invisible\" data-id=\"0d8b383\" data-element_type=\"section\" data-settings=\"{&quot;animation&quot;:&quot;zoomIn&quot;}\">\n\t\t\t\t\t\t<div class=\"elementor-container elementor-column-gap-default\">\n\t\t\t\t\t<div class=\"elementor-column elementor-col-100 elementor-top-column elementor-element elementor-element-85e1694\" data-id=\"85e1694\" data-element_type=\"column\">\n\t\t\t<div class=\"elementor-widget-wrap elementor-element-populated\">\n\t\t\t\t\t\t\t\t<div class=\"elementor-element elementor-element-3797c37 elementor-widget elementor-widget-heading\" data-id=\"3797c37\" data-element_type=\"widget\" data-widget_type=\"heading.default\">\n\t\t\t\t<div class=\"elementor-widget-container\">\n\t\t\t<h1 class=\"elementor-heading-title elementor-size-xl\">SEKCJA KULTURALNA <br>SAMORZ\u0104DU UCZNIOWSKIEGO<\/h1>\t\t<\/div>\n\t\t\t\t<\/div>\n\t\t\t\t\t<\/div>\n\t\t<\/div>\n\t\t\t\t\t\t\t<\/div>\n\t\t<\/section>\n\t\t\t\t<section class=\"elementor-section elementor-top-section elementor-element elementor-element-db305fa elementor-section-boxed elementor-section-height-default elementor-section-height-default\" data-id=\"db305fa\" data-element_type=\"section\">\n\t\t\t\t\t\t<div class=\"elementor-container elementor-column-gap-default\">\n\t\t\t\t\t<div class=\"elementor-column elementor-col-100 elementor-top-column elementor-element elementor-element-c1650e4\" data-id=\"c1650e4\" data-element_type=\"column\">\n\t\t\t<div class=\"elementor-widget-wrap elementor-element-populated\">\n\t\t\t\t\t\t\t\t<div class=\"elementor-element elementor-element-c8383ba elementor-widget elementor-widget-spacer\" data-id=\"c8383ba\" data-element_type=\"widget\" data-widget_type=\"spacer.default\">\n\t\t\t\t<div class=\"elementor-widget-container\">\n\t\t\t\t\t<div class=\"elementor-spacer\">\n\t\t\t<div class=\"elementor-spacer-inner\"><\/div>\n\t\t<\/div>\n\t\t\t\t<\/div>\n\t\t\t\t<\/div>\n\t\t\t\t\t<\/div>\n\t\t<\/div>\n\t\t\t\t\t\t\t<\/div>\n\t\t<\/section>\n\t\t\t\t<section class=\"elementor-section elementor-top-section elementor-element elementor-element-f79cbd5 elementor-section-boxed elementor-section-height-default elementor-section-height-default elementor-invisible\" data-id=\"f79cbd5\" data-element_type=\"section\" data-settings=\"{&quot;animation&quot;:&quot;zoomIn&quot;}\">\n\t\t\t\t\t\t<div class=\"elementor-container elementor-column-gap-default\">\n\t\t\t\t\t<div class=\"elementor-column elementor-col-100 elementor-top-column elementor-element elementor-element-fe6a033\" data-id=\"fe6a033\" data-element_type=\"column\">\n\t\t\t<div class=\"elementor-widget-wrap elementor-element-populated\">\n\t\t\t\t\t\t\t\t<div class=\"elementor-element elementor-element-cf6df78 elementor-widget elementor-widget-image\" data-id=\"cf6df78\" data-element_type=\"widget\" data-widget_type=\"image.default\">\n\t\t\t\t<div class=\"elementor-widget-container\">\n\t\t\t\t\t\t\t\t\t\t\t\t\t\t\t<img width=\"1024\" height=\"683\" src=\"https:\/\/troczewski2.pl\/wp-content\/uploads\/2021\/05\/calendar-1990453_1920-1024x683.jpg\" class=\"attachment-large size-large\" alt=\"\" srcset=\"https:\/\/troczewski2.pl\/wp-content\/uploads\/2021\/05\/calendar-1990453_1920-1024x683.jpg 1024w, https:\/\/troczewski2.pl\/wp-content\/uploads\/2021\/05\/calendar-1990453_1920-300x200.jpg 300w, https:\/\/troczewski2.pl\/wp-content\/uploads\/2021\/05\/calendar-1990453_1920-768x512.jpg 768w, https:\/\/troczewski2.pl\/wp-content\/uploads\/2021\/05\/calendar-1990453_1920-1536x1024.jpg 1536w, https:\/\/troczewski2.pl\/wp-content\/uploads\/2021\/05\/calendar-1990453_1920.jpg 1920w\" sizes=\"(max-width: 1024px) 100vw, 1024px\" \/>\t\t\t\t\t\t\t\t\t\t\t\t\t\t\t<\/div>\n\t\t\t\t<\/div>\n\t\t\t\t\t<\/div>\n\t\t<\/div>\n\t\t\t\t\t\t\t<\/div>\n\t\t<\/section>\n\t\t\t\t<section class=\"elementor-section elementor-top-section elementor-element elementor-element-116116a elementor-section-boxed elementor-section-height-default elementor-section-height-default elementor-invisible\" data-id=\"116116a\" data-element_type=\"section\" data-settings=\"{&quot;animation&quot;:&quot;zoomIn&quot;}\">\n\t\t\t\t\t\t<div class=\"elementor-container elementor-column-gap-default\">\n\t\t\t\t\t<div class=\"elementor-column elementor-col-100 elementor-top-column elementor-element elementor-element-93abf80\" data-id=\"93abf80\" data-element_type=\"column\">\n\t\t\t<div class=\"elementor-widget-wrap elementor-element-populated\">\n\t\t\t\t\t\t\t\t<div class=\"elementor-element elementor-element-fce306f elementor-widget elementor-widget-spacer\" data-id=\"fce306f\" data-element_type=\"widget\" data-widget_type=\"spacer.default\">\n\t\t\t\t<div class=\"elementor-widget-container\">\n\t\t\t\t\t<div class=\"elementor-spacer\">\n\t\t\t<div class=\"elementor-spacer-inner\"><\/div>\n\t\t<\/div>\n\t\t\t\t<\/div>\n\t\t\t\t<\/div>\n\t\t\t\t<div class=\"elementor-element elementor-element-65162a1 elementor-widget elementor-widget-text-editor\" data-id=\"65162a1\" data-element_type=\"widget\" data-widget_type=\"text-editor.default\">\n\t\t\t\t<div class=\"elementor-widget-container\">\n\t\t\t\t\t\t\t<div>\n<div>\n<div>\n<div>\n<div><div><font face=\"Raleway, sans-serif\"><span style=\"font-size: 18px;\">Opiekunem sekcji jest Pani profesor Beata Micha\u0142kiewicz.<\/span><\/font><\/div><div><font face=\"Raleway, sans-serif\"><span style=\"font-size: 18px;\"><br><\/span><\/font><\/div><div><font face=\"Raleway, sans-serif\"><span style=\"font-size: 18px;\">Zadaniem sekcji jest informowanie o wydarzeniach kulturalnych w mie\u015bcie i regionie, wsp\u00f3\u0142praca z Kutnowskim Domem Kultury.&nbsp;<\/span><\/font><\/div><\/div>\n<\/div>\n<\/div>\n<\/div>\n<\/div>\t\t\t\t\t\t<\/div>\n\t\t\t\t<\/div>\n\t\t\t\t\t<\/div>\n\t\t<\/div>\n\t\t\t\t\t\t\t<\/div>\n\t\t<\/section>\n\t\t\t\t\t\t<\/div>\n\t\t\t\t\t<\/div>\n\t\t","protected":false},"excerpt":{"rendered":"<p>SEKCJA KULTURALNA SAMORZ\u0104DU UCZNIOWSKIEGO Opiekunem sekcji jest Pani profesor Beata Micha\u0142kiewicz.Zadaniem sekcji jest informowanie o wydarzeniach kulturalnych w mie\u015bcie i regionie, wsp\u00f3\u0142praca z Kutnowskim Domem Kultury.&nbsp;<\/p>\n","protected":false},"author":1,"featured_media":0,"parent":0,"menu_order":0,"comment_status":"closed","ping_status":"closed","template":"","meta":[],"_links":{"self":[{"href":"https:\/\/troczewski2.pl\/index.php\/wp-json\/wp\/v2\/pages\/3955"}],"collection":[{"href":"https:\/\/troczewski2.pl\/index.php\/wp-json\/wp\/v2\/pages"}],"about":[{"href":"https:\/\/troczewski2.pl\/index.php\/wp-json\/wp\/v2\/types\/page"}],"author":[{"embeddable":true,"href":"https:\/\/troczewski2.pl\/index.php\/wp-json\/wp\/v2\/users\/1"}],"replies":[{"embeddable":true,"href":"https:\/\/troczewski2.pl\/index.php\/wp-json\/wp\/v2\/comments?post=3955"}],"version-history":[{"count":7,"href":"https:\/\/troczewski2.pl\/index.php\/wp-json\/wp\/v2\/pages\/3955\/revisions"}],"predecessor-version":[{"id":3964,"href":"https:\/\/troczewski2.pl\/index.php\/wp-json\/wp\/v2\/pages\/3955\/revisions\/3964"}],"wp:attachment":[{"href":"https:\/\/troczewski2.pl\/index.php\/wp-json\/wp\/v2\/media?parent=3955"}],"curies":[{"name":"wp","href":"https:\/\/api.w.org\/{rel}","templated":true}]}}