{"id":3993,"date":"2021-05-17T10:09:36","date_gmt":"2021-05-17T08:09:36","guid":{"rendered":"https:\/\/troczewski2.pl\/?page_id=3993"},"modified":"2025-06-16T11:34:56","modified_gmt":"2025-06-16T09:34:56","slug":"szkolne-kolo-ligi-obrony-kraju","status":"publish","type":"page","link":"https:\/\/troczewski2.pl\/index.php\/szkolne-kolo-ligi-obrony-kraju\/","title":{"rendered":"SZKOLNE KO\u0141O <\/br> LIGI OBRONY KRAJU"},"content":{"rendered":"\t\t<div data-elementor-type=\"wp-page\" data-elementor-id=\"3993\" class=\"elementor elementor-3993\" data-elementor-settings=\"[]\">\n\t\t\t\t\t\t\t<div class=\"elementor-section-wrap\">\n\t\t\t\t\t\t\t<section class=\"elementor-section elementor-top-section elementor-element elementor-element-a7e88fc elementor-section-boxed elementor-section-height-default elementor-section-height-default elementor-invisible\" data-id=\"a7e88fc\" data-element_type=\"section\" data-settings=\"{&quot;animation&quot;:&quot;zoomIn&quot;}\">\n\t\t\t\t\t\t<div class=\"elementor-container elementor-column-gap-default\">\n\t\t\t\t\t<div class=\"elementor-column elementor-col-100 elementor-top-column elementor-element elementor-element-460b6d1\" data-id=\"460b6d1\" data-element_type=\"column\">\n\t\t\t<div class=\"elementor-widget-wrap elementor-element-populated\">\n\t\t\t\t\t\t\t\t<div class=\"elementor-element elementor-element-67de350 elementor-widget elementor-widget-heading\" data-id=\"67de350\" data-element_type=\"widget\" data-widget_type=\"heading.default\">\n\t\t\t\t<div class=\"elementor-widget-container\">\n\t\t\t<h1 class=\"elementor-heading-title elementor-size-xl\">SZKOLNE KO\u0141O<br>LIGI OBRONY KRAJU<\/h1>\t\t<\/div>\n\t\t\t\t<\/div>\n\t\t\t\t\t<\/div>\n\t\t<\/div>\n\t\t\t\t\t\t\t<\/div>\n\t\t<\/section>\n\t\t\t\t<section class=\"elementor-section elementor-top-section elementor-element elementor-element-23e484b elementor-section-boxed elementor-section-height-default elementor-section-height-default\" data-id=\"23e484b\" data-element_type=\"section\">\n\t\t\t\t\t\t<div class=\"elementor-container elementor-column-gap-default\">\n\t\t\t\t\t<div class=\"elementor-column elementor-col-100 elementor-top-column elementor-element elementor-element-a93aa72\" data-id=\"a93aa72\" data-element_type=\"column\">\n\t\t\t<div class=\"elementor-widget-wrap elementor-element-populated\">\n\t\t\t\t\t\t\t\t<div class=\"elementor-element elementor-element-9a53b42 elementor-widget elementor-widget-spacer\" data-id=\"9a53b42\" data-element_type=\"widget\" data-widget_type=\"spacer.default\">\n\t\t\t\t<div class=\"elementor-widget-container\">\n\t\t\t\t\t<div class=\"elementor-spacer\">\n\t\t\t<div class=\"elementor-spacer-inner\"><\/div>\n\t\t<\/div>\n\t\t\t\t<\/div>\n\t\t\t\t<\/div>\n\t\t\t\t\t<\/div>\n\t\t<\/div>\n\t\t\t\t\t\t\t<\/div>\n\t\t<\/section>\n\t\t\t\t<section class=\"elementor-section elementor-top-section elementor-element elementor-element-b905c6a elementor-section-boxed elementor-section-height-default elementor-section-height-default\" data-id=\"b905c6a\" data-element_type=\"section\">\n\t\t\t\t\t\t<div class=\"elementor-container elementor-column-gap-default\">\n\t\t\t\t\t<div class=\"elementor-column elementor-col-100 elementor-top-column elementor-element elementor-element-8c36937\" data-id=\"8c36937\" data-element_type=\"column\">\n\t\t\t<div class=\"elementor-widget-wrap elementor-element-populated\">\n\t\t\t\t\t\t\t\t<div class=\"elementor-element elementor-element-1feb1e3 elementor-arrows-position-inside elementor-pagination-position-outside elementor-widget elementor-widget-image-carousel\" data-id=\"1feb1e3\" data-element_type=\"widget\" data-settings=\"{&quot;navigation&quot;:&quot;both&quot;,&quot;autoplay&quot;:&quot;yes&quot;,&quot;pause_on_hover&quot;:&quot;yes&quot;,&quot;pause_on_interaction&quot;:&quot;yes&quot;,&quot;autoplay_speed&quot;:5000,&quot;infinite&quot;:&quot;yes&quot;,&quot;speed&quot;:500}\" data-widget_type=\"image-carousel.default\">\n\t\t\t\t<div class=\"elementor-widget-container\">\n\t\t\t\t\t<div class=\"elementor-image-carousel-wrapper swiper-container\" dir=\"ltr\">\n\t\t\t<div class=\"elementor-image-carousel swiper-wrapper\">\n\t\t\t\t\t\t\t\t<div class=\"swiper-slide\"><figure class=\"swiper-slide-inner\"><img class=\"swiper-slide-image\" src=\"https:\/\/troczewski2.pl\/wp-content\/uploads\/2025\/06\/1000015392-768x432.jpg\" alt=\"1000015392\" \/><\/figure><\/div><div class=\"swiper-slide\"><figure class=\"swiper-slide-inner\"><img class=\"swiper-slide-image\" src=\"https:\/\/troczewski2.pl\/wp-content\/uploads\/2025\/06\/1000015393-768x432.jpg\" alt=\"1000015393\" \/><\/figure><\/div><div class=\"swiper-slide\"><figure class=\"swiper-slide-inner\"><img class=\"swiper-slide-image\" src=\"https:\/\/troczewski2.pl\/wp-content\/uploads\/2025\/06\/1000015382-768x432.jpg\" alt=\"1000015382\" \/><\/figure><\/div><div class=\"swiper-slide\"><figure class=\"swiper-slide-inner\"><img class=\"swiper-slide-image\" src=\"https:\/\/troczewski2.pl\/wp-content\/uploads\/2025\/06\/1000015385-768x432.jpg\" alt=\"1000015385\" \/><\/figure><\/div><div class=\"swiper-slide\"><figure class=\"swiper-slide-inner\"><img class=\"swiper-slide-image\" src=\"https:\/\/troczewski2.pl\/wp-content\/uploads\/2025\/06\/1000015391-768x432.jpg\" alt=\"1000015391\" \/><\/figure><\/div>\t\t\t<\/div>\n\t\t\t\t\t\t\t\t\t\t\t\t<div class=\"swiper-pagination\"><\/div>\n\t\t\t\t\t\t\t\t\t\t\t\t\t<div class=\"elementor-swiper-button elementor-swiper-button-prev\">\n\t\t\t\t\t\t<i class=\"eicon-chevron-left\" aria-hidden=\"true\"><\/i>\n\t\t\t\t\t\t<span class=\"elementor-screen-only\">Poprzednie<\/span>\n\t\t\t\t\t<\/div>\n\t\t\t\t\t<div class=\"elementor-swiper-button elementor-swiper-button-next\">\n\t\t\t\t\t\t<i class=\"eicon-chevron-right\" aria-hidden=\"true\"><\/i>\n\t\t\t\t\t\t<span class=\"elementor-screen-only\">Nast\u0119pne<\/span>\n\t\t\t\t\t<\/div>\n\t\t\t\t\t\t\t\t\t<\/div>\n\t\t\t\t<\/div>\n\t\t\t\t<\/div>\n\t\t\t\t\t<\/div>\n\t\t<\/div>\n\t\t\t\t\t\t\t<\/div>\n\t\t<\/section>\n\t\t\t\t<section class=\"elementor-section elementor-top-section elementor-element elementor-element-34ab174 elementor-section-boxed elementor-section-height-default elementor-section-height-default elementor-invisible\" data-id=\"34ab174\" data-element_type=\"section\" data-settings=\"{&quot;animation&quot;:&quot;zoomIn&quot;}\">\n\t\t\t\t\t\t<div class=\"elementor-container elementor-column-gap-default\">\n\t\t\t\t\t<div class=\"elementor-column elementor-col-100 elementor-top-column elementor-element elementor-element-5187da2\" data-id=\"5187da2\" data-element_type=\"column\">\n\t\t\t<div class=\"elementor-widget-wrap elementor-element-populated\">\n\t\t\t\t\t\t\t\t<div class=\"elementor-element elementor-element-354260a elementor-widget elementor-widget-spacer\" data-id=\"354260a\" data-element_type=\"widget\" data-widget_type=\"spacer.default\">\n\t\t\t\t<div class=\"elementor-widget-container\">\n\t\t\t\t\t<div class=\"elementor-spacer\">\n\t\t\t<div class=\"elementor-spacer-inner\"><\/div>\n\t\t<\/div>\n\t\t\t\t<\/div>\n\t\t\t\t<\/div>\n\t\t\t\t<div class=\"elementor-element elementor-element-ed8ccb1 elementor-widget elementor-widget-text-editor\" data-id=\"ed8ccb1\" data-element_type=\"widget\" data-widget_type=\"text-editor.default\">\n\t\t\t\t<div class=\"elementor-widget-container\">\n\t\t\t\t\t\t\t<div>\n<div>\n<div>\n<div>\n<div>\n<div><span style=\"font-family: Raleway, sans-serif;\"><span style=\"font-size: 18px;\">G\u0142\u00f3wne cele ko\u0142a to:<\/span><\/span><\/div>\n<div>\n<ul>\n<li><span style=\"font-family: Raleway, sans-serif;\"><span style=\"font-size: 18px;\">upowszechnianie w\u015br\u00f3d m\u0142odzie\u017cy znajomo\u015bci zasad ratownictwa pierwszej pomocy przed medycznej;<\/span><\/span><\/li>\n<li><span style=\"font-family: Raleway, sans-serif;\"><span style=\"font-size: 18px;\">\u0107wiczenie umiej\u0119tno\u015bci ratowania poszkodowanych w r\u00f3\u017cnych sytuacjach zagro\u017cenia \u017cycia;<\/span><\/span><\/li>\n<li><span style=\"font-family: Raleway, sans-serif;\"><span style=\"font-size: 18px;\">zapoznanie z terenoznawstwem, zdobywaniem umiej\u0119tno\u015bci orientowania si\u0119 w terenie i pos\u0142ugiwania si\u0119 map\u0105;<\/span><\/span><\/li>\n<\/ul>\n<\/div>\n<div><span style=\"font-family: Raleway, sans-serif;\"><span style=\"font-size: 18px;\">&nbsp;Popularyzacja strzelectwa sportowego, w tym :&nbsp;<\/span><\/span><\/div>\n<div>\n<ul>\n<li><span style=\"font-family: Raleway, sans-serif;\"><span style=\"font-size: 18px;\">Kszta\u0142towanie postawy zawodnika i umiej\u0119tno\u015bci rywalizacji<\/span><\/span><\/li>\n<li><span style=\"font-family: Raleway, sans-serif;\"><span style=\"font-size: 18px;\">Kszta\u0142towanie umiej\u0119tno\u015bci techniki strzelania z broni sportowej w r\u00f3\u017cnych pozycjach strzeleckich<\/span><\/span><\/li>\n<li><span style=\"font-family: Raleway, sans-serif;\"><span style=\"font-size: 18px;\">Reprezentowanie szko\u0142y w zawodach strzeleckich w ramach Powiatowej Ligi Strzeleckiej.<\/span><\/span><\/li>\n<\/ul>\n<\/div>\n<div><span style=\"font-family: Raleway, sans-serif;\"><span style=\"font-size: 18px;\">&nbsp; Cz\u0142onkowie naszego ko\u0142a odnosili liczne sukcesy w zawodach na szczeblu miejskim i powiatowym.<\/span><\/span><\/div>\n<div><span style=\"font-family: Raleway, sans-serif;\"><span style=\"font-size: 18px;\">&nbsp;<\/span><\/span><\/div>\n<h2>&nbsp; &nbsp; &nbsp;Przewodnicz\u0105c\u0105 Ko\u0142a jest Roksana Mi\u0119tkiewicz<\/h2>\n<div><span style=\"font-family: Raleway, sans-serif;\"><span style=\"font-size: 18px;\">&nbsp; <\/span><\/span><span style=\"font-family: Raleway, sans-serif;\"><span style=\"font-size: 18px;\">&nbsp; Opiekunem jest p. Grzegorz Wojtasiak<\/span><\/span><\/div>\n<div><span style=\"font-family: Raleway, sans-serif;\"><span style=\"font-size: 18px;\">&nbsp;<\/span><\/span><\/div>\n<\/div>\n<\/div>\n<\/div>\n<\/div>\n<\/div>\t\t\t\t\t\t<\/div>\n\t\t\t\t<\/div>\n\t\t\t\t\t<\/div>\n\t\t<\/div>\n\t\t\t\t\t\t\t<\/div>\n\t\t<\/section>\n\t\t\t\t\t\t<\/div>\n\t\t\t\t\t<\/div>\n\t\t","protected":false},"excerpt":{"rendered":"<p>SZKOLNE KO\u0141OLIGI OBRONY KRAJU Poprzednie Nast\u0119pne G\u0142\u00f3wne cele ko\u0142a to: upowszechnianie w\u015br\u00f3d m\u0142odzie\u017cy znajomo\u015bci zasad ratownictwa pierwszej pomocy przed medycznej; \u0107wiczenie umiej\u0119tno\u015bci ratowania poszkodowanych w r\u00f3\u017cnych sytuacjach zagro\u017cenia \u017cycia; zapoznanie z terenoznawstwem, zdobywaniem umiej\u0119tno\u015bci orientowania si\u0119 w terenie i pos\u0142ugiwania si\u0119 map\u0105; &nbsp;Popularyzacja strzelectwa sportowego, w tym :&nbsp; Kszta\u0142towanie postawy zawodnika i umiej\u0119tno\u015bci rywalizacji Kszta\u0142towanie [&hellip;]<\/p>\n","protected":false},"author":1,"featured_media":0,"parent":0,"menu_order":0,"comment_status":"closed","ping_status":"closed","template":"","meta":[],"_links":{"self":[{"href":"https:\/\/troczewski2.pl\/index.php\/wp-json\/wp\/v2\/pages\/3993"}],"collection":[{"href":"https:\/\/troczewski2.pl\/index.php\/wp-json\/wp\/v2\/pages"}],"about":[{"href":"https:\/\/troczewski2.pl\/index.php\/wp-json\/wp\/v2\/types\/page"}],"author":[{"embeddable":true,"href":"https:\/\/troczewski2.pl\/index.php\/wp-json\/wp\/v2\/users\/1"}],"replies":[{"embeddable":true,"href":"https:\/\/troczewski2.pl\/index.php\/wp-json\/wp\/v2\/comments?post=3993"}],"version-history":[{"count":14,"href":"https:\/\/troczewski2.pl\/index.php\/wp-json\/wp\/v2\/pages\/3993\/revisions"}],"predecessor-version":[{"id":9942,"href":"https:\/\/troczewski2.pl\/index.php\/wp-json\/wp\/v2\/pages\/3993\/revisions\/9942"}],"wp:attachment":[{"href":"https:\/\/troczewski2.pl\/index.php\/wp-json\/wp\/v2\/media?parent=3993"}],"curies":[{"name":"wp","href":"https:\/\/api.w.org\/{rel}","templated":true}]}}