{"id":4096,"date":"2021-05-17T10:51:58","date_gmt":"2021-05-17T08:51:58","guid":{"rendered":"https:\/\/troczewski2.pl\/?page_id=4096"},"modified":"2025-06-10T11:54:07","modified_gmt":"2025-06-10T09:54:07","slug":"kolo-ligi-ochrony-przyrody","status":"publish","type":"page","link":"https:\/\/troczewski2.pl\/index.php\/kolo-ligi-ochrony-przyrody\/","title":{"rendered":"SZKOLNE KO\u0141O EKOLOGICZNE"},"content":{"rendered":"\t\t<div data-elementor-type=\"wp-page\" data-elementor-id=\"4096\" class=\"elementor elementor-4096\" data-elementor-settings=\"[]\">\n\t\t\t\t\t\t\t<div class=\"elementor-section-wrap\">\n\t\t\t\t\t\t\t<section class=\"elementor-section elementor-top-section elementor-element elementor-element-25e8419 elementor-section-boxed elementor-section-height-default elementor-section-height-default elementor-invisible\" data-id=\"25e8419\" data-element_type=\"section\" data-settings=\"{&quot;animation&quot;:&quot;zoomIn&quot;}\">\n\t\t\t\t\t\t<div class=\"elementor-container elementor-column-gap-default\">\n\t\t\t\t\t<div class=\"elementor-column elementor-col-100 elementor-top-column elementor-element elementor-element-3d56b1b\" data-id=\"3d56b1b\" data-element_type=\"column\">\n\t\t\t<div class=\"elementor-widget-wrap elementor-element-populated\">\n\t\t\t\t\t\t\t\t<div class=\"elementor-element elementor-element-3407425 elementor-widget elementor-widget-heading\" data-id=\"3407425\" data-element_type=\"widget\" data-widget_type=\"heading.default\">\n\t\t\t\t<div class=\"elementor-widget-container\">\n\t\t\t<h1 class=\"elementor-heading-title elementor-size-xl\">SZKOLNE KO\u0141O EKOLOGICZNE<\/h1>\t\t<\/div>\n\t\t\t\t<\/div>\n\t\t\t\t\t<\/div>\n\t\t<\/div>\n\t\t\t\t\t\t\t<\/div>\n\t\t<\/section>\n\t\t\t\t<section class=\"elementor-section elementor-top-section elementor-element elementor-element-7e4ebe4 elementor-section-boxed elementor-section-height-default elementor-section-height-default\" data-id=\"7e4ebe4\" data-element_type=\"section\">\n\t\t\t\t\t\t<div class=\"elementor-container elementor-column-gap-default\">\n\t\t\t\t\t<div class=\"elementor-column elementor-col-100 elementor-top-column elementor-element elementor-element-38e1ee5\" data-id=\"38e1ee5\" data-element_type=\"column\">\n\t\t\t<div class=\"elementor-widget-wrap elementor-element-populated\">\n\t\t\t\t\t\t\t\t<div class=\"elementor-element elementor-element-9b1a17b elementor-widget elementor-widget-spacer\" data-id=\"9b1a17b\" data-element_type=\"widget\" data-widget_type=\"spacer.default\">\n\t\t\t\t<div class=\"elementor-widget-container\">\n\t\t\t\t\t<div class=\"elementor-spacer\">\n\t\t\t<div class=\"elementor-spacer-inner\"><\/div>\n\t\t<\/div>\n\t\t\t\t<\/div>\n\t\t\t\t<\/div>\n\t\t\t\t\t<\/div>\n\t\t<\/div>\n\t\t\t\t\t\t\t<\/div>\n\t\t<\/section>\n\t\t\t\t<section class=\"elementor-section elementor-top-section elementor-element elementor-element-5e34025 elementor-section-boxed elementor-section-height-default elementor-section-height-default elementor-invisible\" data-id=\"5e34025\" data-element_type=\"section\" data-settings=\"{&quot;animation&quot;:&quot;zoomIn&quot;}\">\n\t\t\t\t\t\t<div class=\"elementor-container elementor-column-gap-default\">\n\t\t\t\t\t<div class=\"elementor-column elementor-col-100 elementor-top-column elementor-element elementor-element-632e17a\" data-id=\"632e17a\" data-element_type=\"column\">\n\t\t\t<div class=\"elementor-widget-wrap elementor-element-populated\">\n\t\t\t\t\t\t\t\t<div class=\"elementor-element elementor-element-fba27c7 elementor-arrows-position-inside elementor-pagination-position-outside elementor-widget elementor-widget-image-carousel\" data-id=\"fba27c7\" data-element_type=\"widget\" data-settings=\"{&quot;slides_to_show&quot;:&quot;1&quot;,&quot;navigation&quot;:&quot;both&quot;,&quot;autoplay&quot;:&quot;yes&quot;,&quot;pause_on_hover&quot;:&quot;yes&quot;,&quot;pause_on_interaction&quot;:&quot;yes&quot;,&quot;autoplay_speed&quot;:5000,&quot;infinite&quot;:&quot;yes&quot;,&quot;effect&quot;:&quot;slide&quot;,&quot;speed&quot;:500}\" data-widget_type=\"image-carousel.default\">\n\t\t\t\t<div class=\"elementor-widget-container\">\n\t\t\t\t\t<div class=\"elementor-image-carousel-wrapper swiper-container\" dir=\"ltr\">\n\t\t\t<div class=\"elementor-image-carousel swiper-wrapper\">\n\t\t\t\t\t\t\t\t<div class=\"swiper-slide\"><figure class=\"swiper-slide-inner\"><img class=\"swiper-slide-image\" src=\"https:\/\/troczewski2.pl\/wp-content\/uploads\/2025\/06\/1000014791-1024x768.jpg\" alt=\"1000014791\" \/><\/figure><\/div><div class=\"swiper-slide\"><figure class=\"swiper-slide-inner\"><img class=\"swiper-slide-image\" src=\"https:\/\/troczewski2.pl\/wp-content\/uploads\/2025\/06\/1000014794-1024x576.jpg\" alt=\"1000014794\" \/><\/figure><\/div><div class=\"swiper-slide\"><figure class=\"swiper-slide-inner\"><img class=\"swiper-slide-image\" src=\"https:\/\/troczewski2.pl\/wp-content\/uploads\/2025\/06\/1000015431-scaled-1024x576.jpg\" alt=\"1000015431\" \/><\/figure><\/div><div class=\"swiper-slide\"><figure class=\"swiper-slide-inner\"><img class=\"swiper-slide-image\" src=\"https:\/\/troczewski2.pl\/wp-content\/uploads\/2025\/06\/1000015436-scaled-576x1024.jpg\" alt=\"1000015436\" \/><\/figure><\/div><div class=\"swiper-slide\"><figure class=\"swiper-slide-inner\"><img class=\"swiper-slide-image\" src=\"https:\/\/troczewski2.pl\/wp-content\/uploads\/2025\/06\/1000015440-scaled-1024x768.jpg\" alt=\"1000015440\" \/><\/figure><\/div><div class=\"swiper-slide\"><figure class=\"swiper-slide-inner\"><img class=\"swiper-slide-image\" src=\"https:\/\/troczewski2.pl\/wp-content\/uploads\/2025\/06\/1000010541-scaled-1024x576.jpg\" alt=\"1000010541\" \/><\/figure><\/div><div class=\"swiper-slide\"><figure class=\"swiper-slide-inner\"><img class=\"swiper-slide-image\" src=\"https:\/\/troczewski2.pl\/wp-content\/uploads\/2025\/06\/1000010542-scaled-1024x576.jpg\" alt=\"1000010542\" \/><\/figure><\/div><div class=\"swiper-slide\"><figure class=\"swiper-slide-inner\"><img class=\"swiper-slide-image\" src=\"https:\/\/troczewski2.pl\/wp-content\/uploads\/2025\/06\/1000010543-scaled-1024x576.jpg\" alt=\"1000010543\" \/><\/figure><\/div><div class=\"swiper-slide\"><figure class=\"swiper-slide-inner\"><img class=\"swiper-slide-image\" src=\"https:\/\/troczewski2.pl\/wp-content\/uploads\/2025\/06\/1000013010-scaled-1024x576.jpg\" alt=\"1000013010\" \/><\/figure><\/div><div class=\"swiper-slide\"><figure class=\"swiper-slide-inner\"><img class=\"swiper-slide-image\" src=\"https:\/\/troczewski2.pl\/wp-content\/uploads\/2025\/06\/1000013590-scaled-1024x576.jpg\" alt=\"1000013590\" \/><\/figure><\/div><div class=\"swiper-slide\"><figure class=\"swiper-slide-inner\"><img class=\"swiper-slide-image\" src=\"https:\/\/troczewski2.pl\/wp-content\/uploads\/2025\/06\/1000013599-scaled-1024x576.jpg\" alt=\"1000013599\" \/><\/figure><\/div><div class=\"swiper-slide\"><figure class=\"swiper-slide-inner\"><img class=\"swiper-slide-image\" src=\"https:\/\/troczewski2.pl\/wp-content\/uploads\/2025\/06\/1000013786-scaled-1024x576.jpg\" alt=\"1000013786\" \/><\/figure><\/div><div class=\"swiper-slide\"><figure class=\"swiper-slide-inner\"><img class=\"swiper-slide-image\" src=\"https:\/\/troczewski2.pl\/wp-content\/uploads\/2025\/06\/1000014749-scaled-1024x576.jpg\" alt=\"1000014749\" \/><\/figure><\/div><div class=\"swiper-slide\"><figure class=\"swiper-slide-inner\"><img class=\"swiper-slide-image\" src=\"https:\/\/troczewski2.pl\/wp-content\/uploads\/2025\/06\/1000014759-scaled-1024x576.jpg\" alt=\"1000014759\" \/><\/figure><\/div><div class=\"swiper-slide\"><figure class=\"swiper-slide-inner\"><img class=\"swiper-slide-image\" src=\"https:\/\/troczewski2.pl\/wp-content\/uploads\/2025\/06\/1000014764.jpg\" alt=\"1000014764\" \/><\/figure><\/div>\t\t\t<\/div>\n\t\t\t\t\t\t\t\t\t\t\t\t<div class=\"swiper-pagination\"><\/div>\n\t\t\t\t\t\t\t\t\t\t\t\t\t<div class=\"elementor-swiper-button elementor-swiper-button-prev\">\n\t\t\t\t\t\t<i class=\"eicon-chevron-left\" aria-hidden=\"true\"><\/i>\n\t\t\t\t\t\t<span class=\"elementor-screen-only\">Poprzednie<\/span>\n\t\t\t\t\t<\/div>\n\t\t\t\t\t<div class=\"elementor-swiper-button elementor-swiper-button-next\">\n\t\t\t\t\t\t<i class=\"eicon-chevron-right\" aria-hidden=\"true\"><\/i>\n\t\t\t\t\t\t<span class=\"elementor-screen-only\">Nast\u0119pne<\/span>\n\t\t\t\t\t<\/div>\n\t\t\t\t\t\t\t\t\t<\/div>\n\t\t\t\t<\/div>\n\t\t\t\t<\/div>\n\t\t\t\t\t<\/div>\n\t\t<\/div>\n\t\t\t\t\t\t\t<\/div>\n\t\t<\/section>\n\t\t\t\t<section class=\"elementor-section elementor-top-section elementor-element elementor-element-d3e34fa elementor-section-boxed elementor-section-height-default elementor-section-height-default elementor-invisible\" data-id=\"d3e34fa\" data-element_type=\"section\" data-settings=\"{&quot;animation&quot;:&quot;zoomIn&quot;}\">\n\t\t\t\t\t\t<div class=\"elementor-container elementor-column-gap-default\">\n\t\t\t\t\t<div class=\"elementor-column elementor-col-100 elementor-top-column elementor-element elementor-element-e1ace7f\" data-id=\"e1ace7f\" data-element_type=\"column\">\n\t\t\t<div class=\"elementor-widget-wrap elementor-element-populated\">\n\t\t\t\t\t\t\t\t<div class=\"elementor-element elementor-element-1c7b3e5 elementor-widget elementor-widget-spacer\" data-id=\"1c7b3e5\" data-element_type=\"widget\" data-widget_type=\"spacer.default\">\n\t\t\t\t<div class=\"elementor-widget-container\">\n\t\t\t\t\t<div class=\"elementor-spacer\">\n\t\t\t<div class=\"elementor-spacer-inner\"><\/div>\n\t\t<\/div>\n\t\t\t\t<\/div>\n\t\t\t\t<\/div>\n\t\t\t\t<div class=\"elementor-element elementor-element-4916196 elementor-widget elementor-widget-text-editor\" data-id=\"4916196\" data-element_type=\"widget\" data-widget_type=\"text-editor.default\">\n\t\t\t\t<div class=\"elementor-widget-container\">\n\t\t\t\t\t\t\t<p>Szkolne Ko\u0142o Ekologiczne dzia\u0142a pod kierunkiem pani Katarzyny Gapi\u0144skiej. Cz\u0142onkami ko\u0142a s\u0105 uczniowie klas technikum i szko\u0142y bran\u017cowej. Eko-pracownia umo\u017cliwia m\u0142odzie\u017cy nauk\u0119 poprzez do\u015bwiadczenia i obserwacje, co znacznie u\u0142atwia przyswajanie wiedzy i czyni ciekawym proces dydaktyczny.<br \/><br \/>Nasze dzia\u0142ania to mi\u0119dzy innymi:<\/p><ul><li><p>udzia\u0142 w lekcji promuj\u0105cej sprz\u0105tanie \u015bwiata pod has\u0142em kampanii &#8222;NA STA\u017bY CZYSTEJ ZIEMI&#8221; &#8211; zbiorowe sprz\u0105tanie \u015bmieci z okolic naszej szko\u0142y oraz pobliskiego parku miejskiego<\/p><\/li><li><p>segregacja odpad\u00f3w na terenie naszej szko\u0142y, korzystaj\u0105c z kolorowych pojemnik\u00f3w na r\u00f3\u017cne odpady, pami\u0119tamy jak wa\u017cna jest segregacja oraz recykling<\/p><\/li><li><p>karton na zu\u017cyte pojemniki po tuszach i tonerach w eko-pracowni<\/p><\/li><li><p>akcja proekologicznej przeprowadzonej w ramach Mi\u0119dzynarodowego Dnia Ziemi, maj\u0105ca na celu promowanie postaw proekologicznych w\u015br\u00f3d m\u0142odzie\u017cy<\/p><\/li><li><p>konkursy ekologiczne np. na nakrycie g\u0142owy wykonane z materia\u0142\u00f3w pochodz\u0105cych z recyklingu, konkurs fotograficzny ukazuj\u0105cy pi\u0119kno otaczaj\u0105cej nas przyrody, quiz wiedzy ekologicznej<\/p><\/li><li><p>wystawa kreatywnych eko-plakat\u00f3w<\/p><\/li><li><p align=\"LEFT\">zdj\u0119cie spo\u0142eczno\u015bci szkolnej ubranej na zielono, z balonami w d\u0142oniach, kt\u00f3re zosta\u0142y wypuszczone w niebo jako symbol jedno\u015bci i troski o przyrod\u0119<\/p><\/li><li><p align=\"LEFT\">gablota &#8211; K\u0105cik Ekologiczny<\/p><\/li><li>prezentacje multimedialne i filmy o charakterze ekologicznym na godzinach wychowawczych<\/li><li><p>zaj\u0119cia proekologiczne w ramach projekt\u00f3w, by poszerza\u0107 wiedz\u0119 o ekologii<\/p><\/li><\/ul>\t\t\t\t\t\t<\/div>\n\t\t\t\t<\/div>\n\t\t\t\t\t<\/div>\n\t\t<\/div>\n\t\t\t\t\t\t\t<\/div>\n\t\t<\/section>\n\t\t\t\t\t\t<\/div>\n\t\t\t\t\t<\/div>\n\t\t","protected":false},"excerpt":{"rendered":"<p>SZKOLNE KO\u0141O EKOLOGICZNE Poprzednie Nast\u0119pne Szkolne Ko\u0142o Ekologiczne dzia\u0142a pod kierunkiem pani Katarzyny Gapi\u0144skiej. Cz\u0142onkami ko\u0142a s\u0105 uczniowie klas technikum i szko\u0142y bran\u017cowej. Eko-pracownia umo\u017cliwia m\u0142odzie\u017cy nauk\u0119 poprzez do\u015bwiadczenia i obserwacje, co znacznie u\u0142atwia przyswajanie wiedzy i czyni ciekawym proces dydaktyczny. Nasze dzia\u0142ania to mi\u0119dzy innymi: udzia\u0142 w lekcji promuj\u0105cej sprz\u0105tanie \u015bwiata pod has\u0142em kampanii [&hellip;]<\/p>\n","protected":false},"author":1,"featured_media":0,"parent":0,"menu_order":0,"comment_status":"closed","ping_status":"closed","template":"","meta":[],"_links":{"self":[{"href":"https:\/\/troczewski2.pl\/index.php\/wp-json\/wp\/v2\/pages\/4096"}],"collection":[{"href":"https:\/\/troczewski2.pl\/index.php\/wp-json\/wp\/v2\/pages"}],"about":[{"href":"https:\/\/troczewski2.pl\/index.php\/wp-json\/wp\/v2\/types\/page"}],"author":[{"embeddable":true,"href":"https:\/\/troczewski2.pl\/index.php\/wp-json\/wp\/v2\/users\/1"}],"replies":[{"embeddable":true,"href":"https:\/\/troczewski2.pl\/index.php\/wp-json\/wp\/v2\/comments?post=4096"}],"version-history":[{"count":20,"href":"https:\/\/troczewski2.pl\/index.php\/wp-json\/wp\/v2\/pages\/4096\/revisions"}],"predecessor-version":[{"id":9896,"href":"https:\/\/troczewski2.pl\/index.php\/wp-json\/wp\/v2\/pages\/4096\/revisions\/9896"}],"wp:attachment":[{"href":"https:\/\/troczewski2.pl\/index.php\/wp-json\/wp\/v2\/media?parent=4096"}],"curies":[{"name":"wp","href":"https:\/\/api.w.org\/{rel}","templated":true}]}}