{"id":4748,"date":"2021-10-20T13:45:23","date_gmt":"2021-10-20T11:45:23","guid":{"rendered":"https:\/\/troczewski2.pl\/?page_id=4748"},"modified":"2025-10-08T10:32:46","modified_gmt":"2025-10-08T08:32:46","slug":"pedagog-i-psycholog2","status":"publish","type":"page","link":"https:\/\/troczewski2.pl\/index.php\/pedagog-i-psycholog2\/","title":{"rendered":"Pedagog i psycholog"},"content":{"rendered":"\t\t<div data-elementor-type=\"wp-page\" data-elementor-id=\"4748\" class=\"elementor elementor-4748\" data-elementor-settings=\"[]\">\n\t\t\t\t\t\t\t<div class=\"elementor-section-wrap\">\n\t\t\t\t\t\t\t<section class=\"elementor-section elementor-top-section elementor-element elementor-element-756858af elementor-section-boxed elementor-section-height-default elementor-section-height-default\" data-id=\"756858af\" data-element_type=\"section\">\n\t\t\t\t\t\t<div class=\"elementor-container elementor-column-gap-default\">\n\t\t\t\t\t<div class=\"elementor-column elementor-col-100 elementor-top-column elementor-element elementor-element-32815f5a\" data-id=\"32815f5a\" data-element_type=\"column\">\n\t\t\t<div class=\"elementor-widget-wrap elementor-element-populated\">\n\t\t\t\t\t\t\t\t<div class=\"elementor-element elementor-element-7557945 elementor-widget elementor-widget-text-editor\" data-id=\"7557945\" data-element_type=\"widget\" data-widget_type=\"text-editor.default\">\n\t\t\t\t<div class=\"elementor-widget-container\">\n\t\t\t\t\t\t\t<p><!-- wp:heading {\"level\":1} --><\/p>\n<h1>PSYCHOLOG SZKOLNY<\/h1>\n<p><!-- \/wp:heading --><!-- wp:paragraph --><\/p>\n<p><!-- \/wp:paragraph --><!-- wp:heading --><\/p>\n<h2>mgr AGNIESZKA DR\u0104\u017bKIEWICZ<\/h2>\n<p><!-- \/wp:heading --><!-- wp:heading {\"level\":1} --><\/p>\n<h1>PONIEDZIA\u0141EK<\/h1>\n<p><!-- \/wp:heading --><!-- wp:heading {\"level\":1} --><\/p>\n<h1>8.45 &#8211; 13.45<\/h1>\n<div>\n<div>\u00a0<\/div>\n<\/div>\n<div>\n<h1>WTOREK<\/h1>\n<div>\n<div>\n<h1>9.00 &#8211; 12.30<\/h1>\n<h1>13.15 &#8211; 14.30<\/h1>\n<p>\u00a0<\/p>\n<h1>\u015aRODA<\/h1>\n<h1>7.55 &#8211; 8.55<\/h1>\n<h1>9.40 &#8211; 16.10<\/h1>\n<p>\u00a0<\/p>\n<\/div>\n<\/div>\n<\/div>\n<p><!-- \/wp:heading --><!-- wp:heading {\"level\":1} --><\/p>\n<h1>CZWARTEK<\/h1>\n<p><!-- \/wp:heading --><!-- wp:heading {\"level\":1} --><\/p>\n<h1>9.45 &#8211; 10.45<\/h1>\n<h1>11.35 &#8211; 12.35<\/h1>\n<div>\n<div>\u00a0<\/div>\n<\/div>\n<p><!-- \/wp:heading --><!-- wp:heading {\"level\":1} --><\/p>\n<h1>PI\u0104TEK<\/h1>\n<p><!-- \/wp:heading --><!-- wp:heading {\"level\":1} --><\/p>\n<h1>8.45 &#8211; 12.00<\/h1>\n<p><!-- \/wp:heading --><!-- wp:heading {\"level\":1} --><\/p>\n<h1>\u00a0<\/h1>\n<p><!-- \/wp:heading --><!-- wp:heading {\"level\":1} --><\/p>\n<h1>PEDAGODZY SZKOLNI<\/h1>\n<p><!-- \/wp:heading --><!-- wp:paragraph --><\/p>\n<p><!-- \/wp:paragraph --><!-- wp:heading --><\/p>\n<h2>mgr BARTOSZ KISIELEWSKI<\/h2>\n<p><!-- \/wp:heading --><!-- wp:heading {\"level\":1} --><\/p>\n<h1>PONIEDZIA\u0141EK<\/h1>\n<p><!-- \/wp:heading --><!-- wp:heading {\"level\":1} --><\/p>\n<h1>\u00a0<\/h1>\n<h1>12.00 &#8211; 16.00<\/h1>\n<div>\u00a0<\/div>\n<p><!-- \/wp:heading --><!-- wp:heading {\"level\":1} --><\/p>\n<h1>WTOREK<\/h1>\n<p><!-- \/wp:heading --><!-- wp:heading {\"level\":1} --><\/p>\n<h1>12.00 &#8211; 16.00<\/h1>\n<div>\u00a0<\/div>\n<p><!-- \/wp:heading --><!-- wp:heading {\"level\":1} --><\/p>\n<h1>\u015aRODA<\/h1>\n<p><!-- \/wp:heading --><!-- wp:heading {\"level\":1} --><\/p>\n<h1>8.20 &#8211; 12.20<\/h1>\n<div>\u00a0<\/div>\n<p><!-- \/wp:heading --><!-- wp:heading {\"level\":1} --><\/p>\n<h1>CZWARTEK<\/h1>\n<p><!-- \/wp:heading --><!-- wp:heading {\"level\":1} --><\/p>\n<h1>8.20 &#8211; 12.20<\/h1>\n<div>\u00a0<\/div>\n<p><!-- \/wp:heading --><!-- wp:heading {\"level\":1} --><\/p>\n<h1>PI\u0104TEK<\/h1>\n<p><!-- \/wp:heading --><!-- wp:heading {\"level\":1} --><\/p>\n<h1>8.20 &#8211; 12.20<\/h1>\n<div>\u00a0<\/div>\n<p><!-- \/wp:heading --><!-- wp:paragraph --><\/p>\n<p><!-- \/wp:paragraph --><!-- wp:paragraph --><\/p>\n<p><!-- \/wp:paragraph --><!-- wp:heading --><\/p>\n<h2>mgr AGNIESZKA MOLI\u0143SKA &#8211; JUJKA<\/h2>\n<p><!-- \/wp:heading --><!-- wp:heading {\"level\":1} --><\/p>\n<h1>PONIEDZIA\u0141EK<\/h1>\n<p><!-- \/wp:heading --><!-- wp:heading {\"level\":1} --><\/p>\n<h1>8. 30 &#8211; 12.50<\/h1>\n<div>\u00a0<\/div>\n<p><!-- \/wp:heading --><!-- wp:heading {\"level\":1} --><\/p>\n<h1>WTOREK<\/h1>\n<p><!-- \/wp:heading --><!-- wp:heading {\"level\":1} --><\/p>\n<h1>8.30 &#8211; 9.30<\/h1>\n<div>\u00a0<\/div>\n<p><!-- \/wp:heading --><!-- wp:heading {\"level\":1} --><\/p>\n<h1>\u015aRODA<\/h1>\n<p><!-- \/wp:heading --><!-- wp:heading {\"level\":1} --><\/p>\n<h1>10.00 &#8211; 15.00<\/h1>\n<div>\u00a0<\/div>\n<p><!-- \/wp:heading --><!-- wp:heading {\"level\":1} --><\/p>\n<h1>CZWARTEK<\/h1>\n<p><!-- \/wp:heading --><!-- wp:heading {\"level\":1} --><\/p>\n<h1>9.00 &#8211; 15.00<\/h1>\n<div>\u00a0<\/div>\n<p><!-- \/wp:heading --><!-- wp:heading {\"level\":1} --><\/p>\n<h1>PI\u0104TEK<\/h1>\n<p><!-- \/wp:heading --><!-- wp:heading {\"level\":1} --><\/p>\n<h1>10.00 &#8211; 16.00<\/h1>\n<div>\u00a0<\/div>\n<p><!-- \/wp:heading --><!-- wp:paragraph --><\/p>\n<p><!-- \/wp:paragraph --><!-- wp:paragraph --><\/p>\n<p><strong>tel. 24 355 59 65<\/strong><\/p>\n<p><!-- \/wp:paragraph --><!-- wp:paragraph --><\/p>\n<p><!-- \/wp:paragraph --><\/p>\t\t\t\t\t\t<\/div>\n\t\t\t\t<\/div>\n\t\t\t\t\t<\/div>\n\t\t<\/div>\n\t\t\t\t\t\t\t<\/div>\n\t\t<\/section>\n\t\t\t\t\t\t<\/div>\n\t\t\t\t\t<\/div>\n\t\t","protected":false},"excerpt":{"rendered":"<p>PSYCHOLOG SZKOLNY mgr AGNIESZKA DR\u0104\u017bKIEWICZ PONIEDZIA\u0141EK 8.45 &#8211; 13.45 \u00a0 WTOREK 9.00 &#8211; 12.30 13.15 &#8211; 14.30 \u00a0 \u015aRODA 7.55 &#8211; 8.55 9.40 &#8211; 16.10 \u00a0 CZWARTEK 9.45 &#8211; 10.45 11.35 &#8211; 12.35 \u00a0 PI\u0104TEK 8.45 &#8211; 12.00 \u00a0 PEDAGODZY SZKOLNI mgr BARTOSZ KISIELEWSKI PONIEDZIA\u0141EK \u00a0 12.00 &#8211; 16.00 \u00a0 WTOREK 12.00 &#8211; 16.00 \u00a0 [&hellip;]<\/p>\n","protected":false},"author":1,"featured_media":0,"parent":0,"menu_order":0,"comment_status":"closed","ping_status":"closed","template":"","meta":[],"_links":{"self":[{"href":"https:\/\/troczewski2.pl\/index.php\/wp-json\/wp\/v2\/pages\/4748"}],"collection":[{"href":"https:\/\/troczewski2.pl\/index.php\/wp-json\/wp\/v2\/pages"}],"about":[{"href":"https:\/\/troczewski2.pl\/index.php\/wp-json\/wp\/v2\/types\/page"}],"author":[{"embeddable":true,"href":"https:\/\/troczewski2.pl\/index.php\/wp-json\/wp\/v2\/users\/1"}],"replies":[{"embeddable":true,"href":"https:\/\/troczewski2.pl\/index.php\/wp-json\/wp\/v2\/comments?post=4748"}],"version-history":[{"count":30,"href":"https:\/\/troczewski2.pl\/index.php\/wp-json\/wp\/v2\/pages\/4748\/revisions"}],"predecessor-version":[{"id":10413,"href":"https:\/\/troczewski2.pl\/index.php\/wp-json\/wp\/v2\/pages\/4748\/revisions\/10413"}],"wp:attachment":[{"href":"https:\/\/troczewski2.pl\/index.php\/wp-json\/wp\/v2\/media?parent=4748"}],"curies":[{"name":"wp","href":"https:\/\/api.w.org\/{rel}","templated":true}]}}