{"id":5072,"date":"2021-12-03T16:47:02","date_gmt":"2021-12-03T15:47:02","guid":{"rendered":"https:\/\/troczewski2.pl\/?page_id=5072"},"modified":"2021-12-06T20:25:14","modified_gmt":"2021-12-06T19:25:14","slug":"szkolne-kolo-pck","status":"publish","type":"page","link":"https:\/\/troczewski2.pl\/index.php\/szkolne-kolo-pck\/","title":{"rendered":"SZKOLNE KO\u0141O PCK"},"content":{"rendered":"\t\t<div data-elementor-type=\"wp-page\" data-elementor-id=\"5072\" class=\"elementor elementor-5072\" data-elementor-settings=\"[]\">\n\t\t\t\t\t\t\t<div class=\"elementor-section-wrap\">\n\t\t\t\t\t\t\t<section class=\"elementor-section elementor-top-section elementor-element elementor-element-5a721877 elementor-section-boxed elementor-section-height-default elementor-section-height-default\" data-id=\"5a721877\" data-element_type=\"section\">\n\t\t\t\t\t\t<div class=\"elementor-container elementor-column-gap-default\">\n\t\t\t\t\t<div class=\"elementor-column elementor-col-100 elementor-top-column elementor-element elementor-element-1ce58001\" data-id=\"1ce58001\" data-element_type=\"column\">\n\t\t\t<div class=\"elementor-widget-wrap elementor-element-populated\">\n\t\t\t\t\t\t\t\t<div class=\"elementor-element elementor-element-5415ce4d elementor-widget elementor-widget-text-editor\" data-id=\"5415ce4d\" data-element_type=\"widget\" data-widget_type=\"text-editor.default\">\n\t\t\t\t<div class=\"elementor-widget-container\">\n\t\t\t\t\t\t\t<h3><img class=\"alignnone size-medium wp-image-5080\" src=\"https:\/\/troczewski2.pl\/wp-content\/uploads\/2021\/12\/krzyz-300x300.jpg\" alt=\"\" width=\"300\" height=\"300\" srcset=\"https:\/\/troczewski2.pl\/wp-content\/uploads\/2021\/12\/krzyz-300x300.jpg 300w, https:\/\/troczewski2.pl\/wp-content\/uploads\/2021\/12\/krzyz-1024x1024.jpg 1024w, https:\/\/troczewski2.pl\/wp-content\/uploads\/2021\/12\/krzyz-150x150.jpg 150w, https:\/\/troczewski2.pl\/wp-content\/uploads\/2021\/12\/krzyz-768x768.jpg 768w, https:\/\/troczewski2.pl\/wp-content\/uploads\/2021\/12\/krzyz.jpg 1181w\" sizes=\"(max-width: 300px) 100vw, 300px\" \/>\u201eCz\u0142owiek jest tyle wart<\/h3><h3>\u00a0\u00a0\u00a0\u00a0\u00a0\u00a0\u00a0\u00a0\u00a0\u00a0\u00a0\u00a0\u00a0\u00a0\u00a0\u00a0\u00a0\u00a0\u00a0\u00a0\u00a0\u00a0 \u00a0ile mo\u017ce da\u0107 drugiemu cz\u0142owiekowi..\u201d<\/h3><h3>Ko\u0142o PCK jest cenn\u0105 form\u0105 pracy z uczniami, kt\u00f3rzy chc\u0105 nie\u015b\u0107 pomoc drugiemu cz\u0142owiekowi. M\u0142odzie\u017c w wieku dorastania potrzebuje pozytywnych wzorc\u00f3w, mo\u017cliwo\u015bci samorealizacji oraz zadysponowania potencja\u0142u energii i pomys\u0142\u00f3w. Wystarczy wskaza\u0107 jej w\u0142a\u015bciw\u0105 drog\u0119 dzia\u0142a\u0144, a praca w kole PCK daje tak\u0105 mo\u017cliwo\u015b\u0107.<\/h3><h3>Pomoc drugiemu cz\u0142owiekowi jest has\u0142em przewodnim, kt\u00f3re przy\u015bwieca Polskiemu Czerwonemu Krzy\u017cowi, dlatego staramy si\u0119 podejmowa\u0107 dzia\u0142ania maj\u0105ce na celu propagowanie idei humanitaryzmu.<\/h3><h3>Program ko\u0142a zawiera:<\/h3><h3>&#8211; propagowanie zdrowego stylu \u017cycia poprzez propagowanie zdrowego od\u017cywiania si\u0119, zasad zdrowych form sp\u0119dzania wolnego czasu,<\/h3><h3>&#8211; popularyzacja wiedzy dotycz\u0105cej szkodliwo\u015bci palenia papieros\u00f3w, picia alkoholu, u\u017cywania narkotyk\u00f3w lub innych \u015brodk\u00f3w odurzaj\u0105cych<\/h3><h3>&#8211; popularyzacja wiedzy z zakresu udzielania pierwszej pomocy przedlekarskiej<\/h3><h3>&#8211; propagowanie idei wolontariatu<\/h3><h3>&#8211; upowszechnianie idei honorowego krwiodawstwa<\/h3><h3>&#8211; kszta\u0142towanie w\u015br\u00f3d uczni\u00f3w aktywnej postawy przejawiaj\u0105cej si\u0119 we wra\u017cliwo\u015bci na drugiego cz\u0142owieka<\/h3><h3>&#8211; wyrabianie gotowo\u015bci do niesienia pomocy.<\/h3><h3>Opiekunami ko\u0142a s\u0105: p. Agnieszka Mularczyk oraz p. Anna Sujecka<\/h3>\t\t\t\t\t\t<\/div>\n\t\t\t\t<\/div>\n\t\t\t\t\t<\/div>\n\t\t<\/div>\n\t\t\t\t\t\t\t<\/div>\n\t\t<\/section>\n\t\t\t\t\t\t<\/div>\n\t\t\t\t\t<\/div>\n\t\t","protected":false},"excerpt":{"rendered":"<p>\u201eCz\u0142owiek jest tyle wart \u00a0\u00a0\u00a0\u00a0\u00a0\u00a0\u00a0\u00a0\u00a0\u00a0\u00a0\u00a0\u00a0\u00a0\u00a0\u00a0\u00a0\u00a0\u00a0\u00a0\u00a0\u00a0 \u00a0ile mo\u017ce da\u0107 drugiemu cz\u0142owiekowi..\u201d Ko\u0142o PCK jest cenn\u0105 form\u0105 pracy z uczniami, kt\u00f3rzy chc\u0105 nie\u015b\u0107 pomoc drugiemu cz\u0142owiekowi. M\u0142odzie\u017c w wieku dorastania potrzebuje pozytywnych wzorc\u00f3w, mo\u017cliwo\u015bci samorealizacji oraz zadysponowania potencja\u0142u energii i pomys\u0142\u00f3w. Wystarczy wskaza\u0107 jej w\u0142a\u015bciw\u0105 drog\u0119 dzia\u0142a\u0144, a praca w kole PCK daje tak\u0105 mo\u017cliwo\u015b\u0107. Pomoc drugiemu [&hellip;]<\/p>\n","protected":false},"author":1,"featured_media":0,"parent":0,"menu_order":0,"comment_status":"closed","ping_status":"closed","template":"","meta":[],"_links":{"self":[{"href":"https:\/\/troczewski2.pl\/index.php\/wp-json\/wp\/v2\/pages\/5072"}],"collection":[{"href":"https:\/\/troczewski2.pl\/index.php\/wp-json\/wp\/v2\/pages"}],"about":[{"href":"https:\/\/troczewski2.pl\/index.php\/wp-json\/wp\/v2\/types\/page"}],"author":[{"embeddable":true,"href":"https:\/\/troczewski2.pl\/index.php\/wp-json\/wp\/v2\/users\/1"}],"replies":[{"embeddable":true,"href":"https:\/\/troczewski2.pl\/index.php\/wp-json\/wp\/v2\/comments?post=5072"}],"version-history":[{"count":16,"href":"https:\/\/troczewski2.pl\/index.php\/wp-json\/wp\/v2\/pages\/5072\/revisions"}],"predecessor-version":[{"id":5092,"href":"https:\/\/troczewski2.pl\/index.php\/wp-json\/wp\/v2\/pages\/5072\/revisions\/5092"}],"wp:attachment":[{"href":"https:\/\/troczewski2.pl\/index.php\/wp-json\/wp\/v2\/media?parent=5072"}],"curies":[{"name":"wp","href":"https:\/\/api.w.org\/{rel}","templated":true}]}}