{"id":5188,"date":"2021-12-10T22:18:39","date_gmt":"2021-12-10T21:18:39","guid":{"rendered":"https:\/\/troczewski2.pl\/?page_id=5188"},"modified":"2025-05-16T09:41:32","modified_gmt":"2025-05-16T07:41:32","slug":"erasmus-2","status":"publish","type":"page","link":"https:\/\/troczewski2.pl\/index.php\/erasmus-2\/","title":{"rendered":"ERASMUS"},"content":{"rendered":"\n<figure class=\"wp-block-embed is-type-wp-embed is-provider-zespol-szkol-zawodowych-nr-2-im-dr-a-troczewskiego-w-kutnie wp-block-embed-zespol-szkol-zawodowych-nr-2-im-dr-a-troczewskiego-w-kutnie\"><div class=\"wp-block-embed__wrapper\">\n<div class=\"oceanwp-oembed-wrap clr\"><blockquote class=\"wp-embedded-content\" data-secret=\"lzADlspbvb\"><a href=\"https:\/\/troczewski2.pl\/index.php\/2025\/05\/15\/pierwszy-tydzien-na-krecie-za-nami\/\">Pierwszy tydzie\u0144  na Krecie  za nami !!!<\/a><\/blockquote><iframe class=\"wp-embedded-content\" sandbox=\"allow-scripts\" security=\"restricted\" style=\"position: absolute; clip: rect(1px, 1px, 1px, 1px);\" title=\"&#8222;Pierwszy tydzie\u0144  na Krecie  za nami !!!&#8221; &#8212; Zesp\u00f3\u0142 Szk\u00f3\u0142 Zawodowych Nr 2 im. dr. A. Troczewskiego w Kutnie.\" src=\"https:\/\/troczewski2.pl\/index.php\/2025\/05\/15\/pierwszy-tydzien-na-krecie-za-nami\/embed\/#?secret=lzADlspbvb\" data-secret=\"lzADlspbvb\" width=\"600\" height=\"338\" frameborder=\"0\" marginwidth=\"0\" marginheight=\"0\" scrolling=\"no\"><\/iframe><\/div>\n<\/div><\/figure>\n\n\n\n<p><\/p>\n\n\n\n<p>13 listopada 2024 r.<\/p>\n\n\n\n<figure class=\"wp-block-image size-large\"><img width=\"799\" height=\"1024\" src=\"https:\/\/troczewski2.pl\/wp-content\/uploads\/2024\/12\/470492647_1035998884999659_7352349156405150872_n-799x1024.jpg\" alt=\"\" class=\"wp-image-8772\" srcset=\"https:\/\/troczewski2.pl\/wp-content\/uploads\/2024\/12\/470492647_1035998884999659_7352349156405150872_n-799x1024.jpg 799w, https:\/\/troczewski2.pl\/wp-content\/uploads\/2024\/12\/470492647_1035998884999659_7352349156405150872_n-234x300.jpg 234w, https:\/\/troczewski2.pl\/wp-content\/uploads\/2024\/12\/470492647_1035998884999659_7352349156405150872_n-768x984.jpg 768w, https:\/\/troczewski2.pl\/wp-content\/uploads\/2024\/12\/470492647_1035998884999659_7352349156405150872_n.jpg 945w\" sizes=\"(max-width: 799px) 100vw, 799px\" \/><\/figure>\n\n\n\n<p><strong><a href=\"https:\/\/www.facebook.com\/zsztroczewski\/posts\/pfbid0bcm4puuCZdTPj4mj5jzsANcaozmZT6FqzGUCGaMpcRMZfDRKF8Avjd3QiMdqmkHCl\">Podsumowanie projektu ,,J\u0118ZYK ANGIELSKI &#8211; j\u0119zykiem wsp\u00f3\u0142czesnego nauczyciela &#8221;<\/a><\/strong><\/p>\n\n\n\n<p>21 pa\u017adziernika 2024 r.<\/p>\n\n\n\n<figure class=\"wp-block-image size-large\"><img width=\"1024\" height=\"768\" src=\"https:\/\/troczewski2.pl\/wp-content\/uploads\/2024\/12\/464080841_997713015494913_8059047668117617183_n-1024x768.jpg\" alt=\"\" class=\"wp-image-8771\" srcset=\"https:\/\/troczewski2.pl\/wp-content\/uploads\/2024\/12\/464080841_997713015494913_8059047668117617183_n-1024x768.jpg 1024w, https:\/\/troczewski2.pl\/wp-content\/uploads\/2024\/12\/464080841_997713015494913_8059047668117617183_n-300x225.jpg 300w, https:\/\/troczewski2.pl\/wp-content\/uploads\/2024\/12\/464080841_997713015494913_8059047668117617183_n-768x576.jpg 768w, https:\/\/troczewski2.pl\/wp-content\/uploads\/2024\/12\/464080841_997713015494913_8059047668117617183_n-1536x1152.jpg 1536w, https:\/\/troczewski2.pl\/wp-content\/uploads\/2024\/12\/464080841_997713015494913_8059047668117617183_n.jpg 1889w\" sizes=\"(max-width: 1024px) 100vw, 1024px\" \/><\/figure>\n\n\n\n<p><strong><a href=\"https:\/\/www.facebook.com\/zsztroczewski\/posts\/pfbid02cq6DtD3tzyJwG6ZyVExkngzayi8AbdP6EKUDNAypk9NgGYfWP4K7YGPPLfkd2N4pl\"><img height=\"16\" width=\"16\" alt=\"&#x1f1ec;&#x1f1f7;\" src=\"https:\/\/static.xx.fbcdn.net\/images\/emoji.php\/v9\/t35\/1\/16\/1f1ec_1f1f7.png\"><img height=\"16\" width=\"16\" alt=\"&#x2600;&#xfe0f;\" src=\"https:\/\/static.xx.fbcdn.net\/images\/emoji.php\/v9\/t6d\/1\/16\/2600.png\">Na zako\u0144czenie Partner projektu ,,J\u0118ZYK ANGIELSKI &#8211; j\u0119zykiem wsp\u00f3\u0142czesnego nauczyciela&#8221; dofinansowanego przez Uni\u0119 Europejsk\u0105, sprawi\u0142 nam mi\u0142\u0105 niespodziank\u0119 organizuj\u0105c wycieczk\u0119 do Matali.<\/a><\/strong><\/p>\n\n\n\n<p>20 pa\u017adziernika 2024 r.<\/p>\n\n\n\n<figure class=\"wp-block-image size-full\"><img width=\"945\" height=\"680\" src=\"https:\/\/troczewski2.pl\/wp-content\/uploads\/2024\/12\/463661450_997064688893079_4027243067278041053_n.jpg\" alt=\"\" class=\"wp-image-8770\" srcset=\"https:\/\/troczewski2.pl\/wp-content\/uploads\/2024\/12\/463661450_997064688893079_4027243067278041053_n.jpg 945w, https:\/\/troczewski2.pl\/wp-content\/uploads\/2024\/12\/463661450_997064688893079_4027243067278041053_n-300x216.jpg 300w, https:\/\/troczewski2.pl\/wp-content\/uploads\/2024\/12\/463661450_997064688893079_4027243067278041053_n-768x553.jpg 768w\" sizes=\"(max-width: 945px) 100vw, 945px\" \/><\/figure>\n\n\n\n<p><strong><a href=\"https:\/\/www.facebook.com\/zsztroczewski\/posts\/pfbid0SmakTp3KzcCbA9QcrKWJuwtRz5DixVJp1aauvC4GrKWLQBtMrV96nfG8eqRnqj83l\">Stella Androulaki<\/a><\/strong><\/p>\n\n\n\n<p>18 pa\u017adziernika 2024 r.<\/p>\n\n\n\n<figure class=\"wp-block-image size-large\"><img width=\"1024\" height=\"582\" src=\"https:\/\/troczewski2.pl\/wp-content\/uploads\/2024\/12\/463380313_995636829035865_2883153437951040043_n-1024x582.jpg\" alt=\"\" class=\"wp-image-8769\" srcset=\"https:\/\/troczewski2.pl\/wp-content\/uploads\/2024\/12\/463380313_995636829035865_2883153437951040043_n-1024x582.jpg 1024w, https:\/\/troczewski2.pl\/wp-content\/uploads\/2024\/12\/463380313_995636829035865_2883153437951040043_n-300x171.jpg 300w, https:\/\/troczewski2.pl\/wp-content\/uploads\/2024\/12\/463380313_995636829035865_2883153437951040043_n-768x437.jpg 768w, https:\/\/troczewski2.pl\/wp-content\/uploads\/2024\/12\/463380313_995636829035865_2883153437951040043_n.jpg 1080w\" sizes=\"(max-width: 1024px) 100vw, 1024px\" \/><\/figure>\n\n\n\n<p><strong><a href=\"https:\/\/www.facebook.com\/zsztroczewski\/posts\/pfbid02ss8haWcJ2vDeoEqbKE978chzRbPyq1ZncGhCNm2oarH4icPDyJ5MEKG1h4Hr6W78l\"><img height=\"16\" width=\"16\" alt=\"&#x1f3dd;&#xfe0f;\" src=\"https:\/\/static.xx.fbcdn.net\/images\/emoji.php\/v9\/t8b\/1\/16\/1f3dd.png\"><img height=\"16\" width=\"16\" alt=\"&#x1f30a;\" src=\"https:\/\/static.xx.fbcdn.net\/images\/emoji.php\/v9\/tbc\/1\/16\/1f30a.png\"> We are working very hard but cats are in Greece always free<img height=\"16\" width=\"16\" alt=\"&#x1f600;\" src=\"https:\/\/static.xx.fbcdn.net\/images\/emoji.php\/v9\/tce\/1\/16\/1f600.png\"> j\u0119zykiem wsp\u00f3\u0142czesnego<\/a><\/strong><\/p>\n\n\n\n<p>15 pa\u017adziernika 2024 r. <\/p>\n\n\n\n<figure class=\"wp-block-image size-large\"><img width=\"1024\" height=\"768\" src=\"https:\/\/troczewski2.pl\/wp-content\/uploads\/2024\/12\/462913740_993394139260134_5052945061241071068_n-1024x768.jpg\" alt=\"\" class=\"wp-image-8768\" srcset=\"https:\/\/troczewski2.pl\/wp-content\/uploads\/2024\/12\/462913740_993394139260134_5052945061241071068_n-1024x768.jpg 1024w, https:\/\/troczewski2.pl\/wp-content\/uploads\/2024\/12\/462913740_993394139260134_5052945061241071068_n-300x225.jpg 300w, https:\/\/troczewski2.pl\/wp-content\/uploads\/2024\/12\/462913740_993394139260134_5052945061241071068_n-768x576.jpg 768w, https:\/\/troczewski2.pl\/wp-content\/uploads\/2024\/12\/462913740_993394139260134_5052945061241071068_n-1536x1152.jpg 1536w, https:\/\/troczewski2.pl\/wp-content\/uploads\/2024\/12\/462913740_993394139260134_5052945061241071068_n.jpg 2000w\" sizes=\"(max-width: 1024px) 100vw, 1024px\" \/><\/figure>\n\n\n\n<p><a href=\"https:\/\/www.facebook.com\/zsztroczewski\/posts\/pfbid0smM5CE9W6nagcFsU9xjmLfizZJqRsJ7MQCsPvKKzqGn8NqJV8ftsBJko4C7ufpcil\"><img height=\"16\" width=\"16\" alt=\"&#x1f30a;\" src=\"https:\/\/static.xx.fbcdn.net\/images\/emoji.php\/v9\/tbc\/1\/16\/1f30a.png\"><strong>Po owocnej nauce j\u0119zyka angielskiego, zas\u0142u\u017cony odpoczynek !!!ELAFONISI BEACH -turkusowa woda, r\u00f3\u017cowy piasek i My <img height=\"16\" width=\"16\" alt=\"&#x1f618;\" src=\"https:\/\/static.xx.fbcdn.net\/images\/emoji.php\/v9\/t75\/1\/16\/1f618.png\"><\/strong><\/a><\/p>\n\n\n\n<p>10 pa\u017adziernika 2024 r.<\/p>\n\n\n\n<figure class=\"wp-block-image size-large\"><img width=\"768\" height=\"1024\" src=\"https:\/\/troczewski2.pl\/wp-content\/uploads\/2024\/12\/462470136_989626269636921_628465870154969629_n-768x1024.jpg\" alt=\"\" class=\"wp-image-8767\" srcset=\"https:\/\/troczewski2.pl\/wp-content\/uploads\/2024\/12\/462470136_989626269636921_628465870154969629_n-768x1024.jpg 768w, https:\/\/troczewski2.pl\/wp-content\/uploads\/2024\/12\/462470136_989626269636921_628465870154969629_n-225x300.jpg 225w, https:\/\/troczewski2.pl\/wp-content\/uploads\/2024\/12\/462470136_989626269636921_628465870154969629_n-1152x1536.jpg 1152w, https:\/\/troczewski2.pl\/wp-content\/uploads\/2024\/12\/462470136_989626269636921_628465870154969629_n.jpg 1500w\" sizes=\"(max-width: 768px) 100vw, 768px\" \/><\/figure>\n\n\n\n<p><strong><a href=\"https:\/\/www.facebook.com\/zsztroczewski\/posts\/pfbid0L2ifyECqXBnVyPuiKBRpFvXiJQNhjtGyGdkLCLg7NTHDFvBct6e8vFbJP9fp94k1l\">NAUCZYCIELE Z ,,TROCZEWSKIEGO&#8221; PODNOSZ\u0104 SWOJE UMIEJ\u0118TNO\u015aCI J\u0118ZYKOWE!!!<\/a><\/strong><\/p>\n\n\n\n<p>09 pa\u017adziernika 2024 r.<\/p>\n\n\n\n<figure class=\"wp-block-image size-large\"><img width=\"668\" height=\"1024\" src=\"https:\/\/troczewski2.pl\/wp-content\/uploads\/2024\/12\/462603040_988882276377987_568196800623503492_n-668x1024.jpg\" alt=\"\" class=\"wp-image-8766\" srcset=\"https:\/\/troczewski2.pl\/wp-content\/uploads\/2024\/12\/462603040_988882276377987_568196800623503492_n-668x1024.jpg 668w, https:\/\/troczewski2.pl\/wp-content\/uploads\/2024\/12\/462603040_988882276377987_568196800623503492_n-196x300.jpg 196w, https:\/\/troczewski2.pl\/wp-content\/uploads\/2024\/12\/462603040_988882276377987_568196800623503492_n-768x1177.jpg 768w, https:\/\/troczewski2.pl\/wp-content\/uploads\/2024\/12\/462603040_988882276377987_568196800623503492_n-1002x1536.jpg 1002w, https:\/\/troczewski2.pl\/wp-content\/uploads\/2024\/12\/462603040_988882276377987_568196800623503492_n.jpg 1073w\" sizes=\"(max-width: 668px) 100vw, 668px\" \/><\/figure>\n\n\n\n<p><strong>,<a href=\"https:\/\/www.facebook.com\/zsztroczewski\/posts\/988882246377990?ref=embed_post\">,J\u0118ZYK ANGIELSKI &#8211; j\u0119zyk wsp\u00f3\u0142czesnego nauczyciela &#8221;- projekt realizowany przez Zesp\u00f3\u0142 Szk\u00f3\u0142 Zawodowych Nr 2 im. dr. Antoniego Troczewskiego w Kutnie w ramach programu Erasmus+,akcja kluczow\u0105 1: Mobilno\u015b\u0107 edukacyjna.Projekt numer:2023-1-PL01-KKA122-SCH-000113748;dofinansowany przez Uni\u0119 Europejsk\u0105.<\/a><\/strong><\/p>\n\n\n\n<p><\/p>\n\n\n<p><img src=\"https:\/\/troczewski2.pl\/wp-content\/uploads\/2024\/02\/f9cb6f6c4af84a128f8ecf87a9c2de0bBBwTDsbyiLTCY2rF-0-724x1024.jpg\" sizes=\"(max-width: 724px) 100vw, 724px\" srcset=\"https:\/\/troczewski2.pl\/wp-content\/uploads\/2024\/02\/f9cb6f6c4af84a128f8ecf87a9c2de0bBBwTDsbyiLTCY2rF-0-724x1024.jpg 724w, https:\/\/troczewski2.pl\/wp-content\/uploads\/2024\/02\/f9cb6f6c4af84a128f8ecf87a9c2de0bBBwTDsbyiLTCY2rF-0-212x300.jpg 212w, https:\/\/troczewski2.pl\/wp-content\/uploads\/2024\/02\/f9cb6f6c4af84a128f8ecf87a9c2de0bBBwTDsbyiLTCY2rF-0-768x1086.jpg 768w, https:\/\/troczewski2.pl\/wp-content\/uploads\/2024\/02\/f9cb6f6c4af84a128f8ecf87a9c2de0bBBwTDsbyiLTCY2rF-0-1086x1536.jpg 1086w, https:\/\/troczewski2.pl\/wp-content\/uploads\/2024\/02\/f9cb6f6c4af84a128f8ecf87a9c2de0bBBwTDsbyiLTCY2rF-0-1448x2048.jpg 1448w, https:\/\/troczewski2.pl\/wp-content\/uploads\/2024\/02\/f9cb6f6c4af84a128f8ecf87a9c2de0bBBwTDsbyiLTCY2rF-0.jpg 1654w\" alt=\"\" width=\"724\" height=\"1024\"><br><img src=\"https:\/\/troczewski2.pl\/wp-content\/uploads\/2024\/02\/f9cb6f6c4af84a128f8ecf87a9c2de0bBBwTDsbyiLTCY2rF-1-724x1024.jpg\" sizes=\"(max-width: 724px) 100vw, 724px\" srcset=\"https:\/\/troczewski2.pl\/wp-content\/uploads\/2024\/02\/f9cb6f6c4af84a128f8ecf87a9c2de0bBBwTDsbyiLTCY2rF-1-724x1024.jpg 724w, https:\/\/troczewski2.pl\/wp-content\/uploads\/2024\/02\/f9cb6f6c4af84a128f8ecf87a9c2de0bBBwTDsbyiLTCY2rF-1-212x300.jpg 212w, https:\/\/troczewski2.pl\/wp-content\/uploads\/2024\/02\/f9cb6f6c4af84a128f8ecf87a9c2de0bBBwTDsbyiLTCY2rF-1-768x1086.jpg 768w, https:\/\/troczewski2.pl\/wp-content\/uploads\/2024\/02\/f9cb6f6c4af84a128f8ecf87a9c2de0bBBwTDsbyiLTCY2rF-1-1086x1536.jpg 1086w, https:\/\/troczewski2.pl\/wp-content\/uploads\/2024\/02\/f9cb6f6c4af84a128f8ecf87a9c2de0bBBwTDsbyiLTCY2rF-1-1448x2048.jpg 1448w, https:\/\/troczewski2.pl\/wp-content\/uploads\/2024\/02\/f9cb6f6c4af84a128f8ecf87a9c2de0bBBwTDsbyiLTCY2rF-1.jpg 1654w\" alt=\"\" width=\"724\" height=\"1024\"><br><img src=\"https:\/\/troczewski2.pl\/wp-content\/uploads\/2024\/02\/f9cb6f6c4af84a128f8ecf87a9c2de0bBBwTDsbyiLTCY2rF-2-724x1024.jpg\" sizes=\"(max-width: 724px) 100vw, 724px\" srcset=\"https:\/\/troczewski2.pl\/wp-content\/uploads\/2024\/02\/f9cb6f6c4af84a128f8ecf87a9c2de0bBBwTDsbyiLTCY2rF-2-724x1024.jpg 724w, https:\/\/troczewski2.pl\/wp-content\/uploads\/2024\/02\/f9cb6f6c4af84a128f8ecf87a9c2de0bBBwTDsbyiLTCY2rF-2-212x300.jpg 212w, https:\/\/troczewski2.pl\/wp-content\/uploads\/2024\/02\/f9cb6f6c4af84a128f8ecf87a9c2de0bBBwTDsbyiLTCY2rF-2-768x1086.jpg 768w, https:\/\/troczewski2.pl\/wp-content\/uploads\/2024\/02\/f9cb6f6c4af84a128f8ecf87a9c2de0bBBwTDsbyiLTCY2rF-2-1086x1536.jpg 1086w, https:\/\/troczewski2.pl\/wp-content\/uploads\/2024\/02\/f9cb6f6c4af84a128f8ecf87a9c2de0bBBwTDsbyiLTCY2rF-2-1448x2048.jpg 1448w, https:\/\/troczewski2.pl\/wp-content\/uploads\/2024\/02\/f9cb6f6c4af84a128f8ecf87a9c2de0bBBwTDsbyiLTCY2rF-2.jpg 1654w\" alt=\"\" width=\"724\" height=\"1024\"><br><img src=\"https:\/\/troczewski2.pl\/wp-content\/uploads\/2024\/02\/f9cb6f6c4af84a128f8ecf87a9c2de0bBBwTDsbyiLTCY2rF-3-724x1024.jpg\" sizes=\"(max-width: 724px) 100vw, 724px\" srcset=\"https:\/\/troczewski2.pl\/wp-content\/uploads\/2024\/02\/f9cb6f6c4af84a128f8ecf87a9c2de0bBBwTDsbyiLTCY2rF-3-724x1024.jpg 724w, https:\/\/troczewski2.pl\/wp-content\/uploads\/2024\/02\/f9cb6f6c4af84a128f8ecf87a9c2de0bBBwTDsbyiLTCY2rF-3-212x300.jpg 212w, https:\/\/troczewski2.pl\/wp-content\/uploads\/2024\/02\/f9cb6f6c4af84a128f8ecf87a9c2de0bBBwTDsbyiLTCY2rF-3-768x1086.jpg 768w, https:\/\/troczewski2.pl\/wp-content\/uploads\/2024\/02\/f9cb6f6c4af84a128f8ecf87a9c2de0bBBwTDsbyiLTCY2rF-3-1086x1536.jpg 1086w, https:\/\/troczewski2.pl\/wp-content\/uploads\/2024\/02\/f9cb6f6c4af84a128f8ecf87a9c2de0bBBwTDsbyiLTCY2rF-3-1448x2048.jpg 1448w, https:\/\/troczewski2.pl\/wp-content\/uploads\/2024\/02\/f9cb6f6c4af84a128f8ecf87a9c2de0bBBwTDsbyiLTCY2rF-3.jpg 1654w\" alt=\"\" width=\"724\" height=\"1024\"><br><img src=\"https:\/\/troczewski2.pl\/wp-content\/uploads\/2024\/02\/f9cb6f6c4af84a128f8ecf87a9c2de0bBBwTDsbyiLTCY2rF-4-1-724x1024.jpg\" sizes=\"(max-width: 724px) 100vw, 724px\" srcset=\"https:\/\/troczewski2.pl\/wp-content\/uploads\/2024\/02\/f9cb6f6c4af84a128f8ecf87a9c2de0bBBwTDsbyiLTCY2rF-4-1-724x1024.jpg 724w, https:\/\/troczewski2.pl\/wp-content\/uploads\/2024\/02\/f9cb6f6c4af84a128f8ecf87a9c2de0bBBwTDsbyiLTCY2rF-4-1-212x300.jpg 212w, https:\/\/troczewski2.pl\/wp-content\/uploads\/2024\/02\/f9cb6f6c4af84a128f8ecf87a9c2de0bBBwTDsbyiLTCY2rF-4-1-768x1086.jpg 768w, https:\/\/troczewski2.pl\/wp-content\/uploads\/2024\/02\/f9cb6f6c4af84a128f8ecf87a9c2de0bBBwTDsbyiLTCY2rF-4-1-1086x1536.jpg 1086w, https:\/\/troczewski2.pl\/wp-content\/uploads\/2024\/02\/f9cb6f6c4af84a128f8ecf87a9c2de0bBBwTDsbyiLTCY2rF-4-1-1448x2048.jpg 1448w, https:\/\/troczewski2.pl\/wp-content\/uploads\/2024\/02\/f9cb6f6c4af84a128f8ecf87a9c2de0bBBwTDsbyiLTCY2rF-4-1.jpg 1654w\" alt=\"\" width=\"724\" height=\"1024\"><br><img src=\"https:\/\/troczewski2.pl\/wp-content\/uploads\/2024\/02\/Ogloszenie-o-rekrutacji-page-001-scaled-724x1024.jpg\" sizes=\"(max-width: 724px) 100vw, 724px\" srcset=\"https:\/\/troczewski2.pl\/wp-content\/uploads\/2024\/02\/Ogloszenie-o-rekrutacji-page-001-scaled-724x1024.jpg 724w, https:\/\/troczewski2.pl\/wp-content\/uploads\/2024\/02\/Ogloszenie-o-rekrutacji-page-001-scaled-212x300.jpg 212w, https:\/\/troczewski2.pl\/wp-content\/uploads\/2024\/02\/Ogloszenie-o-rekrutacji-page-001-768x1086.jpg 768w, https:\/\/troczewski2.pl\/wp-content\/uploads\/2024\/02\/Ogloszenie-o-rekrutacji-page-001-scaled-1087x1536.jpg 1087w, https:\/\/troczewski2.pl\/wp-content\/uploads\/2024\/02\/Ogloszenie-o-rekrutacji-page-001-scaled-1449x2048.jpg 1449w, https:\/\/troczewski2.pl\/wp-content\/uploads\/2024\/02\/Ogloszenie-o-rekrutacji-page-001-scaled.jpg 1811w\" alt=\"\" width=\"724\" height=\"1024\"><br><img title=\"\" src=\"https:\/\/troczewski2.pl\/wp-content\/plugins\/elementor\/assets\/images\/placeholder.png\" alt=\"\"><br><img src=\"https:\/\/troczewski2.pl\/wp-content\/uploads\/2023\/12\/artykul-otwierajacy-projekt12-page-001-scaled-724x1024.jpg\" sizes=\"(max-width: 724px) 100vw, 724px\" srcset=\"https:\/\/troczewski2.pl\/wp-content\/uploads\/2023\/12\/artykul-otwierajacy-projekt12-page-001-scaled-724x1024.jpg 724w, https:\/\/troczewski2.pl\/wp-content\/uploads\/2023\/12\/artykul-otwierajacy-projekt12-page-001-scaled-212x300.jpg 212w, https:\/\/troczewski2.pl\/wp-content\/uploads\/2023\/12\/artykul-otwierajacy-projekt12-page-001-768x1086.jpg 768w, https:\/\/troczewski2.pl\/wp-content\/uploads\/2023\/12\/artykul-otwierajacy-projekt12-page-001-scaled-1087x1536.jpg 1087w, https:\/\/troczewski2.pl\/wp-content\/uploads\/2023\/12\/artykul-otwierajacy-projekt12-page-001-scaled-1449x2048.jpg 1449w, https:\/\/troczewski2.pl\/wp-content\/uploads\/2023\/12\/artykul-otwierajacy-projekt12-page-001-scaled.jpg 1811w\" alt=\"\" width=\"724\" height=\"1024\"><br><iframe style=\"border: none; overflow: hidden;\" src=\"https:\/\/www.facebook.com\/plugins\/post.php?href=https%3A%2F%2Fwww.facebook.com%2Fzsztroczewski%2Fposts%2F422288426370711&amp;show_text=true&amp;width=500\" width=\"500\" height=\"809\" frameborder=\"0\" scrolling=\"no\" allowfullscreen=\"allowfullscreen\"><\/iframe><br><iframe style=\"border: none; overflow: hidden;\" src=\"https:\/\/www.facebook.com\/plugins\/post.php?href=https%3A%2F%2Fwww.facebook.com%2Fzsztroczewski%2Fposts%2F415963857003168&amp;show_text=true&amp;width=500\" width=\"500\" height=\"688\" frameborder=\"0\" scrolling=\"no\" allowfullscreen=\"allowfullscreen\"><\/iframe><br><iframe style=\"border: none; overflow: hidden;\" src=\"https:\/\/www.facebook.com\/plugins\/post.php?href=https%3A%2F%2Fwww.facebook.com%2Fzsztroczewski%2Fposts%2F413708717228682&amp;show_text=true&amp;width=500\" width=\"500\" height=\"650\" frameborder=\"0\" scrolling=\"no\" allowfullscreen=\"allowfullscreen\"><\/iframe><br><iframe style=\"border: none; overflow: hidden;\" src=\"https:\/\/www.facebook.com\/plugins\/post.php?href=https%3A%2F%2Fwww.facebook.com%2Fzsztroczewski%2Fposts%2F413628703903350&amp;show_text=true&amp;width=500\" width=\"500\" height=\"764\" frameborder=\"0\" scrolling=\"no\" allowfullscreen=\"allowfullscreen\"><\/iframe><br><iframe style=\"border: none; overflow: hidden;\" src=\"https:\/\/www.facebook.com\/plugins\/post.php?href=https%3A%2F%2Fwww.facebook.com%2Fzsztroczewski%2Fposts%2F413558323910388&amp;show_text=true&amp;width=500\" width=\"500\" height=\"847\" frameborder=\"0\" scrolling=\"no\" allowfullscreen=\"allowfullscreen\"><\/iframe><br><iframe style=\"border: none; overflow: hidden;\" src=\"https:\/\/www.facebook.com\/plugins\/post.php?href=https%3A%2F%2Fwww.facebook.com%2Fzsztroczewski%2Fposts%2F411816517417902&amp;show_text=true&amp;width=500\" width=\"500\" height=\"593\" frameborder=\"0\" scrolling=\"no\" allowfullscreen=\"allowfullscreen\"><\/iframe><br><iframe style=\"border: none; overflow: hidden;\" src=\"https:\/\/www.facebook.com\/plugins\/post.php?href=https%3A%2F%2Fwww.facebook.com%2Fzsztroczewski%2Fposts%2F409559387643615&amp;show_text=true&amp;width=500\" width=\"500\" height=\"695\" frameborder=\"0\" scrolling=\"no\" allowfullscreen=\"allowfullscreen\"><\/iframe><\/p>\n\n\n<p><a href=\"https:\/\/troczewski2.pl\/wp-content\/uploads\/2021\/12\/Artykul-na-strone-szkoly-2.pdf\"><strong>Mobilni zawodowcy<\/strong><\/a><\/p>\n\n\n\n<p><a href=\"https:\/\/troczewski2.pl\/wp-content\/uploads\/2021\/12\/ogloszenie-o-rekrutacji-1.pdf\"><strong>ROZPOCZYNAMY REKRUTACJ\u0118<\/strong><\/a><\/p>\n\n\n\n<p><p><a href=\"https:\/\/troczewski2.pl\/wp-content\/uploads\/2021\/12\/Regulamin-rekrutacji-uczestnikow-do-projektu1.pdf\"><strong>Regulamin rekrutacji uczestnik\u00f3w do projektu<\/strong> <strong>\u201eMobilni zawodowcy\u201d<\/strong><\/a><\/p>\n<p><a href=\"https:\/\/troczewski2.pl\/wp-content\/uploads\/2022\/01\/MobilniZawodowcy.pdf\"><strong>ZAKWALIFIKOWANI<\/strong><\/a><\/p><\/p>\n","protected":false},"excerpt":{"rendered":"<p>13 listopada 2024 r. Podsumowanie projektu ,,J\u0118ZYK ANGIELSKI &#8211; j\u0119zykiem wsp\u00f3\u0142czesnego nauczyciela &#8221; 21 pa\u017adziernika 2024 r. Na zako\u0144czenie Partner projektu ,,J\u0118ZYK ANGIELSKI &#8211; j\u0119zykiem wsp\u00f3\u0142czesnego nauczyciela&#8221; dofinansowanego przez Uni\u0119 Europejsk\u0105, sprawi\u0142 nam mi\u0142\u0105 niespodziank\u0119 organizuj\u0105c wycieczk\u0119 do Matali. 20 pa\u017adziernika 2024 r. Stella Androulaki 18 pa\u017adziernika 2024 r. We are working very hard but [&hellip;]<\/p>\n","protected":false},"author":1,"featured_media":0,"parent":0,"menu_order":0,"comment_status":"closed","ping_status":"closed","template":"","meta":[],"_links":{"self":[{"href":"https:\/\/troczewski2.pl\/index.php\/wp-json\/wp\/v2\/pages\/5188"}],"collection":[{"href":"https:\/\/troczewski2.pl\/index.php\/wp-json\/wp\/v2\/pages"}],"about":[{"href":"https:\/\/troczewski2.pl\/index.php\/wp-json\/wp\/v2\/types\/page"}],"author":[{"embeddable":true,"href":"https:\/\/troczewski2.pl\/index.php\/wp-json\/wp\/v2\/users\/1"}],"replies":[{"embeddable":true,"href":"https:\/\/troczewski2.pl\/index.php\/wp-json\/wp\/v2\/comments?post=5188"}],"version-history":[{"count":93,"href":"https:\/\/troczewski2.pl\/index.php\/wp-json\/wp\/v2\/pages\/5188\/revisions"}],"predecessor-version":[{"id":9704,"href":"https:\/\/troczewski2.pl\/index.php\/wp-json\/wp\/v2\/pages\/5188\/revisions\/9704"}],"wp:attachment":[{"href":"https:\/\/troczewski2.pl\/index.php\/wp-json\/wp\/v2\/media?parent=5188"}],"curies":[{"name":"wp","href":"https:\/\/api.w.org\/{rel}","templated":true}]}}