{"id":5420,"date":"2022-03-09T12:03:53","date_gmt":"2022-03-09T11:03:53","guid":{"rendered":"https:\/\/troczewski2.pl\/?page_id=5420"},"modified":"2023-03-22T09:24:52","modified_gmt":"2023-03-22T08:24:52","slug":"kelner","status":"publish","type":"page","link":"https:\/\/troczewski2.pl\/index.php\/kelner\/","title":{"rendered":"Kelner"},"content":{"rendered":"\t\t<div data-elementor-type=\"wp-page\" data-elementor-id=\"5420\" class=\"elementor elementor-5420\" data-elementor-settings=\"[]\">\n\t\t\t\t\t\t\t<div class=\"elementor-section-wrap\">\n\t\t\t\t\t\t\t<section class=\"elementor-section elementor-top-section elementor-element elementor-element-52f2df1 elementor-section-boxed elementor-section-height-default elementor-section-height-default\" data-id=\"52f2df1\" data-element_type=\"section\">\n\t\t\t\t\t\t<div class=\"elementor-container elementor-column-gap-default\">\n\t\t\t\t\t<div class=\"elementor-column elementor-col-100 elementor-top-column elementor-element elementor-element-5f5e3c2\" data-id=\"5f5e3c2\" data-element_type=\"column\">\n\t\t\t<div class=\"elementor-widget-wrap elementor-element-populated\">\n\t\t\t\t\t\t\t\t<div class=\"elementor-element elementor-element-478d08a elementor-invisible elementor-widget elementor-widget-heading\" data-id=\"478d08a\" data-element_type=\"widget\" data-settings=\"{&quot;_animation&quot;:&quot;fadeInRight&quot;}\" data-widget_type=\"heading.default\">\n\t\t\t\t<div class=\"elementor-widget-container\">\n\t\t\t<h1 class=\"elementor-heading-title elementor-size-xl\">KELNER<\/h1>\t\t<\/div>\n\t\t\t\t<\/div>\n\t\t\t\t\t<\/div>\n\t\t<\/div>\n\t\t\t\t\t\t\t<\/div>\n\t\t<\/section>\n\t\t\t\t<section class=\"elementor-section elementor-top-section elementor-element elementor-element-366bdbf elementor-section-boxed elementor-section-height-default elementor-section-height-default\" data-id=\"366bdbf\" data-element_type=\"section\">\n\t\t\t\t\t\t<div class=\"elementor-container elementor-column-gap-default\">\n\t\t\t\t\t<div class=\"elementor-column elementor-col-100 elementor-top-column elementor-element elementor-element-be77c12\" data-id=\"be77c12\" data-element_type=\"column\">\n\t\t\t<div class=\"elementor-widget-wrap elementor-element-populated\">\n\t\t\t\t\t\t\t\t<div class=\"elementor-element elementor-element-85208b9 elementor-widget elementor-widget-text-editor\" data-id=\"85208b9\" data-element_type=\"widget\" data-widget_type=\"text-editor.default\">\n\t\t\t\t<div class=\"elementor-widget-container\">\n\t\t\t\t\t\t\t<p><strong>Kelner <\/strong>to osoba odpowiedzialna\u00a0 za obs\u0142ug\u0119 go\u015bci w restauracji, barze czy kawiarni. Stanowi wizyt\u00f3wk\u0119 lokalu, w kt\u00f3rym pracuje. To w\u0142a\u015bnie onjest po\u015brednikiem w kontaktach mi\u0119dzy kucharzem a go\u015bciem restauracji, a jego g\u0142\u00f3wn\u0105 rol\u0105 jest dba\u0142o\u015b\u0107 o dobre samopoczucie i zadowolenie klient\u00f3w lokalu. Do najwa\u017cniejszych zada\u0144 zawodowych kelnera nale\u017cy przede wszystkim przygotowanie sali konsumenckiej do obs\u0142ugi go\u015bci, a tak\u017ce serwowanie im potraw i napoj\u00f3w.\u00a0 <br \/>Do jego obowi\u0105zk\u00f3w nale\u017cy tak\u017cedbanie o odpowiedni wystr\u00f3j, dostosowany do okoliczno\u015bci, nakrywanie do sto\u0142u, dbanie o zastaw\u0119 i sztu\u0107ce, nadz\u00f3r nad jako\u015bci\u0105 podawanych potraw oraz przede wszystkim profesjonaln\u0105 obs\u0142ug\u0119.\u00a0\u00a0 <br \/><strong>Miejscem pracy dla kelner\u00f3w s\u0105<\/strong>\u00a0wszelkiego rodzaju instytucje zwi\u0105zane z gastronomi\u0105:\u00a0 hotele, restauracje, kawiarnie, puby lub dyskoteki. Kelnerzy mog\u0105 tak\u017ce pracowa\u0107 dla firm cateringowych.<\/p>\t\t\t\t\t\t<\/div>\n\t\t\t\t<\/div>\n\t\t\t\t\t<\/div>\n\t\t<\/div>\n\t\t\t\t\t\t\t<\/div>\n\t\t<\/section>\n\t\t\t\t<section class=\"elementor-section elementor-top-section elementor-element elementor-element-728c21a elementor-section-boxed elementor-section-height-default elementor-section-height-default\" data-id=\"728c21a\" data-element_type=\"section\">\n\t\t\t\t\t\t<div class=\"elementor-container elementor-column-gap-default\">\n\t\t\t\t\t<div class=\"elementor-column elementor-col-100 elementor-top-column elementor-element elementor-element-772e1e6\" data-id=\"772e1e6\" data-element_type=\"column\">\n\t\t\t<div class=\"elementor-widget-wrap elementor-element-populated\">\n\t\t\t\t\t\t\t\t<div class=\"elementor-element elementor-element-5d2a1ae elementor-widget elementor-widget-image\" data-id=\"5d2a1ae\" data-element_type=\"widget\" data-widget_type=\"image.default\">\n\t\t\t\t<div class=\"elementor-widget-container\">\n\t\t\t\t\t\t\t\t\t\t\t\t\t\t\t<img width=\"600\" height=\"400\" src=\"https:\/\/troczewski2.pl\/wp-content\/uploads\/2023\/03\/kelner-2.jpg\" class=\"attachment-large size-large\" alt=\"\" srcset=\"https:\/\/troczewski2.pl\/wp-content\/uploads\/2023\/03\/kelner-2.jpg 600w, https:\/\/troczewski2.pl\/wp-content\/uploads\/2023\/03\/kelner-2-300x200.jpg 300w\" sizes=\"(max-width: 600px) 100vw, 600px\" \/>\t\t\t\t\t\t\t\t\t\t\t\t\t\t\t<\/div>\n\t\t\t\t<\/div>\n\t\t\t\t\t<\/div>\n\t\t<\/div>\n\t\t\t\t\t\t\t<\/div>\n\t\t<\/section>\n\t\t\t\t<section class=\"elementor-section elementor-top-section elementor-element elementor-element-f57aa27 elementor-section-boxed elementor-section-height-default elementor-section-height-default\" data-id=\"f57aa27\" data-element_type=\"section\">\n\t\t\t\t\t\t<div class=\"elementor-container elementor-column-gap-default\">\n\t\t\t\t\t<div class=\"elementor-column elementor-col-100 elementor-top-column elementor-element elementor-element-ece3a2c\" data-id=\"ece3a2c\" data-element_type=\"column\">\n\t\t\t<div class=\"elementor-widget-wrap\">\n\t\t\t\t\t\t\t\t\t<\/div>\n\t\t<\/div>\n\t\t\t\t\t\t\t<\/div>\n\t\t<\/section>\n\t\t\t\t\t\t<\/div>\n\t\t\t\t\t<\/div>\n\t\t","protected":false},"excerpt":{"rendered":"<p>KELNER Kelner to osoba odpowiedzialna&nbsp; za obs\u0142ug\u0119 go\u015bci w restauracji, barze czy kawiarni. Stanowi wizyt\u00f3wk\u0119 lokalu, w kt\u00f3rym pracuje. To w\u0142a\u015bnie onjest po\u015brednikiem w kontaktach mi\u0119dzy kucharzem a go\u015bciem restauracji, a jego g\u0142\u00f3wn\u0105 rol\u0105 jest dba\u0142o\u015b\u0107 o dobre samopoczucie i zadowolenie klient\u00f3w lokalu. Do najwa\u017cniejszych zada\u0144 zawodowych kelnera nale\u017cy przede wszystkim przygotowanie sali konsumenckiej do [&hellip;]<\/p>\n","protected":false},"author":1,"featured_media":0,"parent":0,"menu_order":0,"comment_status":"closed","ping_status":"closed","template":"","meta":[],"_links":{"self":[{"href":"https:\/\/troczewski2.pl\/index.php\/wp-json\/wp\/v2\/pages\/5420"}],"collection":[{"href":"https:\/\/troczewski2.pl\/index.php\/wp-json\/wp\/v2\/pages"}],"about":[{"href":"https:\/\/troczewski2.pl\/index.php\/wp-json\/wp\/v2\/types\/page"}],"author":[{"embeddable":true,"href":"https:\/\/troczewski2.pl\/index.php\/wp-json\/wp\/v2\/users\/1"}],"replies":[{"embeddable":true,"href":"https:\/\/troczewski2.pl\/index.php\/wp-json\/wp\/v2\/comments?post=5420"}],"version-history":[{"count":20,"href":"https:\/\/troczewski2.pl\/index.php\/wp-json\/wp\/v2\/pages\/5420\/revisions"}],"predecessor-version":[{"id":6861,"href":"https:\/\/troczewski2.pl\/index.php\/wp-json\/wp\/v2\/pages\/5420\/revisions\/6861"}],"wp:attachment":[{"href":"https:\/\/troczewski2.pl\/index.php\/wp-json\/wp\/v2\/media?parent=5420"}],"curies":[{"name":"wp","href":"https:\/\/api.w.org\/{rel}","templated":true}]}}