{"id":5441,"date":"2022-03-10T09:40:54","date_gmt":"2022-03-10T08:40:54","guid":{"rendered":"https:\/\/troczewski2.pl\/?page_id=5441"},"modified":"2025-01-20T11:51:05","modified_gmt":"2025-01-20T10:51:05","slug":"technik-logistyk","status":"publish","type":"page","link":"https:\/\/troczewski2.pl\/index.php\/technik-logistyk\/","title":{"rendered":"Technik logistyk"},"content":{"rendered":"\t\t<div data-elementor-type=\"wp-page\" data-elementor-id=\"5441\" class=\"elementor elementor-5441\" data-elementor-settings=\"[]\">\n\t\t\t\t\t\t\t<div class=\"elementor-section-wrap\">\n\t\t\t\t\t\t\t<section class=\"elementor-section elementor-top-section elementor-element elementor-element-7efbd89 elementor-section-boxed elementor-section-height-default elementor-section-height-default\" data-id=\"7efbd89\" data-element_type=\"section\">\n\t\t\t\t\t\t<div class=\"elementor-container elementor-column-gap-default\">\n\t\t\t\t\t<div class=\"elementor-column elementor-col-100 elementor-top-column elementor-element elementor-element-c7a25ee\" data-id=\"c7a25ee\" data-element_type=\"column\">\n\t\t\t<div class=\"elementor-widget-wrap elementor-element-populated\">\n\t\t\t\t\t\t\t\t<div class=\"elementor-element elementor-element-708d74c elementor-invisible elementor-widget elementor-widget-heading\" data-id=\"708d74c\" data-element_type=\"widget\" data-settings=\"{&quot;_animation&quot;:&quot;fadeInRight&quot;}\" data-widget_type=\"heading.default\">\n\t\t\t\t<div class=\"elementor-widget-container\">\n\t\t\t<h2 class=\"elementor-heading-title elementor-size-large\">Technik  logistyk<\/h2>\t\t<\/div>\n\t\t\t\t<\/div>\n\t\t\t\t\t<\/div>\n\t\t<\/div>\n\t\t\t\t\t\t\t<\/div>\n\t\t<\/section>\n\t\t\t\t<section class=\"elementor-section elementor-top-section elementor-element elementor-element-c9485e5 elementor-section-boxed elementor-section-height-default elementor-section-height-default\" data-id=\"c9485e5\" data-element_type=\"section\">\n\t\t\t\t\t\t<div class=\"elementor-container elementor-column-gap-default\">\n\t\t\t\t\t<div class=\"elementor-column elementor-col-100 elementor-top-column elementor-element elementor-element-782276e\" data-id=\"782276e\" data-element_type=\"column\">\n\t\t\t<div class=\"elementor-widget-wrap elementor-element-populated\">\n\t\t\t\t\t\t\t\t<div class=\"elementor-element elementor-element-6afa61e elementor-arrows-position-inside elementor-pagination-position-outside elementor-invisible elementor-widget elementor-widget-image-carousel\" data-id=\"6afa61e\" data-element_type=\"widget\" data-settings=\"{&quot;slides_to_show&quot;:&quot;1&quot;,&quot;_animation&quot;:&quot;fadeInLeft&quot;,&quot;navigation&quot;:&quot;both&quot;,&quot;autoplay&quot;:&quot;yes&quot;,&quot;pause_on_hover&quot;:&quot;yes&quot;,&quot;pause_on_interaction&quot;:&quot;yes&quot;,&quot;autoplay_speed&quot;:5000,&quot;infinite&quot;:&quot;yes&quot;,&quot;effect&quot;:&quot;slide&quot;,&quot;speed&quot;:500}\" data-widget_type=\"image-carousel.default\">\n\t\t\t\t<div class=\"elementor-widget-container\">\n\t\t\t\t\t<div class=\"elementor-image-carousel-wrapper swiper-container\" dir=\"ltr\">\n\t\t\t<div class=\"elementor-image-carousel swiper-wrapper\">\n\t\t\t\t\t\t\t\t<div class=\"swiper-slide\"><figure class=\"swiper-slide-inner\"><img class=\"swiper-slide-image\" src=\"https:\/\/troczewski2.pl\/wp-content\/uploads\/2022\/03\/YV1P0496-2-768x450.jpg\" alt=\"YV1P0496-2\" \/><\/figure><\/div><div class=\"swiper-slide\"><figure class=\"swiper-slide-inner\"><img class=\"swiper-slide-image\" src=\"https:\/\/troczewski2.pl\/wp-content\/uploads\/2022\/03\/YV1P0500-2-768x439.jpg\" alt=\"YV1P0500-2\" \/><\/figure><\/div><div class=\"swiper-slide\"><figure class=\"swiper-slide-inner\"><img class=\"swiper-slide-image\" src=\"https:\/\/troczewski2.pl\/wp-content\/uploads\/2022\/03\/YV1P0507-2-768x462.jpg\" alt=\"YV1P0507-2\" \/><\/figure><\/div><div class=\"swiper-slide\"><figure class=\"swiper-slide-inner\"><img class=\"swiper-slide-image\" src=\"https:\/\/troczewski2.pl\/wp-content\/uploads\/2022\/03\/YV1P0513-2-768x491.jpg\" alt=\"YV1P0513-2\" \/><\/figure><\/div><div class=\"swiper-slide\"><figure class=\"swiper-slide-inner\"><img class=\"swiper-slide-image\" src=\"https:\/\/troczewski2.pl\/wp-content\/uploads\/2022\/03\/YV1P0521-768x394.jpg\" alt=\"YV1P0521\" \/><\/figure><\/div>\t\t\t<\/div>\n\t\t\t\t\t\t\t\t\t\t\t\t<div class=\"swiper-pagination\"><\/div>\n\t\t\t\t\t\t\t\t\t\t\t\t\t<div class=\"elementor-swiper-button elementor-swiper-button-prev\">\n\t\t\t\t\t\t<i class=\"eicon-chevron-left\" aria-hidden=\"true\"><\/i>\n\t\t\t\t\t\t<span class=\"elementor-screen-only\">Poprzednie<\/span>\n\t\t\t\t\t<\/div>\n\t\t\t\t\t<div class=\"elementor-swiper-button elementor-swiper-button-next\">\n\t\t\t\t\t\t<i class=\"eicon-chevron-right\" aria-hidden=\"true\"><\/i>\n\t\t\t\t\t\t<span class=\"elementor-screen-only\">Nast\u0119pne<\/span>\n\t\t\t\t\t<\/div>\n\t\t\t\t\t\t\t\t\t<\/div>\n\t\t\t\t<\/div>\n\t\t\t\t<\/div>\n\t\t\t\t\t<\/div>\n\t\t<\/div>\n\t\t\t\t\t\t\t<\/div>\n\t\t<\/section>\n\t\t\t\t<section class=\"elementor-section elementor-top-section elementor-element elementor-element-5ce3cf5 elementor-section-boxed elementor-section-height-default elementor-section-height-default\" data-id=\"5ce3cf5\" data-element_type=\"section\">\n\t\t\t\t\t\t<div class=\"elementor-container elementor-column-gap-default\">\n\t\t\t\t\t<div class=\"elementor-column elementor-col-100 elementor-top-column elementor-element elementor-element-faa2699\" data-id=\"faa2699\" data-element_type=\"column\">\n\t\t\t<div class=\"elementor-widget-wrap elementor-element-populated\">\n\t\t\t\t\t\t\t\t<div class=\"elementor-element elementor-element-5c030e1 elementor-aspect-ratio-169 elementor-widget elementor-widget-video\" data-id=\"5c030e1\" data-element_type=\"widget\" data-settings=\"{&quot;youtube_url&quot;:&quot;https:\\\/\\\/youtu.be\\\/AlJ13_Ab_qo?si=Vb_k4oydjWLcS2_F&quot;,&quot;video_type&quot;:&quot;youtube&quot;,&quot;controls&quot;:&quot;yes&quot;,&quot;aspect_ratio&quot;:&quot;169&quot;}\" data-widget_type=\"video.default\">\n\t\t\t\t<div class=\"elementor-widget-container\">\n\t\t\t\t\t<div class=\"elementor-wrapper elementor-fit-aspect-ratio elementor-open-inline\">\n\t\t\t<div class=\"elementor-video\"><\/div>\t\t<\/div>\n\t\t\t\t<\/div>\n\t\t\t\t<\/div>\n\t\t\t\t<div class=\"elementor-element elementor-element-31ea723 elementor-aspect-ratio-169 elementor-widget elementor-widget-video\" data-id=\"31ea723\" data-element_type=\"widget\" data-settings=\"{&quot;youtube_url&quot;:&quot;https:\\\/\\\/youtu.be\\\/yRpLAcMtXOI?si=qV3CHffEjUIQT5zt&quot;,&quot;video_type&quot;:&quot;youtube&quot;,&quot;controls&quot;:&quot;yes&quot;,&quot;aspect_ratio&quot;:&quot;169&quot;}\" data-widget_type=\"video.default\">\n\t\t\t\t<div class=\"elementor-widget-container\">\n\t\t\t\t\t<div class=\"elementor-wrapper elementor-fit-aspect-ratio elementor-open-inline\">\n\t\t\t<div class=\"elementor-video\"><\/div>\t\t<\/div>\n\t\t\t\t<\/div>\n\t\t\t\t<\/div>\n\t\t\t\t<div class=\"elementor-element elementor-element-abba5c8 elementor-aspect-ratio-169 elementor-widget elementor-widget-video\" data-id=\"abba5c8\" data-element_type=\"widget\" data-settings=\"{&quot;youtube_url&quot;:&quot;https:\\\/\\\/youtu.be\\\/bsefARmWAAk?si=hNRDJO0ra-M_FWcb&quot;,&quot;video_type&quot;:&quot;youtube&quot;,&quot;controls&quot;:&quot;yes&quot;,&quot;aspect_ratio&quot;:&quot;169&quot;}\" data-widget_type=\"video.default\">\n\t\t\t\t<div class=\"elementor-widget-container\">\n\t\t\t\t\t<div class=\"elementor-wrapper elementor-fit-aspect-ratio elementor-open-inline\">\n\t\t\t<div class=\"elementor-video\"><\/div>\t\t<\/div>\n\t\t\t\t<\/div>\n\t\t\t\t<\/div>\n\t\t\t\t<div class=\"elementor-element elementor-element-ece5935 elementor-invisible elementor-widget elementor-widget-text-editor\" data-id=\"ece5935\" data-element_type=\"widget\" data-settings=\"{&quot;_animation&quot;:&quot;fadeInRight&quot;}\" data-widget_type=\"text-editor.default\">\n\t\t\t\t<div class=\"elementor-widget-container\">\n\t\t\t\t\t\t\t<p><strong>Technik logistyk\u00a0<\/strong>to nowoczesny i atrakcyjny\u00a0 zaw\u00f3d przysz\u0142o\u015bci. Szczeg\u00f3lnie du\u017ce zainteresowanie absolwentami tego kierunku wyst\u0119puje w naszym regionie \u2013<br \/>w wojew\u00f3dztwie \u0142\u00f3dzkim &#8211; \u00a0w samym \u015brodku Polski i\u00a0 Europy, gdzie znajduje si\u0119 wiele centr\u00f3w logistycznych. Jest to przede wszystkim zaw\u00f3d, w kt\u00f3rym pracownik organizuje i monitoruje przep\u0142ywy zasob\u00f3w i informacji w procesach produkcji, dystrybucji, magazynowania i transportu. Logistyka znajduje si\u0119 w czo\u0142\u00f3wce\u00a0najbardziej po\u017c\u0105danych zawod\u00f3w, bowiem kszta\u0142ci specjalist\u00f3w, kt\u00f3rzy po uko\u0144czeniu szko\u0142y posiadaj\u0105 wszechstronn\u0105 wiedz\u0119 techniczn\u0105 i ekonomiczn\u0105, znaj\u0105 j\u0119zyki obce<br \/>i sprawnie poruszaj\u0105 si\u0119 w nowoczesnym przedsi\u0119biorstwie. Absolwenci posiadaj\u0105 rozleg\u0142\u0105 wiedz\u0119 ekonomiczn\u0105, umiej\u0119tno\u015bci planowania, organizowania, zarz\u0105dzania<br \/>i negocjowania oraz pos\u0142ugiwania si\u0119 aktami prawnymi.<\/p><p>Zdobyta wiedza i umiej\u0119tno\u015bci w pi\u0119cioletnim cyklu kszta\u0142cenia daje bardzo du\u017ce mo\u017cliwo\u015bci zatrudnienia w nowoczesnej firmie. To r\u00f3wnie\u017c \u015bwietna podbudowa do \u00a0prowadzenia w\u0142asnej dzia\u0142alno\u015bci gospodarczej, a tak\u017ce do dalszego kszta\u0142cenia na studiach wy\u017cszych. Mo\u017cliwo\u015bci zawodowe dla technika logistyki s\u0105 naprawd\u0119 ogromne \u2013 praktycznie ka\u017cda bran\u017ca pozwala na wykorzystanie wiedzy teoretycznej i praktycznej, aby cieszy\u0107 si\u0119 prac\u0105 marze\u0144.<\/p><p><strong>Uczniowie w trakcie nauki\u00a0\u00a0 przyst\u0119puj\u0105 do egzaminu potwierdzaj\u0105cego kwalifikacje w zawodzie w dw\u00f3ch kwalifikacjach:<\/strong><\/p><p><strong>SPL.01. Obs\u0142uga magazyn\u00f3w<\/strong>\u00a0\u2013 egzamin odbywa si\u0119 na koniec klasy III<\/p><p><strong>SPL.04. Organizacja transportu<\/strong>\u00a0\u2013 egzamin odbywa si\u0119 w po\u0142owie klasy V<\/p><p>Ucze\u0144, kt\u00f3ry zda\u0142 egzaminy z zakresu wszystkich kwalifikacji wyodr\u0119bnionych w danym zawodzie oraz posiada \u015bwiadectwo uko\u0144czenia technikum, otrzymuje dyplom\u00a0 zawodowy.<\/p><p>Strategiczne po\u0142o\u017cenie Polski\u00a0 na mapie Europy i \u015bwiata, sprawia, \u017ce logistyka w naszym kraju b\u0119dzie zawsze odgrywa\u0142a kluczow\u0105 rol\u0119. Dlatego dobry logistyk mo\u017ce by\u0107 spokojny o swoj\u0105 zawodow\u0105 przysz\u0142o\u015b\u0107. Ilo\u015b\u0107 ofert pracy dla technik\u00f3w logistyk\u00f3w stale ro\u015bnie, dzi\u0119ki czemu absolwenci nie maj\u0105 problemu ze znalezieniem ciekawej pracy.<\/p><p>Absolwenci mog\u0105 szuka\u0107 zatrudnienia w r\u00f3\u017cnych bran\u017cach, cho\u0107 najpopularniejszymi w\u015br\u00f3d logistyk\u00f3w sektorami s\u0105:<\/p><ul><li>firmy transportowe,<\/li><li>przedsi\u0119biorstwa spedycyjne,<\/li><li>centra logistyczne,<\/li><li>zak\u0142ady komunikacji miejskiej,<\/li><li>przedsi\u0119biorstwa magazynowe,<\/li><li>porty lotnicze i morskie,<\/li><li>terminale prze\u0142adunkowe.<\/li><\/ul>\t\t\t\t\t\t<\/div>\n\t\t\t\t<\/div>\n\t\t\t\t\t<\/div>\n\t\t<\/div>\n\t\t\t\t\t\t\t<\/div>\n\t\t<\/section>\n\t\t\t\t\t\t<\/div>\n\t\t\t\t\t<\/div>\n\t\t","protected":false},"excerpt":{"rendered":"<p>Technik logistyk Poprzednie Nast\u0119pne https:\/\/youtu.be\/AlJ13_Ab_qo?si=Vb_k4oydjWLcS2_Fhttps:\/\/youtu.be\/yRpLAcMtXOI?si=qV3CHffEjUIQT5zthttps:\/\/youtu.be\/bsefARmWAAk?si=hNRDJO0ra-M_FWcb Technik logistyk\u00a0to nowoczesny i atrakcyjny\u00a0 zaw\u00f3d przysz\u0142o\u015bci. Szczeg\u00f3lnie du\u017ce zainteresowanie absolwentami tego kierunku wyst\u0119puje w naszym regionie \u2013w wojew\u00f3dztwie \u0142\u00f3dzkim &#8211; \u00a0w samym \u015brodku Polski i\u00a0 Europy, gdzie znajduje si\u0119 wiele centr\u00f3w logistycznych. Jest to przede wszystkim zaw\u00f3d, w kt\u00f3rym pracownik organizuje i monitoruje przep\u0142ywy zasob\u00f3w i informacji w procesach [&hellip;]<\/p>\n","protected":false},"author":1,"featured_media":0,"parent":0,"menu_order":0,"comment_status":"closed","ping_status":"closed","template":"","meta":[],"_links":{"self":[{"href":"https:\/\/troczewski2.pl\/index.php\/wp-json\/wp\/v2\/pages\/5441"}],"collection":[{"href":"https:\/\/troczewski2.pl\/index.php\/wp-json\/wp\/v2\/pages"}],"about":[{"href":"https:\/\/troczewski2.pl\/index.php\/wp-json\/wp\/v2\/types\/page"}],"author":[{"embeddable":true,"href":"https:\/\/troczewski2.pl\/index.php\/wp-json\/wp\/v2\/users\/1"}],"replies":[{"embeddable":true,"href":"https:\/\/troczewski2.pl\/index.php\/wp-json\/wp\/v2\/comments?post=5441"}],"version-history":[{"count":25,"href":"https:\/\/troczewski2.pl\/index.php\/wp-json\/wp\/v2\/pages\/5441\/revisions"}],"predecessor-version":[{"id":8894,"href":"https:\/\/troczewski2.pl\/index.php\/wp-json\/wp\/v2\/pages\/5441\/revisions\/8894"}],"wp:attachment":[{"href":"https:\/\/troczewski2.pl\/index.php\/wp-json\/wp\/v2\/media?parent=5441"}],"curies":[{"name":"wp","href":"https:\/\/api.w.org\/{rel}","templated":true}]}}