{"id":8327,"date":"2024-07-18T11:53:34","date_gmt":"2024-07-18T09:53:34","guid":{"rendered":"https:\/\/troczewski2.pl\/?page_id=8327"},"modified":"2024-07-18T11:53:35","modified_gmt":"2024-07-18T09:53:35","slug":"wykaz-podrecznikow-2024-25","status":"publish","type":"page","link":"https:\/\/troczewski2.pl\/index.php\/wykaz-podrecznikow-2024-25\/","title":{"rendered":"WYKAZ PODR\u0118CZNIK\u00d3W  2024\/25"},"content":{"rendered":"\n<p><a href=\"https:\/\/troczewski2.pl\/wp-content\/uploads\/2024\/07\/TECHNIK-EKSPLOATACJI-PORTOW-I-TERMINALI-podreczniki-2024-2025_1_.pdf\" target=\"_blank\" rel=\"noreferrer noopener\">TECHNIK EKSPLOATACJI PORT\u00d3W I TERMINALI<\/a><\/p>\n\n\n\n<p><a href=\"https:\/\/troczewski2.pl\/wp-content\/uploads\/2024\/07\/TECHNIK-HOTELARSTWA-podreczniki-2024-2025_2_.pdf\" target=\"_blank\" rel=\"noreferrer noopener\">TECHNIK HOTELARSTWA<\/a><\/p>\n\n\n\n<p><a href=\"https:\/\/troczewski2.pl\/wp-content\/uploads\/2024\/07\/TECHNIK-LOGISTYK-podreczniki-2024-2025_1_.pdf\" target=\"_blank\" rel=\"noreferrer noopener\">TECHNIK LOGISTYK <\/a><\/p>\n\n\n\n<p>T<a href=\"https:\/\/troczewski2.pl\/wp-content\/uploads\/2024\/07\/TECHNIK-TECHNOLOGII-ZYWNOSCI-podreczniki-2024-2025_3_.pdf\" data-type=\"URL\" data-id=\"https:\/\/troczewski2.pl\/wp-content\/uploads\/2024\/07\/TECHNIK-TECHNOLOGII-ZYWNOSCI-podreczniki-2024-2025_3_.pdf\">E<\/a><a href=\"https:\/\/troczewski2.pl\/wp-content\/uploads\/2024\/07\/TECHNIK-TECHNOLOGII-ZYWNOSCI-podreczniki-2024-2025_3_.pdf\" data-type=\"URL\" data-id=\"https:\/\/troczewski2.pl\/wp-content\/uploads\/2024\/07\/TECHNIK-TECHNOLOGII-ZYWNOSCI-podreczniki-2024-2025_3_.pdf\" target=\"_blank\" rel=\"noreferrer noopener\">CHNIK TECHNOLOGII \u017bYWNO\u015aCI  <\/a><\/p>\n\n\n\n<p><a href=\"https:\/\/troczewski2.pl\/wp-content\/uploads\/2024\/07\/TECHNIK-ZYWIENIA-I-USLUG-GASTRONOMICZNYCH-podreczniki-2024-2025_1_.pdf\" target=\"_blank\" rel=\"noreferrer noopener\">TECHNIK \u017bYWIENIA I US\u0141UG GASTRONOMICZNYCH<\/a><\/p>\n\n\n\n<p><\/p>\n\n\n\n<p><a href=\"https:\/\/troczewski2.pl\/wp-content\/uploads\/2024\/07\/BS-magazynier-logistyk-podreczniki-2024-2025_1_.pdf\" target=\"_blank\" rel=\"noreferrer noopener\">BS &#8211; MAGAZYNIER &#8211; LOGISTYK<\/a><\/p>\n\n\n\n<p><a href=\"https:\/\/troczewski2.pl\/wp-content\/uploads\/2024\/07\/BS-kucharz-podreczniki-2024-2025_2_.pdf\" target=\"_blank\" rel=\"noreferrer noopener\">BS &#8211; KUCHARZ <\/a><\/p>\n","protected":false},"excerpt":{"rendered":"<p>TECHNIK EKSPLOATACJI PORT\u00d3W I TERMINALI TECHNIK HOTELARSTWA TECHNIK LOGISTYK TECHNIK TECHNOLOGII \u017bYWNO\u015aCI TECHNIK \u017bYWIENIA I US\u0141UG GASTRONOMICZNYCH BS &#8211; MAGAZYNIER &#8211; LOGISTYK BS &#8211; KUCHARZ<\/p>\n","protected":false},"author":1,"featured_media":0,"parent":0,"menu_order":0,"comment_status":"closed","ping_status":"closed","template":"","meta":[],"_links":{"self":[{"href":"https:\/\/troczewski2.pl\/index.php\/wp-json\/wp\/v2\/pages\/8327"}],"collection":[{"href":"https:\/\/troczewski2.pl\/index.php\/wp-json\/wp\/v2\/pages"}],"about":[{"href":"https:\/\/troczewski2.pl\/index.php\/wp-json\/wp\/v2\/types\/page"}],"author":[{"embeddable":true,"href":"https:\/\/troczewski2.pl\/index.php\/wp-json\/wp\/v2\/users\/1"}],"replies":[{"embeddable":true,"href":"https:\/\/troczewski2.pl\/index.php\/wp-json\/wp\/v2\/comments?post=8327"}],"version-history":[{"count":3,"href":"https:\/\/troczewski2.pl\/index.php\/wp-json\/wp\/v2\/pages\/8327\/revisions"}],"predecessor-version":[{"id":8341,"href":"https:\/\/troczewski2.pl\/index.php\/wp-json\/wp\/v2\/pages\/8327\/revisions\/8341"}],"wp:attachment":[{"href":"https:\/\/troczewski2.pl\/index.php\/wp-json\/wp\/v2\/media?parent=8327"}],"curies":[{"name":"wp","href":"https:\/\/api.w.org\/{rel}","templated":true}]}}