{"id":8450,"date":"2024-10-08T11:57:40","date_gmt":"2024-10-08T09:57:40","guid":{"rendered":"https:\/\/troczewski2.pl\/?page_id=8450"},"modified":"2026-04-02T11:28:39","modified_gmt":"2026-04-02T09:28:39","slug":"kulinarne-kutno","status":"publish","type":"page","link":"https:\/\/troczewski2.pl\/index.php\/kulinarne-kutno\/","title":{"rendered":"&#8222;KULINARNE KUTNO&#8221;"},"content":{"rendered":"\n<p><strong><a href=\"https:\/\/troczewski2.pl\/index.php\/kurs-barmana-bezalkoholowego\/\">Kurs barmana bezalkoholowego<\/a><\/strong> <\/p>\n\n\n\n<p><strong><a href=\"https:\/\/troczewski2.pl\/index.php\/kurs-barista\/\">Kurs baristy<\/a><\/strong><\/p>\n\n\n\n<p>___________________<\/p>\n\n\n\n<p><strong><a href=\"https:\/\/troczewski2.pl\/wp-content\/uploads\/2025\/12\/Harmonogram-szkolenia-szkolenie-kulinarne.pdf\">Harmonogram wsparcia &#8211; Szkolenie kulinarne dla nauczycieli<\/a><\/strong><\/p>\n\n\n\n<p><strong>H<a href=\"https:\/\/troczewski2.pl\/wp-content\/uploads\/2025\/12\/Harmomogram-wsparcia-Kurs-Carving-dla-nauczycieli.pdf\">armonogram wsparcia &#8211; Kurs carvingu dla nauczycieli<\/a><\/strong><\/p>\n\n\n\n<p><strong><a href=\"https:\/\/troczewski2.pl\/wp-content\/uploads\/2025\/12\/harmonogram-i-lista-uczestnikw-prawo-jazdy-kat-B-gr-II.pdf\">H<\/a><a href=\"https:\/\/troczewski2.pl\/wp-content\/uploads\/2026\/02\/harmonogram-prawo-jazdy-kat-B-gr-II.pdf\">armonogram wsparcia i lista uczestnik\u00f3w &#8211; Prawo jazdy kat. B<\/a><\/strong><\/p>\n\n\n\n<p><strong>H<a href=\"https:\/\/troczewski2.pl\/wp-content\/uploads\/2025\/12\/kasa-fiskalna.pdf\">armonogram wsparcia i lista uczestnik\u00f3w &#8211; Kurs obs\u0142ugi kasy fiskalnej<\/a><\/strong><\/p>\n\n\n\n<p><strong><a href=\"https:\/\/troczewski2.pl\/wp-content\/uploads\/2025\/12\/cukiernictwo.pdf\">Harmonogram wsparcia i lista uczestnik\u00f3w &#8211; Kurs &#8211; Cukiernictwo nowoczesne<\/a><\/strong><\/p>\n\n\n\n<p><strong><a href=\"https:\/\/troczewski2.pl\/wp-content\/uploads\/2025\/11\/Harmonogram-wsparcia-Kurs-Umiejetnosci-miekkie-w-pracy-zawodowej-1.pdf\">Harmonogram wsparcia i listy uczestnik\u00f3w &#8211; Kurs &#8211; Umiej\u0119tno\u015bci mi\u0119kkie w pracy zawodowej &#8211; uczniowie<\/a><\/strong><\/p>\n\n\n\n<p><strong><a href=\"https:\/\/troczewski2.pl\/wp-content\/uploads\/2026\/03\/Harmonogram-GMP-GHPHACCP.docx.pdf\"><em>Harmonogram realizacji szkole\u0144 dla uczni\u00f3w pn.&nbsp;Kurs GMP, GHP, HACCP w przemy\u015ble<\/em> <em>spo\u017cywczym<\/em><\/a><\/strong><\/p>\n\n\n\n<p><\/p>\n\n\n\n<p><strong><a href=\"https:\/\/troczewski2.pl\/wp-content\/uploads\/2026\/03\/harmonogram-wsparcia-Szkolenie-kuchnia-VEGE-dla-uczniC\u00b3w-gr-I-gr-II-gr-III.pdf\">HARMONOGRAM WSPARCIA W PROJEKCIE &#8211; SZKOLENIE KUCHNIA VEGE DLA UCZNI\u00d3W &#8211; GR. I, II, III<\/a><\/strong><\/p>\n\n\n\n<p><strong><a href=\"https:\/\/troczewski2.pl\/wp-content\/uploads\/2026\/03\/DZ-indywidualne-gr-6-P.-A.-Ostojska.pdf\">HARMONOGRAM WSPARCIA W&nbsp;PROJEKCIE \u2013 ZAJ\u0118CIA INDYWIDUALNE Z&nbsp;DORADZTWA ZAWODOWEGO \u2013 GRUPA VI&nbsp;<\/a><\/strong>\u2013 p.&nbsp;A. Ostojska<\/p>\n\n\n\n<p><strong><a href=\"https:\/\/troczewski2.pl\/wp-content\/uploads\/2026\/03\/DZ-indywidualne-gr-7-P.-A.-Ostojska.pdf\">HAR<\/a><\/strong><a href=\"https:\/\/troczewski2.pl\/wp-content\/uploads\/2026\/03\/DZ-indywidualne-gr-7-P.-A.-Ostojska-1.pdf\"><strong>MONOGRAM WSPARCIA W&nbsp;PROJEKCIE \u2013 ZAJ\u0118CIA INDYWIDUALNE<\/strong><\/a><a href=\"https:\/\/troczewski2.pl\/wp-content\/uploads\/2026\/03\/DZ-indywidualne-gr-7-P.-A.-Ostojska-2.pdf\"><strong> Z&nbsp;DORADZTWA ZAWODOWEGO \u2013 GRUPA VII<\/strong>\u2013 <\/a>p.&nbsp;A. Ostojska<\/p>\n\n\n\n<p><strong><a href=\"https:\/\/troczewski2.pl\/wp-content\/uploads\/2026\/03\/Harmonogram-wsparcia-grupa-IV-zajA&#x2122;cia-proekologiczne-p.-E.-Olejniczak.pdf\">HARMONOGRAM WSPARCIA W PROJEKCIE &#8211; ZAJ\u0118CIA PROEKOLOGICZNE &#8211; GR. IV &#8211; p. E. Olejniczak<\/a><\/strong><\/p>\n\n\n\n<p><strong><a href=\"https:\/\/troczewski2.pl\/wp-content\/uploads\/2026\/01\/harmonogram-wsparcia-zajecia-dla-grupy-I-p.-A.-Drazkiewicz.pdf\">HARMONOGRAM WSPARCIA W PROJEKCIE &#8211; ZAJ\u0118CIA Z PSYCHOLOGIEM &#8211; GR. I &#8211; p. A. Dr\u0105\u017ckiewicz<\/a><\/strong><\/p>\n\n\n\n<p><strong><a href=\"https:\/\/troczewski2.pl\/wp-content\/uploads\/2026\/01\/harmonogram-wsparcia-zajecia-dla-grupy-II-p.-A.-Drazkiewicz.pdf\">HARMONOGRAM WSPARCIA W PROJEKCIE <\/a><a href=\"https:\/\/troczewski2.pl\/wp-content\/uploads\/2026\/03\/harmonogram-wsparcia-zajecia-dla-grupy-II-p.-A.-Drazkiewicz.pdf\">&#8211; ZAJ\u0118CIA Z PSYCHOLOGIEM &#8211; GR. II &#8211; p. A. Dr\u0105\u017ckiewicz<\/a><\/strong><\/p>\n\n\n\n<p><strong><a href=\"https:\/\/troczewski2.pl\/wp-content\/uploads\/2025\/12\/Harmonogram-szkolenia-dla-nauczycieli-\u201eSzkolenie-przeciw.-dysk.-cyberprzemocy-i-mowie-nienawisci.pdf\">H<\/a><a href=\"https:\/\/troczewski2.pl\/wp-content\/uploads\/2026\/01\/Harmonogram-szkolenia-dla-nauczycieli-\u201eSzkolenie-przeciw.-dysk.-cyberprzemocy-i-mowie-nienawisci.pdf\">ARMONOGRAM WSPARCIA W PROJEKCIE &#8211; SZKOLENIE <\/a><a href=\"https:\/\/troczewski2.pl\/wp-content\/uploads\/2026\/02\/Harmonogram-szkolenia-dla-nauczycieli-\u201eSzkolenie-przeciw-dysk.-cyberprze.-i-mowie-nienawisci-SPE.pdf\">DLA NAUCZYCIELI &#8211; PRZECIWDZIA\u0141ANIE DYSKRYMINACJI, CYBERPRZEMOCY&#8230;.<\/a><\/strong><\/p>\n\n\n\n<p><strong><a href=\"https:\/\/troczewski2.pl\/wp-content\/uploads\/2025\/11\/Harmonogram-szkolenia-Szkolenie-dotyczace-MS-Office-Word-Excel.pdf\">HARMONOGRAM WSPARCIA W PROJEKCIE &#8211; SZKOLENIE DOTYCZ\u0104CE MS OFFICE<\/a><\/strong><\/p>\n\n\n\n<p><strong><a href=\"https:\/\/troczewski2.pl\/wp-content\/uploads\/2025\/11\/Harmonogram-wsparcia-matematyka-gr.IV-p.-R.-Przybysz-Bzdziel.pdf\">HARMONOGRAM WSPARCIA W PROJEKCIE &#8211; ZAJ\u0118CIA Z MATEMATYKI &#8211; GR. IV &#8211; p. R. Przybysz &#8211; B\u017adziel<\/a><\/strong><\/p>\n\n\n\n<p><strong><a href=\"https:\/\/troczewski2.pl\/wp-content\/uploads\/2025\/11\/Harmonogram-wsparcia-matematyka-gr-V-p.-R.-Przybysz-Bzdziel.pdf\">HARMONOGRAM WSPARCIA W PROJEKCIE &#8211; ZAJ\u0118C<\/a><a href=\"https:\/\/troczewski2.pl\/wp-content\/uploads\/2025\/11\/Harmonogram-wsparcia-matematyka-gr-V-p.-R.-Przybysz-Bzdziel-1.pdf\">IA Z MATEMATYKI &#8211; GR. V &#8211; p. R. Przybysz &#8211; B\u017adziel<\/a><\/strong><\/p>\n\n\n\n<p> <strong><a href=\"https:\/\/troczewski2.pl\/wp-content\/uploads\/2025\/11\/Harmonogram-wsparcia-matematyka-gr-VI-p.-R.-Przybysz-Bzdziel.pdf\">HARMONOGRAM WSPARCIA W PRO<\/a><\/strong><a href=\"https:\/\/troczewski2.pl\/wp-content\/uploads\/2026\/02\/Harmonogram-wsparcia-matematyka-gr-VI-p.-R.-Przybysz-Bzdziel.pdf\"><strong>JEKCIE &#8211; MATEMATYKA &#8211; GR.VI &#8211; p. R. Przybysz &#8211; B\u017adziel<\/strong> <\/a><\/p>\n\n\n\n<p><strong><a href=\"https:\/\/troczewski2.pl\/wp-content\/uploads\/2025\/11\/Harmonogram-wsparcia-DZ-grupowe-grupa-1-p.-M-Olczak-1.pdf\">HARMONOGRAM WSPARCIA W PROJEKCIE &#8211; ZAJ\u0118CIA Z DORADZTWA ZAWODOWEGO &#8211; GR. I -p. M. Olczak<\/a><\/strong><\/p>\n\n\n\n<p><strong><a href=\"https:\/\/troczewski2.pl\/wp-content\/uploads\/2025\/12\/Harmonogram-wsparcia-DZ-grupowe-grupa-2-p.-M-Olczak.pdf\">HARMONOGRAM WSPARCIA W PROJEKCIE &#8211; ZAJ\u0118CIA Z DORADZTWA ZAWODOWEGO &#8211; GR. II -p. M. Olczak<\/a><\/strong><\/p>\n\n\n\n<p><strong><a href=\"https:\/\/troczewski2.pl\/wp-content\/uploads\/2025\/07\/wykaz-stazy-.-2.pdf\">HARMONOGRAM STA\u017bY<\/a><\/strong><\/p>\n\n\n\n<p><a href=\"https:\/\/troczewski2.pl\/index.php\/2024\/10\/09\/rekrutacja-do-projektu-pn-kulinarne-kutno\/\"><strong>DOKUMENTY DO POBRANIA<\/strong><\/a><\/p>\n\n\n\n<p><strong><a href=\"https:\/\/troczewski2.pl\/wp-content\/uploads\/2026\/01\/Harmonogram-wsparcia-grupa-V-j.-angielski-p.-D.-Maj.pdf\">HARMONOGRAM WSPARCIA W PROJEKCIE &#8211; J\u0118ZYK ANGIELSKI &#8211; GR. V &#8211; p. D. Maj<\/a><\/strong><\/p>\n\n\n\n<p><a href=\"https:\/\/troczewski2.pl\/wp-content\/uploads\/2026\/01\/Harmonogram-wsparcia-grupa-VI-j.-angielski-p.-D.Maj-D.-Rajko-I.-Kowalik-1.pdf\"><strong>HARMONOGRAM WSPARCIA. W&nbsp;PROJEKCIE \u2013 J\u0118ZYK ANGIELSKI -GR. VI \u2013 p.&nbsp;D. Maj, p. D. Rajko<\/strong>,<strong> p. Kowalik<\/strong><\/a><\/p>\n\n\n\n<p><strong><a href=\"https:\/\/troczewski2.pl\/wp-content\/uploads\/2026\/04\/Harmonogram-wsparcia-j.angielski-gr.-IV-p.-M.Nowak-Kaczorkiewicz.pdf\">HARMONOGRAM WSPARCIA. W PROJEKCIE &#8211; J\u0118ZYK ANGIELSKI -GR. IV &#8211; p. M. Nowak &#8211; Kaczorkiewicz<\/a><\/strong><\/p>\n\n\n\n<p><strong><a href=\"https:\/\/troczewski2.pl\/wp-content\/uploads\/2026\/03\/harmonogram_wsparcia_j.angielski_gr.I_I.Kowalik.pdf\">HARMONOGRAM  WSPARCIA W PROJEKCIE &#8211; J\u0118ZYK ANGIELSKI &#8211; GR. I &#8211; p. I. Kowalik<\/a><\/strong><\/p>\n\n\n\n<p>H<strong><a href=\"https:\/\/troczewski2.pl\/wp-content\/uploads\/2025\/10\/Harmonogram-wsparcia-j.-angielski-gr.II-p.-D.-Rajko.pdf\">A<\/a><a href=\"https:\/\/troczewski2.pl\/wp-content\/uploads\/2026\/03\/Harmonogram-wsparcia-j.-angielski-gr.II-p.-D.-Rajko.pdf\">RMONOGRAM WSPARCIA W PROJEKCIE &#8211; J\u0118ZYK ANGIELSKI &#8211; GR. II &#8211; p. D. Rajko<\/a><\/strong><\/p>\n\n\n\n<p><strong><a href=\"https:\/\/troczewski2.pl\/wp-content\/uploads\/2026\/02\/harmonogram_wsparcia_j.angielski_gr.III_p.-M.-\u253c\u2557uber.pdf\">HARMONOGRAM WSPARCIA W PROJEKCIE &#8211; J\u0118ZYK ANGIELSKI &#8211; GR. III &#8211; p. M. \u017buber<\/a><\/strong><\/p>\n\n\n\n<p><strong><a href=\"https:\/\/troczewski2.pl\/wp-content\/uploads\/2026\/01\/harmonogram-wsparcia-zajecia-grupowe-z-psychologirm-gr-III-p.-B.-Justynska-1-1.pdf\">HARMONOGRAM WSPARCIA W PROJEKCIE &#8211; ZAJ\u0118CIA GRUPOWE Z PSYCHOLOGIEM &#8211; GRUPA III &#8211; p. Justy\u0144ska<\/a><\/strong><\/p>\n\n\n\n<p><strong><a href=\"https:\/\/troczewski2.pl\/wp-content\/uploads\/2025\/10\/harmonogram-wsparcia-zajecia-grupowe-z-psychologiem-gr-IV-p.-B.-Justynska.pdf\">H<\/a><a href=\"https:\/\/troczewski2.pl\/wp-content\/uploads\/2025\/11\/harmonogram-wsparcia-zajecia-grupowe-z-psychologiem-gr-IV-p.-B.-Justynska-1.pdf\">ARMONOGRAM WSPARCIA W PROJEKCIE &#8211; ZAJ\u0118CIA GRUPOWE Z PSYCHOLOGIEM &#8211; GRUPA IV &#8211; p. Justy\u0144ska <\/a><\/strong><\/p>\n\n\n\n<p><a href=\"https:\/\/troczewski2.pl\/wp-content\/uploads\/2025\/12\/Harmonogram-wsparcia-DZ-indywidualne-gr-3-p.-M.-K-Sz-1.pdf\"><strong>H<\/strong><\/a><a href=\"https:\/\/troczewski2.pl\/wp-content\/uploads\/2026\/03\/Harmonogram-wsparcia-DZ-indywidualne-gr-3-p.-M.-K-Sz.pdf\"><strong>ARMONOGRAM WSPARCIA W PROJEKCIE &#8211; ZAJ\u0118CIA INDYWIDUALNE Z DORADZTWA ZAWODOWEGO &#8211; GRUPA III<\/strong> &#8211; M. Kajszczarek &#8211; Szychowska<\/a><\/p>\n\n\n\n<p><strong><a href=\"https:\/\/troczewski2.pl\/wp-content\/uploads\/2026\/01\/harmonogram-Gr-II-III-IV.pdf\">HARMONOGRAM WSPARCIA W PROJEKCIE &#8211; ZAJ\u0118CIA Z INFORMATYKI &#8211; GRU<\/a><a href=\"https:\/\/troczewski2.pl\/wp-content\/uploads\/2026\/01\/harmonogram-Gr-II-III-IV.pdf\" data-type=\"URL\" data-id=\"https:\/\/troczewski2.pl\/wp-content\/uploads\/2026\/01\/harmonogram-Gr-II-III-IV.pdf\">PA II, III, IV &#8211; P. P. Kondracki<\/a><\/strong><\/p>\n\n\n\n<p><strong><a href=\"https:\/\/troczewski2.pl\/wp-content\/uploads\/2025\/09\/Harmonogram-wsparcia-matematyka-grupa-II-p.-R.-Pszybysz-Bzdziel.pdf\">HARMONOGRAM WSPARCIA W PRO<\/a><a href=\"https:\/\/troczewski2.pl\/wp-content\/uploads\/2026\/04\/Harmonogram-wsparcia-matematyka-grupa-II-p.-R.-Pszybysz-Bzdziel.pdf\">JEKCIE &#8211; MATEMATYKA grupa II &#8211; p. R. Przybysz-Bzdziel<\/a><\/strong><\/p>\n\n\n\n<p><strong><a href=\"https:\/\/troczewski2.pl\/wp-content\/uploads\/2025\/09\/Harmonogram-wsparcia-matematyka-gr.-III-p.-R.-Przybysz-Bzdziel.pdf\">HARMONOGRAM WSPARCIA W PROJEKCIE &#8211; MATEMATYKA grupa III &#8211; p. R. Przybysz-Bzdziel<\/a><\/strong><\/p>\n\n\n\n<p><strong><a href=\"https:\/\/troczewski2.pl\/wp-content\/uploads\/2025\/09\/harmonogram-zaj.-z-informatyki-p.-P.-Kondracki-gr-I.pdf\">HARMONOGRAM WSPARCIA W PROJEKCIE &#8211; ZAJ\u0118CIA Z INFORMATYKI &#8211; GRUPA I<\/a><\/strong> &#8211; p. P.Kondracki<\/p>\n\n\n\n<p><strong><a href=\"https:\/\/troczewski2.pl\/wp-content\/uploads\/2025\/09\/harmonogram-wsparcia-DZ-gr-5-zaj.-indywidualne-p.-M.-K-Sz.pdf\">H<\/a><\/strong><a href=\"https:\/\/troczewski2.pl\/wp-content\/uploads\/2025\/10\/harmonogram-wsparcia-DZ-gr-5-zaj.-indywidualne-p.-M.-K-Sz.pdf\"><strong>ARMONOGRAM WSPARCIA W PROJEKCIE &#8211; ZAJ\u0118CIA INDYWIDUALNE Z DORADZTWA ZAWODOWEGO &#8211; GRUPA V<\/strong> &#8211; p. M. Kajszczarek &#8211; Szychowska<\/a><\/p>\n\n\n\n<p><strong><a href=\"https:\/\/troczewski2.pl\/wp-content\/uploads\/2025\/09\/harmonorgam-wsparcia-kurs-animator-czasu-wolnego-grupa-II.pdf\">HARMONOGRAM WSPARCIA W PROJEKCIE &#8211; KURS ANIMATOR CZASU WOLNEGO &#8211; GR. II<\/a><\/strong> <\/p>\n\n\n\n<p><strong><a href=\"https:\/\/troczewski2.pl\/wp-content\/uploads\/2025\/09\/harmonogram-wsparcia-DZ-grupa-5-p.-M.-Kajszczarek-Szychowska.pdf\">HARMONOGRAM WSPARCIA W PROJEKCIE &#8211; ZAJ\u0118CIA GRUPOWE Z DORADZTWA ZAWODOWEGO &#8211; GRUPA V<\/a><\/strong> &#8211; p. M. Kajszczarek &#8211; Szychowska<\/p>\n\n\n\n<p><strong><a href=\"https:\/\/troczewski2.pl\/wp-content\/uploads\/2025\/09\/harmonogram-wsparcia-DZ-grupa-3-p.-M.-Kajszczarek-Szychowska.pdf\">HARMONOGRAM WSPARCIA W PROJEKCIE &#8211; ZAJ\u0118CIA GRUPOWE Z DORADZTWA ZAWODOWEGO &#8211; GRUPA III<\/a><\/strong> &#8211; p. M. Kajszczarek &#8211; Szychowska<\/p>\n\n\n\n<p><strong><a href=\"https:\/\/troczewski2.pl\/wp-content\/uploads\/2025\/09\/DZ-indywidualne-gr-4-P.-M.-K-Sz.pdf\">HARMONOGRAM WSPARCIA W PROJEKCIE &#8211; ZAJ\u0118CIA INDYWIDUALNE Z DORADZTWA ZAWODOWEGO<\/a><\/strong> &#8211; GRUPA IV &#8211; p. M. Kajszczarek &#8211; Szychowska<\/p>\n\n\n\n<p><strong><a href=\"https:\/\/troczewski2.pl\/wp-content\/uploads\/2025\/05\/harmonogram-prawo-jazdy-kat-B-gr-I-.pdf\">HARMONOGRAM WSPARCIA <\/a><a href=\"https:\/\/troczewski2.pl\/wp-content\/uploads\/2025\/07\/harmonogram-prawo-jazdy-kat-B-gr-I.pdf\">W PROJEKCIE &#8211; PRAWO JAZDY KAT B. &#8211; GR.I<\/a><\/strong><\/p>\n\n\n\n<p><strong><a href=\"https:\/\/troczewski2.pl\/wp-content\/uploads\/2025\/05\/harmonogram-wsparcia-kurs-animator-czasu-wolnego.pdf\">HARMONOGRAM WSPARCIA W PROJEKCIE &#8211; KURS ANIMATOR CZASU WOLNEGO<\/a><\/strong><\/p>\n\n\n\n<p><a href=\"https:\/\/troczewski2.pl\/wp-content\/uploads\/2025\/09\/harmonogram-wsparcia-zajecia-przygotowujace-do-egzaminu-zawodowego-7.pdf\"><strong>HARMONOGRAM WSPARCIA W&nbsp;PROJEKCIE \u2013 ZAJ\u0118CIA GRUPOWE Z&nbsp;DORADZTWA ZAWODOWEGO<\/strong> &#8211; rok szk. 2024\/25<\/a><\/p>\n\n\n\n<p><a href=\"https:\/\/troczewski2.pl\/wp-content\/uploads\/2025\/05\/harmonogram-wsparcia-DZ-grupa-2-p.-M.-Kajszczarek-SZychowska.pdf\"> <strong>HARMONOGRAM WSPARCIA W&nbsp;PROJEKCIE \u2013 ZAJ\u0118CIA GRUPOWE Z&nbsp;DORADZTWA ZAWODOWEGO  &#8211; grupa II<\/strong><\/a>  &#8211; rok szk. 2024\/25 <\/p>\n\n\n\n<p><a href=\"https:\/\/troczewski2.pl\/wp-content\/uploads\/2025\/05\/harmonogram-wsparcia-DZ-grupa-4-p.-M.-Kajszczarek-SZychowska.pdf\"><strong>HARMONOGRAM WSPARCIA W&nbsp;PROJEKCIE \u2013 ZAJ\u0118CIA GRUPOWE Z&nbsp;DORADZTWA ZAWODOWEGO &#8211; grupa I<\/strong>V<\/a>  &#8211; rok szk. 2024\/25 <\/p>\n\n\n\n<p><strong><a href=\"https:\/\/troczewski2.pl\/wp-content\/uploads\/2025\/05\/harmonogram-wsparcia-DZ-indywidualne-gr-1-p.-M.-Kajszczarek-Szychowska.pdf\">HARMONOGRAM WSPARCIA W PROJEKCIE &#8211; ZAJ\u0118CIA INDYWIDUALNE Z DORADZTWA ZAWODOWEGO<\/a><\/strong> &#8211; gr. I  &#8211; rok szk. 2024\/25 <\/p>\n\n\n\n<p><strong><a href=\"https:\/\/troczewski2.pl\/wp-content\/uploads\/2025\/05\/harmonogram-wsparcia-DZ-indywidualne-gr-2-p.-M.-Kajszczarek-Szychowska.pdf\">HARMONOGRAM WSPARCIA W PROJEKCIE &#8211; ZAJ\u0118CIA INDYWIDUALNE Z DORADZTWA ZAWODOWEGO<\/a><\/strong> &#8211; gr. II &#8211; rok szk. 2024\/25 <\/p>\n\n\n\n<p><strong><a href=\"https:\/\/troczewski2.pl\/wp-content\/uploads\/2025\/03\/harmonogram-wsparcia-kurs-baristy-dla-uczniw.pdf\">HARMONOGRAM UDZIELANIA WSPARCIA W PROJEKCIE &#8211; KURS BARISTY DLA UCZNI\u00d3W<\/a><\/strong><\/p>\n\n\n\n<p><strong><a href=\"https:\/\/troczewski2.pl\/wp-content\/uploads\/2025\/03\/harmonogram-wsparcia-kurs-operatora-wozkow-jezdniowych-podnosnikowych1.pdf\">HARMONOGRAM UDZIELANIA WSPARCIA W PROJEKCIE &#8211; KURS OPERATORA W\u00d3ZK\u00d3W JEZDNIOWYCH PODNO\u015aNIKOWYCH<\/a><\/strong><\/p>\n\n\n\n<p><strong><a href=\"https:\/\/troczewski2.pl\/wp-content\/uploads\/2025\/01\/harmonogram-wsparcia-kursy-realizowane-przez-podmioty-zewnetrzne.pdf\">HARMONOGRAM UDZIELANIA WSPARCIA W PROJEKCIE &#8211; KURSY<\/a><\/strong> <\/p>\n\n\n\n<p><strong><a href=\"https:\/\/troczewski2.pl\/wp-content\/uploads\/2025\/01\/harmonogram-zajecia-dla-grupy-II-p.-A.-Drazkiewicz-1.pdf\">HARMONOGRAM U<\/a><a href=\"https:\/\/troczewski2.pl\/wp-content\/uploads\/2025\/03\/harmonogram-wsparcia-zajecia-dla-grupy-II-p.-A.-Drazkiewicz.pdf\">DZIELANIA WSPARCIA W PROJEKCIE &#8211; PSYCHOLOG &#8211; ZAJ\u0118CIA DLA GRUPY II<\/a><\/strong>  &#8211; rok szk. 2024\/25 <\/p>\n\n\n\n<p><strong>H<a href=\"https:\/\/troczewski2.pl\/wp-content\/uploads\/2025\/01\/harmonogram-wsparcia-studia-podyplomowe-1.pdf\">ARMONOGRAM UDZIELANIA WSPARCIA  &#8211; STUDIA PODYPLOMOWE<\/a><\/strong><\/p>\n\n\n\n<p><strong><a href=\"https:\/\/troczewski2.pl\/wp-content\/uploads\/2025\/02\/harmonogram-wsparcia-matematyka-1.pdf\">HARMONOGRAM UDZIELANIA W<\/a><a href=\"https:\/\/troczewski2.pl\/wp-content\/uploads\/2025\/03\/harmonogram-wsparcia-matematyka-gr.I-p.-B.Rosiak-Indrzejczyk.pdf\">SPARCIA &#8211; MATEMATYKA<\/a><\/strong> &#8211; rok szk. 2024\/25 <\/p>\n\n\n\n<p><a href=\"https:\/\/troczewski2.pl\/wp-content\/uploads\/2025\/11\/Harmonogram-zajecie-proekologiczne-gr.-II.pdf\"><strong>HARMONOGRAM UDZIELANIA WSPARCIA &#8211; ZAJ\u0118CIA PROEKOLOGICZNE<\/strong> &#8211;<\/a> p. K GAPI\u0143SKA<\/p>\n\n\n\n<p><strong><a href=\"https:\/\/troczewski2.pl\/wp-content\/uploads\/2025\/05\/harmonogram-wsparcia-zajecia-proekologiczne-p.-E.-Olejniczak-1-1.pdf\">H<\/a><a href=\"https:\/\/troczewski2.pl\/wp-content\/uploads\/2025\/06\/harmonogram-wsparcia-zajecia-proekologiczne-p.-E.-Olejniczak-2.pdf\">ARMONOGRAM UDZIELANIA WSPARCIA &#8211; ZAJ\u0118CIA PROEKOLOGICZNE &#8211; P. OLEJNICZAK<\/a><\/strong><\/p>\n\n\n\n<p><strong><a href=\"https:\/\/troczewski2.pl\/wp-content\/uploads\/2025\/09\/harmonogram-wsparcia-zajecia-przygotowujace-do-egzaminu-zawodowego-8.pdf\"><em>HARMONOGRAM UDZIELANIA WSPARCIA W PROJEKCIE<\/em> &#8211; PRZYGOTOWANIE DO EGZAMINU ZAWODOWEGO<\/a><\/strong><\/p>\n\n\n\n<p><a href=\"https:\/\/troczewski2.pl\/wp-content\/uploads\/2025\/12\/harmonogram-zajecia-indywidualne-p-.A.-Drazkiewicz-2.pdf\"><strong>H<\/strong><\/a><strong><a href=\"https:\/\/troczewski2.pl\/wp-content\/uploads\/2026\/03\/harmonogram-wsparcia-zajecia-indywidualne-A.-Drazkiewicz-1.pdf\">ARMONOGRAM UDZIELANIA WSPARCIA W PROJEKCIE &#8211; PSYCHOLOG-PEDAGOG &#8211; ZAJ\u0118CIA INDYWIDUALNE &#8211; p. A. Dr\u0105\u017ckiewicz<\/a><\/strong><\/p>\n\n\n\n<p><a href=\"https:\/\/troczewski2.pl\/wp-content\/uploads\/2025\/03\/harmonogram-wsparcia-zajecia-dla-grupy-I-p.-A.-Drazkiewicz.pdf\"><strong>HARMONOGRAM UDZIELANIA WSPARCIA W PROJEKCIE &#8211; PSYCHOLOG-PEDAGOG &#8211; ZAJ\u0118CIA DLA GRUPY<\/strong><\/a>   &#8211; rok szk. 2024\/25  <\/p>\n\n\n\n<p><a href=\"https:\/\/troczewski2.pl\/wp-content\/uploads\/2024\/12\/harmonogram-wsparcia-Zajecia-grupowe-z-pedagogiem-Kulinarne-Kutno-rok-2024.pdf\"><strong>HARMONOGRAM UDZIELANIA WSPARCIA W PROJEKCIE -PEDAGOG &#8211; ZAJ\u0118CIA DLA GRUPY<\/strong> III<\/a>  &#8211; rok szk. 2024\/25  <\/p>\n\n\n\n<p><\/p>\n\n\n\n<div class=\"wp-block-file\"><object class=\"wp-block-file__embed\" data=\"https:\/\/troczewski2.pl\/wp-content\/uploads\/2024\/10\/Kulinarne_Kutno.pdf\" type=\"application\/pdf\" style=\"width:100%;height:600px\" aria-label=\"Osadzone z Kulinarne_Kutno.\"><\/object><a href=\"https:\/\/troczewski2.pl\/wp-content\/uploads\/2024\/10\/Kulinarne_Kutno.pdf\">Kulinarne_Kutno<\/a><a href=\"https:\/\/troczewski2.pl\/wp-content\/uploads\/2024\/10\/Kulinarne_Kutno.pdf\" class=\"wp-block-file__button\" download>Pobierz<\/a><\/div>\n","protected":false},"excerpt":{"rendered":"<p>Kurs barmana bezalkoholowego Kurs baristy ___________________ Harmonogram wsparcia &#8211; Szkolenie kulinarne dla nauczycieli Harmonogram wsparcia &#8211; Kurs carvingu dla nauczycieli Harmonogram wsparcia i lista uczestnik\u00f3w &#8211; Prawo jazdy kat. B Harmonogram wsparcia i lista uczestnik\u00f3w &#8211; Kurs obs\u0142ugi kasy fiskalnej Harmonogram wsparcia i lista uczestnik\u00f3w &#8211; Kurs &#8211; Cukiernictwo nowoczesne Harmonogram wsparcia i listy uczestnik\u00f3w [&hellip;]<\/p>\n","protected":false},"author":1,"featured_media":0,"parent":0,"menu_order":0,"comment_status":"closed","ping_status":"closed","template":"","meta":[],"_links":{"self":[{"href":"https:\/\/troczewski2.pl\/index.php\/wp-json\/wp\/v2\/pages\/8450"}],"collection":[{"href":"https:\/\/troczewski2.pl\/index.php\/wp-json\/wp\/v2\/pages"}],"about":[{"href":"https:\/\/troczewski2.pl\/index.php\/wp-json\/wp\/v2\/types\/page"}],"author":[{"embeddable":true,"href":"https:\/\/troczewski2.pl\/index.php\/wp-json\/wp\/v2\/users\/1"}],"replies":[{"embeddable":true,"href":"https:\/\/troczewski2.pl\/index.php\/wp-json\/wp\/v2\/comments?post=8450"}],"version-history":[{"count":208,"href":"https:\/\/troczewski2.pl\/index.php\/wp-json\/wp\/v2\/pages\/8450\/revisions"}],"predecessor-version":[{"id":13032,"href":"https:\/\/troczewski2.pl\/index.php\/wp-json\/wp\/v2\/pages\/8450\/revisions\/13032"}],"wp:attachment":[{"href":"https:\/\/troczewski2.pl\/index.php\/wp-json\/wp\/v2\/media?parent=8450"}],"curies":[{"name":"wp","href":"https:\/\/api.w.org\/{rel}","templated":true}]}}