{"id":8454,"date":"2024-10-08T12:24:43","date_gmt":"2024-10-08T10:24:43","guid":{"rendered":"https:\/\/troczewski2.pl\/?page_id=8454"},"modified":"2026-05-08T15:53:29","modified_gmt":"2026-05-08T13:53:29","slug":"rozwoj-kompetencji-mlodych-logistykow","status":"publish","type":"page","link":"https:\/\/troczewski2.pl\/index.php\/rozwoj-kompetencji-mlodych-logistykow\/","title":{"rendered":"&#8222;ROZW\u00d3J KOMPETENCJI M\u0141ODYCH LOGISTYK\u00d3W&#8230;&#8221;"},"content":{"rendered":"\n<p><strong><a href=\"https:\/\/troczewski2.pl\/index.php\/2024\/10\/09\/rekrutacja-do-projektu-pn-rozwoj-kompetencji-mlodych-logistykow\/\">DOKUMENTY DO POBRANIA<\/a><\/strong><\/p>\n\n\n\n<p>___________<\/p>\n\n\n\n<p><strong><a href=\"https:\/\/troczewski2.pl\/wp-content\/uploads\/2025\/07\/wykaz-stazy-..pdf\">HARMONOGRAM STA\u017bY<\/a><\/strong><\/p>\n\n\n\n<p><strong><a href=\"https:\/\/troczewski2.pl\/wp-content\/uploads\/2026\/04\/Harmonogram-wsparcia-zajA&#x2122;cia-indywidualne-DZ-grupa-VI-p.-A.-Ostojska.pdf\">HARMONOGRAM UDZIELANIA WSPARCIA W PROJEKCIE &#8211; ZAJ\u0118CIA INDYWIDUALNE Z DORADZTWA ZAWODOWEGO &#8211; GR. VI &#8211; p. A. Ostojska<\/a><\/strong><\/p>\n\n\n\n<p><strong><a href=\"https:\/\/troczewski2.pl\/wp-content\/uploads\/2026\/04\/harmonogram-wsparcia-zajA&#x2122;cia-proekologiczne-gr-V-p.-Olejniczak.pdf\">HARMONOGRAM UDZIELANI<\/a><a href=\"https:\/\/troczewski2.pl\/wp-content\/uploads\/2026\/04\/harmonogram-wsparcia-zajA&#x2122;cia-proekologiczne-gr-V-p.-Olejniczak-2.pdf\">A WSPARCIA W PROJEKCIE &#8211; ZAJ\u0118CIA PROEKOLOGICZNE &#8211; GR. V &#8211; p. E. Olejniczak<\/a><\/strong><\/p>\n\n\n\n<p><a href=\"https:\/\/troczewski2.pl\/wp-content\/uploads\/2026\/03\/harmonogram-wsparcia-zajecia-grupowe-grupa-II-p.-A.-Drazkiewicz-1.pdf\"><strong>HARMONOGRAM UDZIELANIA WSPARCIA W&nbsp;PROJEKCIE \u2013 PSYCHOLOG-PEDAGOG \u2013 ZAJ\u0118CIA DLA GRUPY II<\/strong> <\/a>&#8211; p. A. Dr\u0105\u017ckiewicz<\/p>\n\n\n\n<p><strong><a href=\"https:\/\/troczewski2.pl\/wp-content\/uploads\/2026\/01\/obsluga-kas-i-lista.pdf\">HARMONOGRAM WSPARCIA W PROJEKCIE &#8211; OBS\u0141UGA KAS FISKALNYCH GRUPY 1, 2, 3 + LISTA UCZESTNIK\u00d3W<\/a><\/strong><\/p>\n\n\n\n<p><strong><a href=\"https:\/\/troczewski2.pl\/wp-content\/uploads\/2026\/01\/Harmonogram-MS-Office-uczniowie-gr-I.pdf\">HARMONOGRAM WSPARCIA W PROJEKCIE &#8211; KURS MS OFFICE<\/a><\/strong> grupa 1<\/p>\n\n\n\n<p><strong><a href=\"https:\/\/troczewski2.pl\/wp-content\/uploads\/2026\/02\/Harmonogram-MS-Office-uczniowie-gr-II.pdf\">HARMONOGRAM WSPARCIA W&nbsp;PROJEKCIE \u2013 KURS MS OFFICE<\/a><\/strong><a href=\"https:\/\/troczewski2.pl\/wp-content\/uploads\/2026\/01\/Harmonogram-MS-Office-uczniowie-gr-II.pdf\">&nbsp;<\/a>grupa 2<\/p>\n\n\n\n<p><a href=\"https:\/\/troczewski2.pl\/wp-content\/uploads\/2026\/02\/3.pdf\"><strong>HARMONOGRAM WSPARCIA W&nbsp;PROJEKCIE \u2013 KURS MS OFFICE&nbsp;<\/strong>grupa 3<\/a><\/p>\n\n\n\n<p><a href=\"https:\/\/troczewski2.pl\/wp-content\/uploads\/2026\/01\/Harmonogram-MS-Office-uczniowie-gr-IV.pdf\"><strong>HARMONOGRAM WSPARCIA W PROJEKCIE &#8211; KURS MS OFFICE<\/strong> <\/a>grupa4<\/p>\n\n\n\n<p><a href=\"https:\/\/troczewski2.pl\/wp-content\/uploads\/2026\/02\/5.pdf\"><strong>HARMONOGRAM WSPARCIA W&nbsp;PROJEKCIE \u2013 KURS MS OFFICE<\/strong>&nbsp;<\/a>grupa 5<\/p>\n\n\n\n<p><strong><a href=\"https:\/\/troczewski2.pl\/wp-content\/uploads\/2026\/03\/Harmonogram-wsparcia-Doradztwo-zawodowe-grupowe-i-indywidualne-gr-V-p.-M.-K-Sz.pdf\">HARMONOGRAM WSPARCIA W PROJEKCIE &#8211; ZAJ\u0118CIA   Z  DORADZTWA ZAWODOWEGO &#8211; GR. V &#8211; p. M. Kajszczarek &#8211; Szychowska<\/a><\/strong><\/p>\n\n\n\n<p><strong><a href=\"https:\/\/troczewski2.pl\/wp-content\/uploads\/2026\/03\/doradztwo-zawodowe-grupa-V-zajA&#x2122;cia-grupowe.pdf\">HARMONOGRAM WSPARCIA W PROJEKCIE &#8211; ZAJ\u0118CIA   Z  DORADZTWA ZAWODOWEGO &#8211; GR. V &#8211; p. M. Kajszczarek &#8211; Szychowska<\/a><\/strong> &#8211; ZAJ\u0118CIA GRUPOWE <\/p>\n\n\n\n<p><strong><a href=\"https:\/\/troczewski2.pl\/wp-content\/uploads\/2026\/03\/doradztwo-zawodowe-grupa-V-zajA&#x2122;cia-indywidualne.pdf\">HARMONOGRAM WSPARCIA W PROJEKCIE &#8211; ZAJ\u0118CIA   Z  DORADZTWA ZAWODOWEGO &#8211; GR. V &#8211; p. M. Kajszczarek &#8211; Szychowska<\/a><\/strong> &#8211; ZAJ\u0118CIA INDYWIDUALNE<\/p>\n\n\n\n<p><strong>HARMONOGRAM WS<a href=\"https:\/\/troczewski2.pl\/wp-content\/uploads\/2025\/12\/Harmonogram-udzielania-wsparcia-zajecia-proekologiczne-grupa-III-p.-K.Gapinska.pdf\">PARCIA W PROJEKCIE &#8211; ZAJ\u0118CIA PROEKOLOGICZNE &#8211; GR. III &#8211; p. K. Gapi\u0144ska<\/a><\/strong><\/p>\n\n\n\n<p><strong><a href=\"https:\/\/troczewski2.pl\/wp-content\/uploads\/2026\/03\/Harmonogram-udzielania-wsparcia-zajecia-proekologiczne-grupa-IV-p.-K.Gapinska.pdf\">HARMONOGRAM WSPARCIA W PROJEKCIE &#8211; ZAJ\u0118CIA PROEKOLOGICZNE &#8211; GR. IV &#8211; p. K. Gapi\u0144ska<\/a><\/strong><\/p>\n\n\n\n<p><strong><a href=\"https:\/\/troczewski2.pl\/wp-content\/uploads\/2025\/11\/Harmonogra-wsparcia-Kurs-Umiejetnosci-miekkie-w-pracy-zawodowej-uczniowie..pdf\">HARMONOGRAM WSPARCIA W PROJEKCIE &#8211; UMIEJ\u0118TNO\u015aCI MI\u0118KKIE W PRACY ZAWODOWEJ<\/a><\/strong><\/p>\n\n\n\n<p><strong><a href=\"https:\/\/troczewski2.pl\/wp-content\/uploads\/2025\/11\/Harmonogram-wsparcia-szkolenia-dla-nauczycieli.pdf\">H<\/a><a href=\"https:\/\/troczewski2.pl\/wp-content\/uploads\/2025\/12\/Harmonogram-wsparcia-szkolenia-dla-nauczycieli.pdf\">ARMONOGRAM WSPARCIA W PROJEKCIE &#8211; SZKOLENIA DLA NAUCZYCIELI<\/a><\/strong><\/p>\n\n\n\n<p><strong><a href=\"https:\/\/troczewski2.pl\/wp-content\/uploads\/2025\/11\/Harmonogram-szkolenia-\u201eKurs-obsluga-Excel-dla-nauczycieli.pdf\">HARMONOGRAM WSPARCIA W PROJEKCIE &#8211; KURS EXCEL DLA NAUCZYCIELI<\/a><\/strong><\/p>\n\n\n\n<p><strong><a href=\"https:\/\/troczewski2.pl\/wp-content\/uploads\/2026\/02\/Harmonogram-wsparcia-matematyka-gr-III-p.-R.-Przybysz-Bzdziel.pdf\">HARMONOGRAM WSPARCIA W PROJEKCIE &#8211; MATEMATYKA &#8211; GR.III &#8211; p. R. Przybysz &#8211; B\u017adziel<\/a><\/strong><\/p>\n\n\n\n<p><strong><a href=\"https:\/\/troczewski2.pl\/wp-content\/uploads\/2025\/11\/Harmonogram-wsparcia-DZ-grupa-5-p.-M.-Olczak.pdf\">HARMONOGRAM WSPARCIA W PROJEKCIE &#8211; ZAJ\u0118CIA GRUPOWE Z DORADZTWA ZAWODOWEGO &#8211; GR. V &#8211; p. M. Olczak<\/a><\/strong><\/p>\n\n\n\n<p><strong><a href=\"https:\/\/troczewski2.pl\/wp-content\/uploads\/2025\/11\/Harmonogram-wsparcia-DZ-grupa-4-p.-M.-Olczak.pdf\">HARMONOGRAM WSPARCIA W PROJEKCIE &#8211; ZAJ\u0118CIA GRUPOWE Z DORADZTWA ZAWODOWEGO &#8211; GR. IV &#8211; p. M. Olczak<\/a><\/strong><\/p>\n\n\n\n<p><strong><a href=\"https:\/\/troczewski2.pl\/wp-content\/uploads\/2025\/11\/Harmonogram-wsparcia-DZ-grupowe-gr-3-p.-M.-Olczak-1.pdf\">HARMONOGRAM WSPARCIA W PROJEKCIE &#8211; ZAJ\u0118CIA GRUPOWE Z DORADZTWA ZAWODOWEGO &#8211; GR. III &#8211; p. M. Olczak<\/a><\/strong><\/p>\n\n\n\n<p><strong><a href=\"https:\/\/troczewski2.pl\/wp-content\/uploads\/2025\/10\/harmonogram-wsparcia-zaj.-indyw.-z-psychopogiem-Iwona-Cwiklinska.pdf\">HARMONOGRAM WSPARCIA W PROJEKCIE &#8211; ZAJ\u0118<\/a><a href=\"https:\/\/troczewski2.pl\/wp-content\/uploads\/2025\/11\/harmonogram-wsparcia-zaj.-indyw.-z-pedagogiem-Iwona-Cwiklinska.pdf\">CIA INDYWIDUALNE Z P<\/a><a href=\"https:\/\/troczewski2.pl\/wp-content\/uploads\/2026\/03\/harmonogram-wsparcia-zaj.-indyw.-z-pedagogiem-Iwona-Cwiklinska.pdf\">SYCHOLOGIEM &#8211; p. I. \u0106wikli\u0144ska<\/a><\/strong><\/p>\n\n\n\n<p><strong>H<\/strong><a href=\"https:\/\/troczewski2.pl\/wp-content\/uploads\/2025\/10\/harmonogram-wsparcia-zaj.-grupowe-z-psychologiem-grupa-IV-I.-Cwiklinska.pdf\"><strong>ARMONOGRAM WSPARCIA W PROJEKCIE &#8211;<\/strong> <strong>ZAJ\u0118CIA GRUPOWE Z PSYCHOLOGIEM &#8211; GR. IV &#8211; p. I. \u0106wikli\u0144ska<\/strong><\/a><\/p>\n\n\n\n<p><strong>H<a href=\"https:\/\/troczewski2.pl\/wp-content\/uploads\/2025\/10\/harmonogram-wsparcia-zajecia-z-matematyki-grupa-5-p.-M.-K-SZ.pdf\">ARMONOGRAM WSPARCIA W PROJEKCIE &#8211; MATEMATYKA &#8211; GR. V &#8211; p. M. Kajszczarek &#8211; Szychowska<\/a><\/strong><\/p>\n\n\n\n<p><strong><a href=\"https:\/\/troczewski2.pl\/wp-content\/uploads\/2026\/01\/harmonogram-wsparcia-zajecia-z-matematyki-gr-IV-p.-A.-Rutkowska.pdf\">H<\/a><a href=\"https:\/\/troczewski2.pl\/wp-content\/uploads\/2026\/05\/harmonogram-wsparcia-zajA&#x2122;cia-z-matematyki-gr-IV-p.-A.-Rutkowska.pdf\">ARMONOGRAM WSPARCIA W PROJEKCIE &#8211; MATEMATYKA &#8211; gr. IV &#8211; p. A. Rutkowska<\/a><\/strong><\/p>\n\n\n\n<p><strong><a href=\"https:\/\/troczewski2.pl\/wp-content\/uploads\/2025\/10\/Harmonogram-wsparcia-matematyka-grupa-II-p.-R.-Pszybysz-Bzdziel.pdf\">HARMONOGRAM WSPARCIA W PROJE<\/a><a href=\"https:\/\/troczewski2.pl\/wp-content\/uploads\/2025\/11\/Harmonogram-wsparcia-matematyka-gr-II-p.-Regina-Przybysz-Bzdziel.pdf\">KCIE &#8211; MATEMATYKA &#8211; gr. II &#8211; p. R. Przybysz &#8211; Bzdziel<\/a><\/strong><\/p>\n\n\n\n<p><strong><a href=\"https:\/\/troczewski2.pl\/wp-content\/uploads\/2025\/09\/harmonogram-wsparcia-zajecia-z-informatyki-gr-1-p.-A.-Flisiuk.pdf\">H<\/a><a href=\"https:\/\/troczewski2.pl\/wp-content\/uploads\/2025\/11\/harmonogram-wsparcia-zajecia-z-informatyki-gr-1-p.-A.-Flisiuk.pdf\">ARMONOGRAM WSPARCIA W PROJEKCIE &#8211; ZAJ\u0118CIA Z INFORMATYKI -P. FLISIUK &#8211; GR. I<\/a><\/strong><\/p>\n\n\n\n<p><strong><a href=\"https:\/\/troczewski2.pl\/wp-content\/uploads\/2025\/11\/harmonogram-wsparcia-zajecia-z-informatyki-gr-2-p.-A.-Flisiuk-1.pdf\">HARMONOGRAM WSPARCIA W PROJEKCIE &#8211; ZAJ\u0118CIA Z INFORMATYKI -P. FLISIUK &#8211; GR. II<\/a><\/strong><\/p>\n\n\n\n<p><a href=\"https:\/\/troczewski2.pl\/wp-content\/uploads\/2025\/10\/Harmonogram-wsparcia-zajecia-indywidualne-DZ-grupa-2-p.-M.-Olczak.pdf\"><strong>HARMONOGRAM WSPARCIA W PROJEKCIE &#8211; ZAJ\u0118CIA INDYWIDUALNE Z<\/strong><\/a><a href=\"https:\/\/troczewski2.pl\/wp-content\/uploads\/2025\/10\/Harmonogram-wsparcia-zajecia-indywidualne-DZ-grupa-2-p.-M.-Olczak-2-1.pdf\"><strong> DORADZT<\/strong><\/a><a href=\"https:\/\/troczewski2.pl\/wp-content\/uploads\/2026\/01\/Harmonogram-wsparcia-zajecia-indywidualne-DZ-grupa-2-p.-M.-Olczak.pdf\"><strong>WA ZAWODOWEG<\/strong><\/a><a href=\"https:\/\/troczewski2.pl\/wp-content\/uploads\/2026\/03\/Harmonogram-wsparcia-zajA&#x2122;cia-indywidualne-DZ-grupa-2-p.-M.-Olczak.pdf\"><strong>O<\/strong> &#8211; p. M. Olczak<\/a> &#8211; gr.2<\/p>\n\n\n\n<p><a href=\"https:\/\/troczewski2.pl\/wp-content\/uploads\/2025\/11\/harmonogram-wsparcia-zajecia-dodatkowe-z-chemii.pdf\"><strong>HARMONOGRAM WSPARCIA W PROJEKCIE &#8211; ZAJ\u0118CIE DODATKOWE Z CHEMII &#8211; GR.I<\/strong> <\/a>&#8211; p. E. Olejniczak<\/p>\n\n\n\n<p><strong><a href=\"http:\/\/ploads\/2026\/04\/harmonogram-wsparcia-kurs-j.-angielskiego-dla-nauczycieli-6.pdf\">HARMONOGRAM WSPARCIA W PROJEKCIE &#8211; KURS J\u0118ZYKA ANGIELSKIEGO <\/a><a href=\"https:\/\/troczewski2.pl\/wp-content\/uploads\/2026\/05\/harmonogram-wsparcia-kurs-j.-angielskiego-dla-nauczycieli-2.pdf\">DLA NAUCZYCIELI<\/a><\/strong><\/p>\n\n\n\n<p><strong><a href=\"https:\/\/troczewski2.pl\/wp-content\/uploads\/2025\/07\/harmonogram-prawo-jazdy-kat-B-gr-I-2.pdf\">HARMONOGRAM UDZIELANIA WSPARCIA  W PROJEKCIE &#8211; KURS PRAWA JAZDY KAT. B &#8211;  gr. I<\/a><\/strong><\/p>\n\n\n\n<p><a href=\"https:\/\/troczewski2.pl\/wp-content\/uploads\/2026\/02\/harmonogram-prawo-jazdy-II-grupa.pdf\"><strong>HARMONOGRAM UDZIELANIA WSPARCIA W&nbsp;PROJEKCIE \u2013 KURS PRAWA JAZDY KAT. B \u2013 gr. I<\/strong>I<\/a><\/p>\n\n\n\n<p><strong><a href=\"https:\/\/troczewski2.pl\/wp-content\/uploads\/2025\/04\/harmonogram-wsparcia-Kurs-na-operatora-podestw-ruchomych.pdf\">HARMONOGRAM UDZIELANIA WSPARCIA W PROJEKCIE &#8211; KURS OPERATORA PODEST\u00d3W RUCHOMYCH &#8211; GR.I<\/a><\/strong><\/p>\n\n\n\n<p><a href=\"https:\/\/troczewski2.pl\/wp-content\/uploads\/2025\/03\/harmonogram-wsparcia-zajecia-grupowe-DZ-gr.-I-p-.-M.-Olczak.pdf\"><strong>HARMONOGRAM UDZIELANIA WSPARCIA W PROJEKCIE &#8211; ZAJ\u0118CIA GRUPOWE Z DORADZTWA ZAWODOWEGO<\/strong> &#8211; gr I<\/a> -p. M. Olczak<\/p>\n\n\n\n<p><strong><a href=\"https:\/\/troczewski2.pl\/wp-content\/uploads\/2025\/10\/Harmonogram-wsparcia-zajecia-indywidualne-DZ-grupa-2-p.-M.-Olczak-2.pdf\">HARMONOGRAM UDZIELANIA WSPARCIA W PROJEKCIE &#8211; ZAJ\u0118CIA GRUPOWE Z DORADZTWA ZAWODOWEGO<\/a><\/strong> &#8211; gr II &#8211; p. M. Olczak<\/p>\n\n\n\n<p><a href=\"https:\/\/troczewski2.pl\/wp-content\/uploads\/2026\/03\/harmonogram-wsparcia-zajA&#x2122;cia-indywidualne-DZ-grupa-1-p.-M.-Olczak.pdf\"> <strong>HARMONOGRAM UDZIELANIA WSPARCIA W PROJEKCIE &#8211; ZAJ\u0118CIA INDYWIDUALNE Z DORADZTWA ZAWODOWEGO <\/strong>&#8211;<\/a> p. M. Olczak &#8211; gr.1<\/p>\n\n\n\n<p><strong><a href=\"https:\/\/troczewski2.pl\/wp-content\/uploads\/2025\/03\/harmonogram-wsparcia-Kurs-obslugi-drona.pdf\">HARMONOGRAM UDZIELANIA WSPARCIA W PROJEKCIE &#8211; KURS OBS\u0141UGI DRONA<\/a><\/strong><\/p>\n\n\n\n<p><strong><a href=\"https:\/\/troczewski2.pl\/wp-content\/uploads\/2025\/03\/harmonogram-wsparcia-Kurs-suwnice-i-wzki.pdf\">HARMONOGRAM UDZIELANIA WSPARCIA W PROJEKCIE &#8211; KURS OPERATORA W\u00d3ZK\u00d3W JEZDNIOWYCH PODNO\u015aNIKOWYCH, KURS OPERATORA SUWNIC<\/a><\/strong><\/p>\n\n\n\n<p><strong><a href=\"https:\/\/troczewski2.pl\/wp-content\/uploads\/2025\/02\/harmonogram-wsparcia-Kurs-stewardessy-i-stewarda.pdf\">HARMONOGRAM UDZIELANIA WSPARCIA W PROJEKCIE &#8211; KURS STEWRARDESSY I STEWARDA<\/a><\/strong><\/p>\n\n\n\n<p><a href=\"https:\/\/troczewski2.pl\/wp-content\/uploads\/2025\/11\/harmonogram-wsparcia-jezyk-angielski-p.-P.-Malas-1.pdf\"><strong>HARMONOGRAM UDZIELANIA WSPARCIA W PROJEKCIE &#8211; J\u0118ZYK ANGIELSKI<\/strong> &#8211; p. P. Ma\u0142as<\/a><\/p>\n\n\n\n<p><strong><a href=\"https:\/\/troczewski2.pl\/wp-content\/uploads\/2026\/02\/Harmonogram-wsparcia-zajecia-indywidualne-pomoc-psych-ped-p.-B.-Justynska-3.pdf\" data-type=\"page\">HARMONOGRAM UDZIELANIA WSPARCIA W PROJEKCIE &#8211; ZAJ\u0118CIA INDYWIDUAL<\/a><a href=\"https:\/\/troczewski2.pl\/wp-content\/uploads\/2026\/03\/Harmonogram-wsparcia-zajecia-indywidualne-pomoc-psych-ped-p.-B.-Justynska-2.pdf\" data-type=\"page\">NE Z PEDAGOGIEM &#8211; P. JUSTY\u0143SKA<\/a><\/strong><\/p>\n\n\n\n<p><strong><a href=\"https:\/\/troczewski2.pl\/wp-content\/uploads\/2025\/02\/harmonogram-wsparcia-zajecia-grupowe-gr-IV-p.-Justynska-1.pdf\">HARMONO<\/a><a href=\"https:\/\/troczewski2.pl\/wp-content\/uploads\/2025\/04\/harmonogram-wsparcia-zajecia-grupowe-gr-IV-p.-Justynska.pdf\">GRAM UDZIELANIA WSPARCIA W PROJEKCIE &#8211; ZAJ\u0118CIA Z PEDAGOGIEM &#8211; GRUPA IV <\/a><\/strong>&#8211; p. B. Justy\u0144ska<\/p>\n\n\n\n<p><strong><a href=\"https:\/\/troczewski2.pl\/wp-content\/uploads\/2025\/01\/harmonogram-udzielania-wsparcia-zajecia-z-matematyki-grupa-I.pdf\">HARMONOGRAM U<\/a><a href=\"https:\/\/troczewski2.pl\/wp-content\/uploads\/2025\/03\/harmonogram-wsparcia-zajecia-z-matematyki-p.-R.-Przybysz-Bzdziel2-1.pdf\">DZIELANIA WSPARCIA W PROJEKCIE &#8211; ZAJ\u0118CIA Z MATEMATYKI &#8211; GRUPA I<\/a><\/strong> &#8211; rok szk. 2024\/25<\/p>\n\n\n\n<p><strong><a href=\"https:\/\/troczewski2.pl\/wp-content\/uploads\/2026\/01\/harmonogram-wsparcia-zajecia-grupowe-grupa-II-p.-A.-Drazkiewicz-1.pdf\">HARMONOGRAM UDZIELANIA WSPARCIA W PROJEKCIE &#8211; PSYCHOLOG-PEDAGOG &#8211; ZAJ\u0118CIA DLA GRUPY II<\/a><\/strong> rok szk. 2024\/25<\/p>\n\n\n\n<p><a href=\"https:\/\/troczewski2.pl\/wp-content\/uploads\/2025\/05\/harmonogram-wsparcia-zajecia-proekologiczne-p.-Olejniczak-3.pdf\"><strong>HARMONOGRAM UDZIELANIA WSPARCIA W PROJ<\/strong><\/a><a href=\"https:\/\/troczewski2.pl\/wp-content\/uploads\/2025\/06\/harmonogram-wsparcia-zajecia-proekologiczne-p.-Olejniczak-1.pdf\"><strong>EKCIE &#8211; ZAJ\u0118CIA PROEKOLOGICZNE<\/strong> <\/a>&#8211; p. E. Olejniczak<\/p>\n\n\n\n<p><strong><a href=\"https:\/\/troczewski2.pl\/wp-content\/uploads\/2025\/02\/harmonogram-wsparcia-zajecia-proekologiczne-p.-Gapinska-1.pdf\">HARMONOGRAM UDZIELANIA WSPARCIA W PROJEKCIE &#8211; ZAJ\u0118CIA PROEKOLOGICZNE<\/a><\/strong> &#8211; p. K. Gapi\u0144ska<\/p>\n\n\n\n<p><strong><a href=\"https:\/\/troczewski2.pl\/wp-content\/uploads\/2025\/01\/harmonogram-wsparcia-studia-podyplomowe-2.pdf\">HARMONOGRAM UDZIELANIA WSPARCIA W PROJEKCIE &#8211; STUDIA PODYPLOMOWE<\/a><\/strong><\/p>\n\n\n\n<p><strong><em><a href=\"https:\/\/troczewski2.pl\/wp-content\/uploads\/2025\/09\/harmonogram-wsparcia-zajecia-przygotowujace-do-egzaminu-zawodowego-6.pdf\">HARMONOGRAM UDZIELANIA WSPARCIA W PROJEKCIE<\/a><\/em><\/strong> &#8211; ZAJ\u0118CIA PRZYGOTOWUJ\u0104CE DO EGZAMINU ZAWODOWEGO<\/p>\n\n\n\n<p><strong><a href=\"https:\/\/troczewski2.pl\/wp-content\/uploads\/2024\/12\/harmonogram-wsparcia-Zajecia-indywdualne-Mlodzi-logistycy-rok-2024.pdf\">HARMONOGRAM UDZIELANIA WSPARCIA W PROJEKCIE &#8211; PSYCHOLOG-PEDAGOG<\/a><\/strong> &#8211; rok szk. 2024\/25<\/p>\n\n\n\n<p><a href=\"https:\/\/troczewski2.pl\/wp-content\/uploads\/2024\/12\/harmonogram-zajecia-dla-grupy-I-logistycy.pdf\"><strong>HA<\/strong><\/a><strong><a href=\"https:\/\/troczewski2.pl\/wp-content\/uploads\/2025\/03\/harmonogram-wsparcia-zajecia-grupowe-grupa-I-p.-A.-Drazkiewicz.pdf\">RMONOGRAM UDZIELANIA WSPARCIA W PROJEKCIE &#8211; PSYCHOLOG-PEDAGOG &#8211; ZAJ\u0118CIA DLA GRUPY I<\/a><\/strong><\/p>\n\n\n\n<p><\/p>\n\n\n\n<div class=\"wp-block-file\"><object class=\"wp-block-file__embed\" data=\"https:\/\/troczewski2.pl\/wp-content\/uploads\/2024\/10\/Rozwo\u0301j_kompetencji_mlodych_logistyko\u0301w.pdf\" type=\"application\/pdf\" style=\"width:100%;height:600px\" aria-label=\"Osadzone z Rozwo\u0301j_kompetencji_mlodych_logistyko\u0301w.\"><\/object><a href=\"https:\/\/troczewski2.pl\/wp-content\/uploads\/2024\/10\/Rozwo\u0301j_kompetencji_mlodych_logistyko\u0301w.pdf\">Rozwo\u0301j_kompetencji_mlodych_logistyko\u0301w<\/a><a href=\"https:\/\/troczewski2.pl\/wp-content\/uploads\/2024\/10\/Rozwo\u0301j_kompetencji_mlodych_logistyko\u0301w.pdf\" class=\"wp-block-file__button\" download>Pobierz<\/a><\/div>\n","protected":false},"excerpt":{"rendered":"<p>DOKUMENTY DO POBRANIA ___________ HARMONOGRAM STA\u017bY HARMONOGRAM UDZIELANIA WSPARCIA W PROJEKCIE &#8211; ZAJ\u0118CIA INDYWIDUALNE Z DORADZTWA ZAWODOWEGO &#8211; GR. VI &#8211; p. A. Ostojska HARMONOGRAM UDZIELANIA WSPARCIA W PROJEKCIE &#8211; ZAJ\u0118CIA PROEKOLOGICZNE &#8211; GR. V &#8211; p. E. Olejniczak HARMONOGRAM UDZIELANIA WSPARCIA W&nbsp;PROJEKCIE \u2013 PSYCHOLOG-PEDAGOG \u2013 ZAJ\u0118CIA DLA GRUPY II &#8211; p. A. Dr\u0105\u017ckiewicz HARMONOGRAM [&hellip;]<\/p>\n","protected":false},"author":1,"featured_media":0,"parent":0,"menu_order":0,"comment_status":"closed","ping_status":"closed","template":"","meta":[],"_links":{"self":[{"href":"https:\/\/troczewski2.pl\/index.php\/wp-json\/wp\/v2\/pages\/8454"}],"collection":[{"href":"https:\/\/troczewski2.pl\/index.php\/wp-json\/wp\/v2\/pages"}],"about":[{"href":"https:\/\/troczewski2.pl\/index.php\/wp-json\/wp\/v2\/types\/page"}],"author":[{"embeddable":true,"href":"https:\/\/troczewski2.pl\/index.php\/wp-json\/wp\/v2\/users\/1"}],"replies":[{"embeddable":true,"href":"https:\/\/troczewski2.pl\/index.php\/wp-json\/wp\/v2\/comments?post=8454"}],"version-history":[{"count":164,"href":"https:\/\/troczewski2.pl\/index.php\/wp-json\/wp\/v2\/pages\/8454\/revisions"}],"predecessor-version":[{"id":13673,"href":"https:\/\/troczewski2.pl\/index.php\/wp-json\/wp\/v2\/pages\/8454\/revisions\/13673"}],"wp:attachment":[{"href":"https:\/\/troczewski2.pl\/index.php\/wp-json\/wp\/v2\/media?parent=8454"}],"curies":[{"name":"wp","href":"https:\/\/api.w.org\/{rel}","templated":true}]}}