{"id":8631,"date":"2024-12-02T14:48:08","date_gmt":"2024-12-02T13:48:08","guid":{"rendered":"https:\/\/troczewski2.pl\/?page_id=8631"},"modified":"2025-10-06T15:47:04","modified_gmt":"2025-10-06T13:47:04","slug":"projekt-akredytowany-erasmus","status":"publish","type":"page","link":"https:\/\/troczewski2.pl\/index.php\/projekt-akredytowany-erasmus\/","title":{"rendered":"Projekt akredytowany Erasmus+ 2024"},"content":{"rendered":"\n<figure class=\"wp-block-embed is-type-wp-embed is-provider-zespol-szkol-zawodowych-nr-2-im-dr-a-troczewskiego-w-kutnie wp-block-embed-zespol-szkol-zawodowych-nr-2-im-dr-a-troczewskiego-w-kutnie\"><div class=\"wp-block-embed__wrapper\">\n<div class=\"oceanwp-oembed-wrap clr\"><blockquote class=\"wp-embedded-content\" data-secret=\"SO6mOacbvg\"><a href=\"https:\/\/troczewski2.pl\/index.php\/2025\/06\/11\/podsumowanie-akredytowanego-projektu-nr-2024-1-pl01-ka121-vet-000205202-w-ramach-programu-erasmus-akcja-kluczowa-1-mobilnosc-edukacyjna-osob-dofinansowany-przez-unie-europejska\/\">Podsumowanie akredytowanego  projektu nr 2024-1-PL01-KA121-VET-000205202  w ramach programu Erasmus+, akcja kluczowa 1 :Mobilno\u015b\u0107 edukacyjna os\u00f3b. Dofinansowany przez Uni\u0119 Europejsk\u0105.<\/a><\/blockquote><iframe class=\"wp-embedded-content\" sandbox=\"allow-scripts\" security=\"restricted\" style=\"position: absolute; clip: rect(1px, 1px, 1px, 1px);\" title=\"&#8222;Podsumowanie akredytowanego  projektu nr 2024-1-PL01-KA121-VET-000205202  w ramach programu Erasmus+, akcja kluczowa 1 :Mobilno\u015b\u0107 edukacyjna os\u00f3b. Dofinansowany przez Uni\u0119 Europejsk\u0105.&#8221; &#8212; Zesp\u00f3\u0142 Szk\u00f3\u0142 Zawodowych Nr 2 im. dr. A. Troczewskiego w Kutnie.\" src=\"https:\/\/troczewski2.pl\/index.php\/2025\/06\/11\/podsumowanie-akredytowanego-projektu-nr-2024-1-pl01-ka121-vet-000205202-w-ramach-programu-erasmus-akcja-kluczowa-1-mobilnosc-edukacyjna-osob-dofinansowany-przez-unie-europejska\/embed\/#?secret=SO6mOacbvg\" data-secret=\"SO6mOacbvg\" width=\"600\" height=\"338\" frameborder=\"0\" marginwidth=\"0\" marginheight=\"0\" scrolling=\"no\"><\/iframe><\/div>\n<\/div><\/figure>\n\n\n\n<figure class=\"wp-block-embed is-type-wp-embed is-provider-zespol-szkol-zawodowych-nr-2-im-dr-a-troczewskiego-w-kutnie wp-block-embed-zespol-szkol-zawodowych-nr-2-im-dr-a-troczewskiego-w-kutnie\"><div class=\"wp-block-embed__wrapper\">\n<div class=\"oceanwp-oembed-wrap clr\"><blockquote class=\"wp-embedded-content\" data-secret=\"lX8NxgSvMd\"><a href=\"https:\/\/troczewski2.pl\/index.php\/2025\/05\/28\/akredytowany-projekt-nr-2024-1-pl01-ka121-vet-000205202-realizowany-w-ramach-projektu-erasmus\/\">Akredytowany projekt nr 2024-1-Pl01-KA121-VET-000205202 realizowany w ramach projektu Erasmus+.<\/a><\/blockquote><iframe class=\"wp-embedded-content\" sandbox=\"allow-scripts\" security=\"restricted\" style=\"position: absolute; clip: rect(1px, 1px, 1px, 1px);\" title=\"&#8222;Akredytowany projekt nr 2024-1-Pl01-KA121-VET-000205202 realizowany w ramach projektu Erasmus+.&#8221; &#8212; Zesp\u00f3\u0142 Szk\u00f3\u0142 Zawodowych Nr 2 im. dr. A. Troczewskiego w Kutnie.\" src=\"https:\/\/troczewski2.pl\/index.php\/2025\/05\/28\/akredytowany-projekt-nr-2024-1-pl01-ka121-vet-000205202-realizowany-w-ramach-projektu-erasmus\/embed\/#?secret=lX8NxgSvMd\" data-secret=\"lX8NxgSvMd\" width=\"600\" height=\"338\" frameborder=\"0\" marginwidth=\"0\" marginheight=\"0\" scrolling=\"no\"><\/iframe><\/div>\n<\/div><\/figure>\n\n\n\n<figure class=\"wp-block-embed is-type-wp-embed is-provider-zespol-szkol-zawodowych-nr-2-im-dr-a-troczewskiego-w-kutnie wp-block-embed-zespol-szkol-zawodowych-nr-2-im-dr-a-troczewskiego-w-kutnie\"><div class=\"wp-block-embed__wrapper\">\n<div class=\"oceanwp-oembed-wrap clr\"><blockquote class=\"wp-embedded-content\" data-secret=\"WwG8gwuTGU\"><a href=\"https:\/\/troczewski2.pl\/index.php\/2025\/05\/15\/pierwszy-tydzien-na-krecie-za-nami\/\">Pierwszy tydzie\u0144  na Krecie  za nami !!!<\/a><\/blockquote><iframe class=\"wp-embedded-content\" sandbox=\"allow-scripts\" security=\"restricted\" style=\"position: absolute; clip: rect(1px, 1px, 1px, 1px);\" title=\"&#8222;Pierwszy tydzie\u0144  na Krecie  za nami !!!&#8221; &#8212; Zesp\u00f3\u0142 Szk\u00f3\u0142 Zawodowych Nr 2 im. dr. A. Troczewskiego w Kutnie.\" src=\"https:\/\/troczewski2.pl\/index.php\/2025\/05\/15\/pierwszy-tydzien-na-krecie-za-nami\/embed\/#?secret=WwG8gwuTGU\" data-secret=\"WwG8gwuTGU\" width=\"600\" height=\"338\" frameborder=\"0\" marginwidth=\"0\" marginheight=\"0\" scrolling=\"no\"><\/iframe><\/div>\n<\/div><\/figure>\n\n\n\n<div class=\"wp-block-file\"><object class=\"wp-block-file__embed\" data=\"https:\/\/troczewski2.pl\/wp-content\/uploads\/2024\/12\/Wyniki-rekrutacji-lista-glowna-i-rezerwowa-nauczyciele-i-uczniowie.pdf\" type=\"application\/pdf\" style=\"width:100%;height:600px\" aria-label=\"Osadzone z Wyniki-rekrutacji-lista-glowna-i-rezerwowa-nauczyciele-i-uczniowie.\"><\/object><a href=\"https:\/\/troczewski2.pl\/wp-content\/uploads\/2024\/12\/Wyniki-rekrutacji-lista-glowna-i-rezerwowa-nauczyciele-i-uczniowie.pdf\">Wyniki-rekrutacji-lista-glowna-i-rezerwowa-nauczyciele-i-uczniowie<\/a><a href=\"https:\/\/troczewski2.pl\/wp-content\/uploads\/2024\/12\/Wyniki-rekrutacji-lista-glowna-i-rezerwowa-nauczyciele-i-uczniowie.pdf\" class=\"wp-block-file__button\" download>Pobierz<\/a><\/div>\n\n\n\n<figure class=\"wp-block-image size-large\"><img width=\"724\" height=\"1024\" src=\"https:\/\/troczewski2.pl\/wp-content\/uploads\/2024\/12\/Artykul-na-strone-szkoly-724x1024.jpg\" alt=\"\" class=\"wp-image-8632\" srcset=\"https:\/\/troczewski2.pl\/wp-content\/uploads\/2024\/12\/Artykul-na-strone-szkoly-724x1024.jpg 724w, https:\/\/troczewski2.pl\/wp-content\/uploads\/2024\/12\/Artykul-na-strone-szkoly-212x300.jpg 212w, https:\/\/troczewski2.pl\/wp-content\/uploads\/2024\/12\/Artykul-na-strone-szkoly-768x1086.jpg 768w, https:\/\/troczewski2.pl\/wp-content\/uploads\/2024\/12\/Artykul-na-strone-szkoly-1086x1536.jpg 1086w, https:\/\/troczewski2.pl\/wp-content\/uploads\/2024\/12\/Artykul-na-strone-szkoly-1448x2048.jpg 1448w, https:\/\/troczewski2.pl\/wp-content\/uploads\/2024\/12\/Artykul-na-strone-szkoly.jpg 1654w\" sizes=\"(max-width: 724px) 100vw, 724px\" \/><\/figure>\n\n\n\n<figure class=\"wp-block-image size-large\"><img width=\"724\" height=\"1024\" src=\"https:\/\/troczewski2.pl\/wp-content\/uploads\/2024\/12\/ogloszenie-o-rekrutacji-UCZEN-724x1024.jpg\" alt=\"\" class=\"wp-image-8633\" srcset=\"https:\/\/troczewski2.pl\/wp-content\/uploads\/2024\/12\/ogloszenie-o-rekrutacji-UCZEN-724x1024.jpg 724w, https:\/\/troczewski2.pl\/wp-content\/uploads\/2024\/12\/ogloszenie-o-rekrutacji-UCZEN-212x300.jpg 212w, https:\/\/troczewski2.pl\/wp-content\/uploads\/2024\/12\/ogloszenie-o-rekrutacji-UCZEN-768x1086.jpg 768w, https:\/\/troczewski2.pl\/wp-content\/uploads\/2024\/12\/ogloszenie-o-rekrutacji-UCZEN-1086x1536.jpg 1086w, https:\/\/troczewski2.pl\/wp-content\/uploads\/2024\/12\/ogloszenie-o-rekrutacji-UCZEN-1448x2048.jpg 1448w, https:\/\/troczewski2.pl\/wp-content\/uploads\/2024\/12\/ogloszenie-o-rekrutacji-UCZEN.jpg 1654w\" sizes=\"(max-width: 724px) 100vw, 724px\" \/><\/figure>\n\n\n\n<figure class=\"wp-block-image size-large\"><img width=\"724\" height=\"1024\" src=\"https:\/\/troczewski2.pl\/wp-content\/uploads\/2024\/12\/ogloszenie-o-rekrutacji-NAUCZYCIEL-724x1024.jpg\" alt=\"\" class=\"wp-image-8634\" srcset=\"https:\/\/troczewski2.pl\/wp-content\/uploads\/2024\/12\/ogloszenie-o-rekrutacji-NAUCZYCIEL-724x1024.jpg 724w, https:\/\/troczewski2.pl\/wp-content\/uploads\/2024\/12\/ogloszenie-o-rekrutacji-NAUCZYCIEL-212x300.jpg 212w, https:\/\/troczewski2.pl\/wp-content\/uploads\/2024\/12\/ogloszenie-o-rekrutacji-NAUCZYCIEL-768x1086.jpg 768w, https:\/\/troczewski2.pl\/wp-content\/uploads\/2024\/12\/ogloszenie-o-rekrutacji-NAUCZYCIEL-1086x1536.jpg 1086w, https:\/\/troczewski2.pl\/wp-content\/uploads\/2024\/12\/ogloszenie-o-rekrutacji-NAUCZYCIEL-1448x2048.jpg 1448w, https:\/\/troczewski2.pl\/wp-content\/uploads\/2024\/12\/ogloszenie-o-rekrutacji-NAUCZYCIEL.jpg 1654w\" sizes=\"(max-width: 724px) 100vw, 724px\" \/><\/figure>\n\n\n\n<figure class=\"wp-block-image size-large\"><img width=\"724\" height=\"1024\" src=\"https:\/\/troczewski2.pl\/wp-content\/uploads\/2024\/12\/ff465cd19522dd232d0ef70f714f82aa-0-724x1024.jpg\" alt=\"\" class=\"wp-image-8635\" srcset=\"https:\/\/troczewski2.pl\/wp-content\/uploads\/2024\/12\/ff465cd19522dd232d0ef70f714f82aa-0-724x1024.jpg 724w, https:\/\/troczewski2.pl\/wp-content\/uploads\/2024\/12\/ff465cd19522dd232d0ef70f714f82aa-0-212x300.jpg 212w, https:\/\/troczewski2.pl\/wp-content\/uploads\/2024\/12\/ff465cd19522dd232d0ef70f714f82aa-0-768x1086.jpg 768w, https:\/\/troczewski2.pl\/wp-content\/uploads\/2024\/12\/ff465cd19522dd232d0ef70f714f82aa-0-1086x1536.jpg 1086w, https:\/\/troczewski2.pl\/wp-content\/uploads\/2024\/12\/ff465cd19522dd232d0ef70f714f82aa-0-1448x2048.jpg 1448w, https:\/\/troczewski2.pl\/wp-content\/uploads\/2024\/12\/ff465cd19522dd232d0ef70f714f82aa-0.jpg 1654w\" sizes=\"(max-width: 724px) 100vw, 724px\" \/><\/figure>\n\n\n\n<figure class=\"wp-block-image size-large\"><img width=\"724\" height=\"1024\" src=\"https:\/\/troczewski2.pl\/wp-content\/uploads\/2024\/12\/ff465cd19522dd232d0ef70f714f82aa-1-724x1024.jpg\" alt=\"\" class=\"wp-image-8636\" srcset=\"https:\/\/troczewski2.pl\/wp-content\/uploads\/2024\/12\/ff465cd19522dd232d0ef70f714f82aa-1-724x1024.jpg 724w, https:\/\/troczewski2.pl\/wp-content\/uploads\/2024\/12\/ff465cd19522dd232d0ef70f714f82aa-1-212x300.jpg 212w, https:\/\/troczewski2.pl\/wp-content\/uploads\/2024\/12\/ff465cd19522dd232d0ef70f714f82aa-1-768x1086.jpg 768w, https:\/\/troczewski2.pl\/wp-content\/uploads\/2024\/12\/ff465cd19522dd232d0ef70f714f82aa-1-1086x1536.jpg 1086w, https:\/\/troczewski2.pl\/wp-content\/uploads\/2024\/12\/ff465cd19522dd232d0ef70f714f82aa-1-1448x2048.jpg 1448w, https:\/\/troczewski2.pl\/wp-content\/uploads\/2024\/12\/ff465cd19522dd232d0ef70f714f82aa-1.jpg 1654w\" sizes=\"(max-width: 724px) 100vw, 724px\" \/><\/figure>\n\n\n\n<figure class=\"wp-block-image size-large\"><img width=\"724\" height=\"1024\" src=\"https:\/\/troczewski2.pl\/wp-content\/uploads\/2024\/12\/ff465cd19522dd232d0ef70f714f82aa-2-724x1024.jpg\" alt=\"\" class=\"wp-image-8637\" srcset=\"https:\/\/troczewski2.pl\/wp-content\/uploads\/2024\/12\/ff465cd19522dd232d0ef70f714f82aa-2-724x1024.jpg 724w, https:\/\/troczewski2.pl\/wp-content\/uploads\/2024\/12\/ff465cd19522dd232d0ef70f714f82aa-2-212x300.jpg 212w, https:\/\/troczewski2.pl\/wp-content\/uploads\/2024\/12\/ff465cd19522dd232d0ef70f714f82aa-2-768x1086.jpg 768w, https:\/\/troczewski2.pl\/wp-content\/uploads\/2024\/12\/ff465cd19522dd232d0ef70f714f82aa-2-1086x1536.jpg 1086w, https:\/\/troczewski2.pl\/wp-content\/uploads\/2024\/12\/ff465cd19522dd232d0ef70f714f82aa-2-1448x2048.jpg 1448w, https:\/\/troczewski2.pl\/wp-content\/uploads\/2024\/12\/ff465cd19522dd232d0ef70f714f82aa-2.jpg 1654w\" sizes=\"(max-width: 724px) 100vw, 724px\" \/><\/figure>\n\n\n\n<figure class=\"wp-block-image size-large\"><img width=\"724\" height=\"1024\" src=\"https:\/\/troczewski2.pl\/wp-content\/uploads\/2024\/12\/ff465cd19522dd232d0ef70f714f82aa-3-724x1024.jpg\" alt=\"\" class=\"wp-image-8638\" srcset=\"https:\/\/troczewski2.pl\/wp-content\/uploads\/2024\/12\/ff465cd19522dd232d0ef70f714f82aa-3-724x1024.jpg 724w, https:\/\/troczewski2.pl\/wp-content\/uploads\/2024\/12\/ff465cd19522dd232d0ef70f714f82aa-3-212x300.jpg 212w, https:\/\/troczewski2.pl\/wp-content\/uploads\/2024\/12\/ff465cd19522dd232d0ef70f714f82aa-3-768x1086.jpg 768w, https:\/\/troczewski2.pl\/wp-content\/uploads\/2024\/12\/ff465cd19522dd232d0ef70f714f82aa-3-1086x1536.jpg 1086w, https:\/\/troczewski2.pl\/wp-content\/uploads\/2024\/12\/ff465cd19522dd232d0ef70f714f82aa-3-1448x2048.jpg 1448w, https:\/\/troczewski2.pl\/wp-content\/uploads\/2024\/12\/ff465cd19522dd232d0ef70f714f82aa-3.jpg 1654w\" sizes=\"(max-width: 724px) 100vw, 724px\" \/><\/figure>\n\n\n\n<figure class=\"wp-block-image size-large\"><img width=\"724\" height=\"1024\" src=\"https:\/\/troczewski2.pl\/wp-content\/uploads\/2024\/12\/ff465cd19522dd232d0ef70f714f82aa-4-724x1024.jpg\" alt=\"\" class=\"wp-image-8639\" srcset=\"https:\/\/troczewski2.pl\/wp-content\/uploads\/2024\/12\/ff465cd19522dd232d0ef70f714f82aa-4-724x1024.jpg 724w, https:\/\/troczewski2.pl\/wp-content\/uploads\/2024\/12\/ff465cd19522dd232d0ef70f714f82aa-4-212x300.jpg 212w, https:\/\/troczewski2.pl\/wp-content\/uploads\/2024\/12\/ff465cd19522dd232d0ef70f714f82aa-4-768x1086.jpg 768w, https:\/\/troczewski2.pl\/wp-content\/uploads\/2024\/12\/ff465cd19522dd232d0ef70f714f82aa-4-1086x1536.jpg 1086w, https:\/\/troczewski2.pl\/wp-content\/uploads\/2024\/12\/ff465cd19522dd232d0ef70f714f82aa-4-1448x2048.jpg 1448w, https:\/\/troczewski2.pl\/wp-content\/uploads\/2024\/12\/ff465cd19522dd232d0ef70f714f82aa-4.jpg 1654w\" sizes=\"(max-width: 724px) 100vw, 724px\" \/><\/figure>\n\n\n\n<figure class=\"wp-block-image size-large\"><img width=\"724\" height=\"1024\" src=\"https:\/\/troczewski2.pl\/wp-content\/uploads\/2024\/12\/ff465cd19522dd232d0ef70f714f82aa-5-724x1024.jpg\" alt=\"\" class=\"wp-image-8640\" srcset=\"https:\/\/troczewski2.pl\/wp-content\/uploads\/2024\/12\/ff465cd19522dd232d0ef70f714f82aa-5-724x1024.jpg 724w, https:\/\/troczewski2.pl\/wp-content\/uploads\/2024\/12\/ff465cd19522dd232d0ef70f714f82aa-5-212x300.jpg 212w, https:\/\/troczewski2.pl\/wp-content\/uploads\/2024\/12\/ff465cd19522dd232d0ef70f714f82aa-5-768x1086.jpg 768w, https:\/\/troczewski2.pl\/wp-content\/uploads\/2024\/12\/ff465cd19522dd232d0ef70f714f82aa-5-1086x1536.jpg 1086w, https:\/\/troczewski2.pl\/wp-content\/uploads\/2024\/12\/ff465cd19522dd232d0ef70f714f82aa-5-1448x2048.jpg 1448w, https:\/\/troczewski2.pl\/wp-content\/uploads\/2024\/12\/ff465cd19522dd232d0ef70f714f82aa-5.jpg 1654w\" sizes=\"(max-width: 724px) 100vw, 724px\" \/><\/figure>\n\n\n\n<figure class=\"wp-block-image size-large\"><img width=\"724\" height=\"1024\" src=\"https:\/\/troczewski2.pl\/wp-content\/uploads\/2024\/12\/ff465cd19522dd232d0ef70f714f82aa-6-724x1024.jpg\" alt=\"\" class=\"wp-image-8641\" srcset=\"https:\/\/troczewski2.pl\/wp-content\/uploads\/2024\/12\/ff465cd19522dd232d0ef70f714f82aa-6-724x1024.jpg 724w, https:\/\/troczewski2.pl\/wp-content\/uploads\/2024\/12\/ff465cd19522dd232d0ef70f714f82aa-6-212x300.jpg 212w, https:\/\/troczewski2.pl\/wp-content\/uploads\/2024\/12\/ff465cd19522dd232d0ef70f714f82aa-6-768x1086.jpg 768w, https:\/\/troczewski2.pl\/wp-content\/uploads\/2024\/12\/ff465cd19522dd232d0ef70f714f82aa-6-1086x1536.jpg 1086w, https:\/\/troczewski2.pl\/wp-content\/uploads\/2024\/12\/ff465cd19522dd232d0ef70f714f82aa-6-1448x2048.jpg 1448w, https:\/\/troczewski2.pl\/wp-content\/uploads\/2024\/12\/ff465cd19522dd232d0ef70f714f82aa-6.jpg 1654w\" sizes=\"(max-width: 724px) 100vw, 724px\" \/><\/figure>\n","protected":false},"excerpt":{"rendered":"","protected":false},"author":1,"featured_media":0,"parent":0,"menu_order":0,"comment_status":"closed","ping_status":"closed","template":"","meta":[],"_links":{"self":[{"href":"https:\/\/troczewski2.pl\/index.php\/wp-json\/wp\/v2\/pages\/8631"}],"collection":[{"href":"https:\/\/troczewski2.pl\/index.php\/wp-json\/wp\/v2\/pages"}],"about":[{"href":"https:\/\/troczewski2.pl\/index.php\/wp-json\/wp\/v2\/types\/page"}],"author":[{"embeddable":true,"href":"https:\/\/troczewski2.pl\/index.php\/wp-json\/wp\/v2\/users\/1"}],"replies":[{"embeddable":true,"href":"https:\/\/troczewski2.pl\/index.php\/wp-json\/wp\/v2\/comments?post=8631"}],"version-history":[{"count":11,"href":"https:\/\/troczewski2.pl\/index.php\/wp-json\/wp\/v2\/pages\/8631\/revisions"}],"predecessor-version":[{"id":10393,"href":"https:\/\/troczewski2.pl\/index.php\/wp-json\/wp\/v2\/pages\/8631\/revisions\/10393"}],"wp:attachment":[{"href":"https:\/\/troczewski2.pl\/index.php\/wp-json\/wp\/v2\/media?parent=8631"}],"curies":[{"name":"wp","href":"https:\/\/api.w.org\/{rel}","templated":true}]}}