{"id":8800,"date":"2025-01-03T10:19:23","date_gmt":"2025-01-03T09:19:23","guid":{"rendered":"https:\/\/troczewski2.pl\/?page_id=8800"},"modified":"2025-01-03T11:38:56","modified_gmt":"2025-01-03T10:38:56","slug":"kurs-barmana-bezalkoholowego","status":"publish","type":"page","link":"https:\/\/troczewski2.pl\/index.php\/kurs-barmana-bezalkoholowego\/","title":{"rendered":"Kurs  barmana bezalkoholowego"},"content":{"rendered":"\n<p>Kurs barmana bezalkoholowego dla nauczycieli w ramach projektu \u201eKulinarne Kutno\u201d \u2013 podniesienie jako\u015bci kszta\u0142cenia zawodowego w ZSZ Nr 2 w Kutnie.<\/p>\n\n\n\n<p>Uczestnik kursu pozna\u0142: podstawowe terminy barma\u0144skie, potrafi wykona\u0107 koktajle ze \u015bwie\u017cych owoc\u00f3w, koktajle bezalkoholowe, potrafi udekorowa\u0107 przygotowany nap\u00f3j.<\/p>\n\n\n\n<figure class=\"wp-block-gallery columns-3 is-cropped\"><ul class=\"blocks-gallery-grid\"><li class=\"blocks-gallery-item\"><figure><img width=\"461\" height=\"1024\" src=\"https:\/\/troczewski2.pl\/wp-content\/uploads\/2025\/01\/Bez-nazwy-461x1024.jpg\" alt=\"\" data-id=\"8798\" data-full-url=\"https:\/\/troczewski2.pl\/wp-content\/uploads\/2025\/01\/Bez-nazwy.jpg\" data-link=\"https:\/\/troczewski2.pl\/index.php\/kulinarne-kutno\/bez-nazwy-2\/\" class=\"wp-image-8798\" srcset=\"https:\/\/troczewski2.pl\/wp-content\/uploads\/2025\/01\/Bez-nazwy-461x1024.jpg 461w, https:\/\/troczewski2.pl\/wp-content\/uploads\/2025\/01\/Bez-nazwy-135x300.jpg 135w, https:\/\/troczewski2.pl\/wp-content\/uploads\/2025\/01\/Bez-nazwy-768x1708.jpg 768w, https:\/\/troczewski2.pl\/wp-content\/uploads\/2025\/01\/Bez-nazwy-691x1536.jpg 691w, https:\/\/troczewski2.pl\/wp-content\/uploads\/2025\/01\/Bez-nazwy.jpg 921w\" sizes=\"(max-width: 461px) 100vw, 461px\" \/><\/figure><\/li><li class=\"blocks-gallery-item\"><figure><img width=\"461\" height=\"1024\" src=\"https:\/\/troczewski2.pl\/wp-content\/uploads\/2025\/01\/Bez-nazwy1-461x1024.jpg\" alt=\"\" data-id=\"8797\" data-full-url=\"https:\/\/troczewski2.pl\/wp-content\/uploads\/2025\/01\/Bez-nazwy1.jpg\" data-link=\"https:\/\/troczewski2.pl\/index.php\/kulinarne-kutno\/bez-nazwy1-2\/\" class=\"wp-image-8797\" srcset=\"https:\/\/troczewski2.pl\/wp-content\/uploads\/2025\/01\/Bez-nazwy1-461x1024.jpg 461w, https:\/\/troczewski2.pl\/wp-content\/uploads\/2025\/01\/Bez-nazwy1-135x300.jpg 135w, https:\/\/troczewski2.pl\/wp-content\/uploads\/2025\/01\/Bez-nazwy1-768x1708.jpg 768w, https:\/\/troczewski2.pl\/wp-content\/uploads\/2025\/01\/Bez-nazwy1-691x1536.jpg 691w, https:\/\/troczewski2.pl\/wp-content\/uploads\/2025\/01\/Bez-nazwy1.jpg 921w\" sizes=\"(max-width: 461px) 100vw, 461px\" \/><\/figure><\/li><li class=\"blocks-gallery-item\"><figure><img width=\"461\" height=\"1024\" src=\"https:\/\/troczewski2.pl\/wp-content\/uploads\/2025\/01\/Bez-nazwy2-461x1024.jpg\" alt=\"\" data-id=\"8796\" data-full-url=\"https:\/\/troczewski2.pl\/wp-content\/uploads\/2025\/01\/Bez-nazwy2.jpg\" data-link=\"https:\/\/troczewski2.pl\/index.php\/kulinarne-kutno\/bez-nazwy2-2\/\" class=\"wp-image-8796\" srcset=\"https:\/\/troczewski2.pl\/wp-content\/uploads\/2025\/01\/Bez-nazwy2-461x1024.jpg 461w, https:\/\/troczewski2.pl\/wp-content\/uploads\/2025\/01\/Bez-nazwy2-135x300.jpg 135w, https:\/\/troczewski2.pl\/wp-content\/uploads\/2025\/01\/Bez-nazwy2-768x1708.jpg 768w, https:\/\/troczewski2.pl\/wp-content\/uploads\/2025\/01\/Bez-nazwy2-691x1536.jpg 691w, https:\/\/troczewski2.pl\/wp-content\/uploads\/2025\/01\/Bez-nazwy2.jpg 921w\" sizes=\"(max-width: 461px) 100vw, 461px\" \/><\/figure><\/li><li class=\"blocks-gallery-item\"><figure><img width=\"461\" height=\"1024\" src=\"https:\/\/troczewski2.pl\/wp-content\/uploads\/2025\/01\/Bez-nazwy3-461x1024.jpg\" alt=\"\" data-id=\"8795\" data-full-url=\"https:\/\/troczewski2.pl\/wp-content\/uploads\/2025\/01\/Bez-nazwy3.jpg\" data-link=\"https:\/\/troczewski2.pl\/index.php\/kulinarne-kutno\/bez-nazwy3\/\" class=\"wp-image-8795\" srcset=\"https:\/\/troczewski2.pl\/wp-content\/uploads\/2025\/01\/Bez-nazwy3-461x1024.jpg 461w, https:\/\/troczewski2.pl\/wp-content\/uploads\/2025\/01\/Bez-nazwy3-135x300.jpg 135w, https:\/\/troczewski2.pl\/wp-content\/uploads\/2025\/01\/Bez-nazwy3-768x1708.jpg 768w, https:\/\/troczewski2.pl\/wp-content\/uploads\/2025\/01\/Bez-nazwy3-691x1536.jpg 691w, https:\/\/troczewski2.pl\/wp-content\/uploads\/2025\/01\/Bez-nazwy3.jpg 921w\" sizes=\"(max-width: 461px) 100vw, 461px\" \/><\/figure><\/li><li class=\"blocks-gallery-item\"><figure><img width=\"461\" height=\"1024\" src=\"https:\/\/troczewski2.pl\/wp-content\/uploads\/2025\/01\/Bez-nazwy4-461x1024.jpg\" alt=\"\" data-id=\"8794\" data-full-url=\"https:\/\/troczewski2.pl\/wp-content\/uploads\/2025\/01\/Bez-nazwy4.jpg\" data-link=\"https:\/\/troczewski2.pl\/index.php\/kulinarne-kutno\/bez-nazwy4\/\" class=\"wp-image-8794\" srcset=\"https:\/\/troczewski2.pl\/wp-content\/uploads\/2025\/01\/Bez-nazwy4-461x1024.jpg 461w, https:\/\/troczewski2.pl\/wp-content\/uploads\/2025\/01\/Bez-nazwy4-135x300.jpg 135w, https:\/\/troczewski2.pl\/wp-content\/uploads\/2025\/01\/Bez-nazwy4-768x1708.jpg 768w, https:\/\/troczewski2.pl\/wp-content\/uploads\/2025\/01\/Bez-nazwy4-691x1536.jpg 691w, https:\/\/troczewski2.pl\/wp-content\/uploads\/2025\/01\/Bez-nazwy4.jpg 921w\" sizes=\"(max-width: 461px) 100vw, 461px\" \/><\/figure><\/li><li class=\"blocks-gallery-item\"><figure><img width=\"461\" height=\"1024\" src=\"https:\/\/troczewski2.pl\/wp-content\/uploads\/2025\/01\/Bez-nazwy5-461x1024.jpg\" alt=\"\" data-id=\"8793\" data-full-url=\"https:\/\/troczewski2.pl\/wp-content\/uploads\/2025\/01\/Bez-nazwy5.jpg\" data-link=\"https:\/\/troczewski2.pl\/index.php\/kulinarne-kutno\/bez-nazwy5\/\" class=\"wp-image-8793\" srcset=\"https:\/\/troczewski2.pl\/wp-content\/uploads\/2025\/01\/Bez-nazwy5-461x1024.jpg 461w, https:\/\/troczewski2.pl\/wp-content\/uploads\/2025\/01\/Bez-nazwy5-135x300.jpg 135w, https:\/\/troczewski2.pl\/wp-content\/uploads\/2025\/01\/Bez-nazwy5-768x1708.jpg 768w, https:\/\/troczewski2.pl\/wp-content\/uploads\/2025\/01\/Bez-nazwy5-691x1536.jpg 691w, https:\/\/troczewski2.pl\/wp-content\/uploads\/2025\/01\/Bez-nazwy5.jpg 921w\" sizes=\"(max-width: 461px) 100vw, 461px\" \/><\/figure><\/li><li class=\"blocks-gallery-item\"><figure><img width=\"461\" height=\"1024\" src=\"https:\/\/troczewski2.pl\/wp-content\/uploads\/2025\/01\/Bez-nazwy6-461x1024.jpg\" alt=\"\" data-id=\"8792\" data-full-url=\"https:\/\/troczewski2.pl\/wp-content\/uploads\/2025\/01\/Bez-nazwy6.jpg\" data-link=\"https:\/\/troczewski2.pl\/index.php\/kulinarne-kutno\/bez-nazwy6\/\" class=\"wp-image-8792\" srcset=\"https:\/\/troczewski2.pl\/wp-content\/uploads\/2025\/01\/Bez-nazwy6-461x1024.jpg 461w, https:\/\/troczewski2.pl\/wp-content\/uploads\/2025\/01\/Bez-nazwy6-135x300.jpg 135w, https:\/\/troczewski2.pl\/wp-content\/uploads\/2025\/01\/Bez-nazwy6-768x1708.jpg 768w, https:\/\/troczewski2.pl\/wp-content\/uploads\/2025\/01\/Bez-nazwy6-691x1536.jpg 691w, https:\/\/troczewski2.pl\/wp-content\/uploads\/2025\/01\/Bez-nazwy6.jpg 921w\" sizes=\"(max-width: 461px) 100vw, 461px\" \/><\/figure><\/li><li class=\"blocks-gallery-item\"><figure><img width=\"461\" height=\"1024\" src=\"https:\/\/troczewski2.pl\/wp-content\/uploads\/2025\/01\/Bez-nazwy7-461x1024.jpg\" alt=\"\" data-id=\"8791\" data-full-url=\"https:\/\/troczewski2.pl\/wp-content\/uploads\/2025\/01\/Bez-nazwy7.jpg\" data-link=\"https:\/\/troczewski2.pl\/index.php\/kulinarne-kutno\/bez-nazwy7\/\" class=\"wp-image-8791\" srcset=\"https:\/\/troczewski2.pl\/wp-content\/uploads\/2025\/01\/Bez-nazwy7-461x1024.jpg 461w, https:\/\/troczewski2.pl\/wp-content\/uploads\/2025\/01\/Bez-nazwy7-135x300.jpg 135w, https:\/\/troczewski2.pl\/wp-content\/uploads\/2025\/01\/Bez-nazwy7-768x1708.jpg 768w, https:\/\/troczewski2.pl\/wp-content\/uploads\/2025\/01\/Bez-nazwy7-691x1536.jpg 691w, https:\/\/troczewski2.pl\/wp-content\/uploads\/2025\/01\/Bez-nazwy7.jpg 921w\" sizes=\"(max-width: 461px) 100vw, 461px\" \/><\/figure><\/li><li class=\"blocks-gallery-item\"><figure><img width=\"461\" height=\"1024\" src=\"https:\/\/troczewski2.pl\/wp-content\/uploads\/2025\/01\/Bez-nazwy8-461x1024.jpg\" alt=\"\" data-id=\"8790\" data-full-url=\"https:\/\/troczewski2.pl\/wp-content\/uploads\/2025\/01\/Bez-nazwy8.jpg\" data-link=\"https:\/\/troczewski2.pl\/index.php\/kulinarne-kutno\/bez-nazwy8\/\" class=\"wp-image-8790\" srcset=\"https:\/\/troczewski2.pl\/wp-content\/uploads\/2025\/01\/Bez-nazwy8-461x1024.jpg 461w, https:\/\/troczewski2.pl\/wp-content\/uploads\/2025\/01\/Bez-nazwy8-135x300.jpg 135w, https:\/\/troczewski2.pl\/wp-content\/uploads\/2025\/01\/Bez-nazwy8-768x1708.jpg 768w, https:\/\/troczewski2.pl\/wp-content\/uploads\/2025\/01\/Bez-nazwy8-691x1536.jpg 691w, https:\/\/troczewski2.pl\/wp-content\/uploads\/2025\/01\/Bez-nazwy8.jpg 921w\" sizes=\"(max-width: 461px) 100vw, 461px\" \/><\/figure><\/li><li class=\"blocks-gallery-item\"><figure><img width=\"461\" height=\"1024\" src=\"https:\/\/troczewski2.pl\/wp-content\/uploads\/2025\/01\/Bez-nazwy9-461x1024.jpg\" alt=\"\" data-id=\"8789\" data-full-url=\"https:\/\/troczewski2.pl\/wp-content\/uploads\/2025\/01\/Bez-nazwy9.jpg\" data-link=\"https:\/\/troczewski2.pl\/index.php\/kulinarne-kutno\/bez-nazwy9\/\" class=\"wp-image-8789\" srcset=\"https:\/\/troczewski2.pl\/wp-content\/uploads\/2025\/01\/Bez-nazwy9-461x1024.jpg 461w, https:\/\/troczewski2.pl\/wp-content\/uploads\/2025\/01\/Bez-nazwy9-135x300.jpg 135w, https:\/\/troczewski2.pl\/wp-content\/uploads\/2025\/01\/Bez-nazwy9-768x1708.jpg 768w, https:\/\/troczewski2.pl\/wp-content\/uploads\/2025\/01\/Bez-nazwy9-691x1536.jpg 691w, https:\/\/troczewski2.pl\/wp-content\/uploads\/2025\/01\/Bez-nazwy9.jpg 921w\" sizes=\"(max-width: 461px) 100vw, 461px\" \/><\/figure><\/li><li class=\"blocks-gallery-item\"><figure><img width=\"461\" height=\"1024\" src=\"https:\/\/troczewski2.pl\/wp-content\/uploads\/2025\/01\/Bez-nazwy10-461x1024.jpg\" alt=\"\" data-id=\"8787\" data-full-url=\"https:\/\/troczewski2.pl\/wp-content\/uploads\/2025\/01\/Bez-nazwy10.jpg\" data-link=\"https:\/\/troczewski2.pl\/index.php\/kulinarne-kutno\/bez-nazwy10\/\" class=\"wp-image-8787\" srcset=\"https:\/\/troczewski2.pl\/wp-content\/uploads\/2025\/01\/Bez-nazwy10-461x1024.jpg 461w, https:\/\/troczewski2.pl\/wp-content\/uploads\/2025\/01\/Bez-nazwy10-135x300.jpg 135w, https:\/\/troczewski2.pl\/wp-content\/uploads\/2025\/01\/Bez-nazwy10-768x1708.jpg 768w, https:\/\/troczewski2.pl\/wp-content\/uploads\/2025\/01\/Bez-nazwy10-691x1536.jpg 691w, https:\/\/troczewski2.pl\/wp-content\/uploads\/2025\/01\/Bez-nazwy10.jpg 921w\" sizes=\"(max-width: 461px) 100vw, 461px\" \/><\/figure><\/li><li class=\"blocks-gallery-item\"><figure><img width=\"1024\" height=\"510\" src=\"https:\/\/troczewski2.pl\/wp-content\/uploads\/2025\/01\/Bez-nazwy11-1024x510.jpg\" alt=\"\" data-id=\"8786\" data-full-url=\"https:\/\/troczewski2.pl\/wp-content\/uploads\/2025\/01\/Bez-nazwy11.jpg\" data-link=\"https:\/\/troczewski2.pl\/index.php\/kulinarne-kutno\/bez-nazwy11\/\" class=\"wp-image-8786\" srcset=\"https:\/\/troczewski2.pl\/wp-content\/uploads\/2025\/01\/Bez-nazwy11-1024x510.jpg 1024w, https:\/\/troczewski2.pl\/wp-content\/uploads\/2025\/01\/Bez-nazwy11-300x150.jpg 300w, https:\/\/troczewski2.pl\/wp-content\/uploads\/2025\/01\/Bez-nazwy11-768x383.jpg 768w, https:\/\/troczewski2.pl\/wp-content\/uploads\/2025\/01\/Bez-nazwy11.jpg 1324w\" sizes=\"(max-width: 1024px) 100vw, 1024px\" \/><\/figure><\/li><li class=\"blocks-gallery-item\"><figure><img width=\"461\" height=\"1024\" src=\"https:\/\/troczewski2.pl\/wp-content\/uploads\/2025\/01\/Bez-nazwy12-461x1024.jpg\" alt=\"\" data-id=\"8785\" data-full-url=\"https:\/\/troczewski2.pl\/wp-content\/uploads\/2025\/01\/Bez-nazwy12.jpg\" data-link=\"https:\/\/troczewski2.pl\/index.php\/kulinarne-kutno\/bez-nazwy12\/\" class=\"wp-image-8785\" srcset=\"https:\/\/troczewski2.pl\/wp-content\/uploads\/2025\/01\/Bez-nazwy12-461x1024.jpg 461w, https:\/\/troczewski2.pl\/wp-content\/uploads\/2025\/01\/Bez-nazwy12-135x300.jpg 135w, https:\/\/troczewski2.pl\/wp-content\/uploads\/2025\/01\/Bez-nazwy12-768x1708.jpg 768w, https:\/\/troczewski2.pl\/wp-content\/uploads\/2025\/01\/Bez-nazwy12-691x1536.jpg 691w, https:\/\/troczewski2.pl\/wp-content\/uploads\/2025\/01\/Bez-nazwy12.jpg 921w\" sizes=\"(max-width: 461px) 100vw, 461px\" \/><\/figure><\/li><li class=\"blocks-gallery-item\"><figure><img width=\"576\" height=\"1024\" src=\"https:\/\/troczewski2.pl\/wp-content\/uploads\/2025\/01\/Bez-nazwy13-576x1024.jpg\" alt=\"\" data-id=\"8784\" data-full-url=\"https:\/\/troczewski2.pl\/wp-content\/uploads\/2025\/01\/Bez-nazwy13.jpg\" data-link=\"https:\/\/troczewski2.pl\/index.php\/kulinarne-kutno\/bez-nazwy13\/\" class=\"wp-image-8784\" srcset=\"https:\/\/troczewski2.pl\/wp-content\/uploads\/2025\/01\/Bez-nazwy13-576x1024.jpg 576w, https:\/\/troczewski2.pl\/wp-content\/uploads\/2025\/01\/Bez-nazwy13-169x300.jpg 169w, https:\/\/troczewski2.pl\/wp-content\/uploads\/2025\/01\/Bez-nazwy13-768x1365.jpg 768w, https:\/\/troczewski2.pl\/wp-content\/uploads\/2025\/01\/Bez-nazwy13-864x1536.jpg 864w, https:\/\/troczewski2.pl\/wp-content\/uploads\/2025\/01\/Bez-nazwy13.jpg 1080w\" sizes=\"(max-width: 576px) 100vw, 576px\" \/><\/figure><\/li><li class=\"blocks-gallery-item\"><figure><img width=\"461\" height=\"1024\" src=\"https:\/\/troczewski2.pl\/wp-content\/uploads\/2025\/01\/Bez-nazwy14-461x1024.jpg\" alt=\"\" data-id=\"8783\" data-full-url=\"https:\/\/troczewski2.pl\/wp-content\/uploads\/2025\/01\/Bez-nazwy14.jpg\" data-link=\"https:\/\/troczewski2.pl\/index.php\/kulinarne-kutno\/bez-nazwy14\/\" class=\"wp-image-8783\" srcset=\"https:\/\/troczewski2.pl\/wp-content\/uploads\/2025\/01\/Bez-nazwy14-461x1024.jpg 461w, https:\/\/troczewski2.pl\/wp-content\/uploads\/2025\/01\/Bez-nazwy14-135x300.jpg 135w, https:\/\/troczewski2.pl\/wp-content\/uploads\/2025\/01\/Bez-nazwy14-768x1708.jpg 768w, https:\/\/troczewski2.pl\/wp-content\/uploads\/2025\/01\/Bez-nazwy14-691x1536.jpg 691w, https:\/\/troczewski2.pl\/wp-content\/uploads\/2025\/01\/Bez-nazwy14.jpg 921w\" sizes=\"(max-width: 461px) 100vw, 461px\" \/><\/figure><\/li><\/ul><\/figure>\n","protected":false},"excerpt":{"rendered":"<p>Kurs barmana bezalkoholowego dla nauczycieli w ramach projektu \u201eKulinarne Kutno\u201d \u2013 podniesienie jako\u015bci kszta\u0142cenia zawodowego w ZSZ Nr 2 w Kutnie. Uczestnik kursu pozna\u0142: podstawowe terminy barma\u0144skie, potrafi wykona\u0107 koktajle ze \u015bwie\u017cych owoc\u00f3w, koktajle bezalkoholowe, potrafi udekorowa\u0107 przygotowany nap\u00f3j.<\/p>\n","protected":false},"author":1,"featured_media":0,"parent":0,"menu_order":0,"comment_status":"closed","ping_status":"closed","template":"","meta":[],"_links":{"self":[{"href":"https:\/\/troczewski2.pl\/index.php\/wp-json\/wp\/v2\/pages\/8800"}],"collection":[{"href":"https:\/\/troczewski2.pl\/index.php\/wp-json\/wp\/v2\/pages"}],"about":[{"href":"https:\/\/troczewski2.pl\/index.php\/wp-json\/wp\/v2\/types\/page"}],"author":[{"embeddable":true,"href":"https:\/\/troczewski2.pl\/index.php\/wp-json\/wp\/v2\/users\/1"}],"replies":[{"embeddable":true,"href":"https:\/\/troczewski2.pl\/index.php\/wp-json\/wp\/v2\/comments?post=8800"}],"version-history":[{"count":2,"href":"https:\/\/troczewski2.pl\/index.php\/wp-json\/wp\/v2\/pages\/8800\/revisions"}],"predecessor-version":[{"id":8817,"href":"https:\/\/troczewski2.pl\/index.php\/wp-json\/wp\/v2\/pages\/8800\/revisions\/8817"}],"wp:attachment":[{"href":"https:\/\/troczewski2.pl\/index.php\/wp-json\/wp\/v2\/media?parent=8800"}],"curies":[{"name":"wp","href":"https:\/\/api.w.org\/{rel}","templated":true}]}}