{"id":9261,"date":"2025-03-05T10:14:48","date_gmt":"2025-03-05T09:14:48","guid":{"rendered":"https:\/\/troczewski2.pl\/?page_id=9261"},"modified":"2025-03-05T10:14:48","modified_gmt":"2025-03-05T09:14:48","slug":"program-poprawy-efektywnosci-ksztalcenia-z-jezyka-angielskiego","status":"publish","type":"page","link":"https:\/\/troczewski2.pl\/index.php\/program-poprawy-efektywnosci-ksztalcenia-z-jezyka-angielskiego\/","title":{"rendered":"PROGRAM POPRAWY EFEKTYWNO\u015aCI KSZTA\u0141CENIA Z J\u0118ZYKA ANGIELSKIEGO"},"content":{"rendered":"\n<div class=\"wp-block-file\"><object class=\"wp-block-file__embed\" data=\"https:\/\/troczewski2.pl\/wp-content\/uploads\/2025\/03\/Program-naprawczy-z-jezyka-angielskiego.pdf\" type=\"application\/pdf\" style=\"width:100%;height:600px\" aria-label=\"Osadzone z Program naprawczy z j\u0119zyka angielskiego.\"><\/object><a href=\"https:\/\/troczewski2.pl\/wp-content\/uploads\/2025\/03\/Program-naprawczy-z-jezyka-angielskiego.pdf\">Program naprawczy z j\u0119zyka angielskiego<\/a><a href=\"https:\/\/troczewski2.pl\/wp-content\/uploads\/2025\/03\/Program-naprawczy-z-jezyka-angielskiego.pdf\" class=\"wp-block-file__button\" download>Pobierz<\/a><\/div>\n","protected":false},"excerpt":{"rendered":"","protected":false},"author":1,"featured_media":0,"parent":0,"menu_order":0,"comment_status":"closed","ping_status":"closed","template":"","meta":[],"_links":{"self":[{"href":"https:\/\/troczewski2.pl\/index.php\/wp-json\/wp\/v2\/pages\/9261"}],"collection":[{"href":"https:\/\/troczewski2.pl\/index.php\/wp-json\/wp\/v2\/pages"}],"about":[{"href":"https:\/\/troczewski2.pl\/index.php\/wp-json\/wp\/v2\/types\/page"}],"author":[{"embeddable":true,"href":"https:\/\/troczewski2.pl\/index.php\/wp-json\/wp\/v2\/users\/1"}],"replies":[{"embeddable":true,"href":"https:\/\/troczewski2.pl\/index.php\/wp-json\/wp\/v2\/comments?post=9261"}],"version-history":[{"count":1,"href":"https:\/\/troczewski2.pl\/index.php\/wp-json\/wp\/v2\/pages\/9261\/revisions"}],"predecessor-version":[{"id":9263,"href":"https:\/\/troczewski2.pl\/index.php\/wp-json\/wp\/v2\/pages\/9261\/revisions\/9263"}],"wp:attachment":[{"href":"https:\/\/troczewski2.pl\/index.php\/wp-json\/wp\/v2\/media?parent=9261"}],"curies":[{"name":"wp","href":"https:\/\/api.w.org\/{rel}","templated":true}]}}